{"id":834,"date":"2025-01-03T20:52:42","date_gmt":"2025-01-03T20:52:42","guid":{"rendered":"https:\/\/www.kk-webdesign.eu\/?page_id=834"},"modified":"2026-02-03T14:23:02","modified_gmt":"2026-02-03T14:23:02","slug":"redesign","status":"publish","type":"page","link":"https:\/\/web.kkwebdesign.cz\/?page_id=834","title":{"rendered":"Redesign"},"content":{"rendered":"\t\t<div data-elementor-type=\"wp-page\" data-elementor-id=\"834\" class=\"elementor elementor-834\">\n\t\t\t\t<div class=\"elementor-element elementor-element-12dd158 e-con-full e-flex e-con e-parent\" data-id=\"12dd158\" data-element_type=\"container\" data-e-type=\"container\" data-settings=\"{&quot;background_background&quot;:&quot;gradient&quot;}\">\n\t\t<div class=\"elementor-element elementor-element-605b0814 e-flex e-con-boxed elementor-invisible e-con e-child\" data-id=\"605b0814\" data-element_type=\"container\" data-e-type=\"container\" data-settings=\"{&quot;animation&quot;:&quot;slideInUp&quot;,&quot;animation_delay&quot;:150}\">\n\t\t\t\t\t<div class=\"e-con-inner\">\n\t\t<div class=\"elementor-element elementor-element-618df6c4 e-con-full e-flex e-con e-child\" data-id=\"618df6c4\" data-element_type=\"container\" data-e-type=\"container\">\n\t\t\t\t<div class=\"elementor-element elementor-element-64ff84c3 elementor-widget elementor-widget-heading\" data-id=\"64ff84c3\" data-element_type=\"widget\" data-e-type=\"widget\" data-widget_type=\"heading.default\">\n\t\t\t\t\t<div class=\"elementor-heading-title elementor-size-default\">\ud83d\udcbb<\/div>\t\t\t\t<\/div>\n\t\t\t\t<div class=\"elementor-element elementor-element-2c718ea7 elementor-widget elementor-widget-heading\" data-id=\"2c718ea7\" data-element_type=\"widget\" data-e-type=\"widget\" data-widget_type=\"heading.default\">\n\t\t\t\t\t<h2 class=\"elementor-heading-title elementor-size-default\">Slu\u017eby<\/h2>\t\t\t\t<\/div>\n\t\t\t\t<\/div>\n\t\t\t\t\t<\/div>\n\t\t\t\t<\/div>\n\t\t\t\t<\/div>\n\t\t<div class=\"elementor-element elementor-element-64e204cf e-flex e-con-boxed elementor-invisible e-con e-parent\" data-id=\"64e204cf\" data-element_type=\"container\" data-e-type=\"container\" data-settings=\"{&quot;animation&quot;:&quot;fadeInUp&quot;}\">\n\t\t\t\t\t<div class=\"e-con-inner\">\n\t\t<div class=\"elementor-element elementor-element-7659edd8 e-con-full e-flex e-con e-child\" data-id=\"7659edd8\" data-element_type=\"container\" data-e-type=\"container\">\n\t\t\t\t<div class=\"elementor-element elementor-element-3f64c394 elementor-widget elementor-widget-text-editor\" data-id=\"3f64c394\" data-element_type=\"widget\" data-e-type=\"widget\" data-widget_type=\"text-editor.default\">\n\t\t\t\t\t\t\t\t\t<div class=\"flex max-w-full flex-col flex-grow\"><div class=\"min-h-8 text-message flex w-full flex-col items-end gap-2 whitespace-normal break-words text-start [.text-message+&amp;]:mt-5\" dir=\"auto\" data-message-author-role=\"assistant\" data-message-id=\"9e547661-ae3a-49e7-adea-a1ecdfc77cf4\" data-message-model-slug=\"gpt-4o\"><div class=\"flex w-full flex-col gap-1 empty:hidden first:pt-[3px]\"><div class=\"markdown prose w-full break-words dark:prose-invert light\"><p>Redesign webu je kl\u00ed\u010dov\u00fdm krokem k tomu, aby va\u0161e online prezentace dr\u017eela krok s dobou a reflektovala aktu\u00e1ln\u00ed pot\u0159eby va\u0161ich u\u017eivatel\u016f. Star\u0161\u00ed weby mohou p\u016fsobit zastarale, b\u00fdt m\u00e9n\u011b p\u0159ehledn\u00e9 nebo pomalej\u0161\u00ed, co\u017e \u010dasto vede k odchodu n\u00e1v\u0161t\u011bvn\u00edk\u016f a ni\u017e\u0161\u00ed konverzi.<\/p><p>Modern\u00ed a dob\u0159e navr\u017een\u00fd web m\u016f\u017ee v\u00fdrazn\u011b podpo\u0159it v\u00e1\u0161 r\u016fst &#8211; p\u0159il\u00e1k\u00e1 nov\u00e9 z\u00e1kazn\u00edky, zlep\u0161\u00ed u\u017eivatelskou zku\u0161enost a umo\u017en\u00ed snadn\u011bj\u0161\u00ed p\u0159\u00edstup k va\u0161im produkt\u016fm \u010di slu\u017eb\u00e1m. Nav\u00edc, d\u00edky optimalizaci a lep\u0161\u00ed struktu\u0159e, redesign zlep\u0161uje SEO a v\u00fdkon webu, co\u017e v\u00e1m pom\u016f\u017ee b\u00fdt l\u00e9pe vid\u011bt na internetu.<\/p><\/div><\/div><\/div><\/div>\t\t\t\t\t\t\t\t<\/div>\n\t\t\t\t<\/div>\n\t\t<div class=\"elementor-element elementor-element-283e0027 e-con-full e-flex e-con e-child\" data-id=\"283e0027\" data-element_type=\"container\" data-e-type=\"container\">\n\t\t\t\t<div class=\"elementor-element elementor-element-4fe0c63f elementor-widget elementor-widget-lottie\" data-id=\"4fe0c63f\" data-element_type=\"widget\" data-e-type=\"widget\" data-widget_type=\"lottie.default\">\n\t\t\t\t<div class=\"elementor-widget-container\">\n\t\t\t\t\t \t\t\t\t<\/div>\n\t\t\t\t<\/div>\n\t\t\t\t<\/div>\n\t\t\t\t\t<\/div>\n\t\t\t\t<\/div>\n\t\t<div class=\"elementor-element elementor-element-5dc1d6db e-flex e-con-boxed e-con e-parent\" data-id=\"5dc1d6db\" data-element_type=\"container\" data-e-type=\"container\">\n\t\t\t\t\t<div class=\"e-con-inner\">\n\t\t<div class=\"elementor-element elementor-element-449009ca e-con-full e-flex e-con e-child\" data-id=\"449009ca\" data-element_type=\"container\" data-e-type=\"container\">\n\t\t<div class=\"elementor-element elementor-element-7e2aa0e e-con-full e-flex e-con e-child\" data-id=\"7e2aa0e\" data-element_type=\"container\" data-e-type=\"container\">\n\t\t\t\t<div class=\"elementor-element elementor-element-4f631361 elementor-widget elementor-widget-heading\" data-id=\"4f631361\" data-element_type=\"widget\" data-e-type=\"widget\" data-widget_type=\"heading.default\">\n\t\t\t\t\t<div class=\"elementor-heading-title elementor-size-default\">\ud83d\udcc4<\/div>\t\t\t\t<\/div>\n\t\t\t\t<div class=\"elementor-element elementor-element-42d93380 elementor-widget elementor-widget-heading\" data-id=\"42d93380\" data-element_type=\"widget\" data-e-type=\"widget\" data-widget_type=\"heading.default\">\n\t\t\t\t\t<h2 class=\"elementor-heading-title elementor-size-default\">Ot\u00e1zky &amp; Odpov\u011bdi<\/h2>\t\t\t\t<\/div>\n\t\t\t\t<\/div>\n\t\t\t\t<\/div>\n\t\t<div class=\"elementor-element elementor-element-5e5dcf6 e-con-full e-flex e-con e-child\" data-id=\"5e5dcf6\" data-element_type=\"container\" data-e-type=\"container\">\n\t\t<div class=\"elementor-element elementor-element-6122b2a8 e-con-full e-flex e-con e-child\" data-id=\"6122b2a8\" data-element_type=\"container\" data-e-type=\"container\">\n\t\t\t\t<div class=\"elementor-element elementor-element-5e522fd0 elementor-widget__width-initial elementor-widget elementor-widget-heading\" data-id=\"5e522fd0\" data-element_type=\"widget\" data-e-type=\"widget\" data-widget_type=\"heading.default\">\n\t\t\t\t\t<p class=\"elementor-heading-title elementor-size-default\">01<\/p>\t\t\t\t<\/div>\n\t\t\t\t<\/div>\n\t\t<div class=\"elementor-element elementor-element-1e60d528 e-con-full e-flex e-con e-child\" data-id=\"1e60d528\" data-element_type=\"container\" data-e-type=\"container\">\n\t\t\t\t<div class=\"elementor-element elementor-element-24070421 elementor-widget__width-initial elementor-widget elementor-widget-heading\" data-id=\"24070421\" data-element_type=\"widget\" data-e-type=\"widget\" data-widget_type=\"heading.default\">\n\t\t\t\t\t<p class=\"elementor-heading-title elementor-size-default\">02<\/p>\t\t\t\t<\/div>\n\t\t\t\t<\/div>\n\t\t<div class=\"elementor-element elementor-element-102fe410 e-con-full e-flex e-con e-child\" data-id=\"102fe410\" data-element_type=\"container\" data-e-type=\"container\">\n\t\t\t\t<div class=\"elementor-element elementor-element-f7ccef4 elementor-widget__width-initial elementor-widget elementor-widget-heading\" data-id=\"f7ccef4\" data-element_type=\"widget\" data-e-type=\"widget\" data-widget_type=\"heading.default\">\n\t\t\t\t\t<p class=\"elementor-heading-title elementor-size-default\">03<\/p>\t\t\t\t<\/div>\n\t\t\t\t<\/div>\n\t\t<div class=\"elementor-element elementor-element-3447670a e-con-full e-flex e-con e-child\" data-id=\"3447670a\" data-element_type=\"container\" data-e-type=\"container\">\n\t\t\t\t<div class=\"elementor-element elementor-element-1c6b2c22 elementor-widget__width-initial elementor-widget elementor-widget-heading\" data-id=\"1c6b2c22\" data-element_type=\"widget\" data-e-type=\"widget\" data-widget_type=\"heading.default\">\n\t\t\t\t\t<p class=\"elementor-heading-title elementor-size-default\">04<\/p>\t\t\t\t<\/div>\n\t\t\t\t<\/div>\n\t\t<div class=\"elementor-element elementor-element-2319dde9 e-con-full e-flex e-con e-child\" data-id=\"2319dde9\" data-element_type=\"container\" data-e-type=\"container\">\n\t\t\t\t<div class=\"elementor-element elementor-element-2889be14 elementor-widget__width-initial elementor-widget elementor-widget-heading\" data-id=\"2889be14\" data-element_type=\"widget\" data-e-type=\"widget\" data-widget_type=\"heading.default\">\n\t\t\t\t\t<p class=\"elementor-heading-title elementor-size-default\">05<\/p>\t\t\t\t<\/div>\n\t\t\t\t<\/div>\n\t\t\t\t<\/div>\n\t\t\t\t\t<\/div>\n\t\t\t\t<\/div>\n\t\t\t\t<\/div>\n\t\t","protected":false},"excerpt":{"rendered":"<p>? Slu\u017eby Redesign webu Vylep\u0161\u00edm v\u00e1\u0161 web, aby odpov\u00eddal modern\u00edm trend\u016fm a va\u0161im aktu\u00e1ln\u00edm pot\u0159eb\u00e1m. Pro\u010d d\u011blat redesign webu? Redesign webu je kl\u00ed\u010dov\u00fdm krokem k tomu, aby va\u0161e online prezentace dr\u017eela krok s dobou a reflektovala aktu\u00e1ln\u00ed pot\u0159eby va\u0161ich u\u017eivatel\u016f. Star\u0161\u00ed weby mohou p\u016fsobit zastarale, b\u00fdt m\u00e9n\u011b p\u0159ehledn\u00e9 nebo pomalej\u0161\u00ed, co\u017e \u010dasto vede k odchodu [&hellip;]<\/p>\n","protected":false},"author":1,"featured_media":0,"parent":0,"menu_order":0,"comment_status":"closed","ping_status":"closed","template":"elementor_header_footer","meta":{"_acf_changed":false,"footnotes":""},"class_list":["post-834","page","type-page","status-publish","hentry"],"acf":[],"_links":{"self":[{"href":"https:\/\/web.kkwebdesign.cz\/index.php?rest_route=\/wp\/v2\/pages\/834","targetHints":{"allow":["GET"]}}],"collection":[{"href":"https:\/\/web.kkwebdesign.cz\/index.php?rest_route=\/wp\/v2\/pages"}],"about":[{"href":"https:\/\/web.kkwebdesign.cz\/index.php?rest_route=\/wp\/v2\/types\/page"}],"author":[{"embeddable":true,"href":"https:\/\/web.kkwebdesign.cz\/index.php?rest_route=\/wp\/v2\/users\/1"}],"replies":[{"embeddable":true,"href":"https:\/\/web.kkwebdesign.cz\/index.php?rest_route=%2Fwp%2Fv2%2Fcomments&post=834"}],"version-history":[{"count":0,"href":"https:\/\/web.kkwebdesign.cz\/index.php?rest_route=\/wp\/v2\/pages\/834\/revisions"}],"wp:attachment":[{"href":"https:\/\/web.kkwebdesign.cz\/index.php?rest_route=%2Fwp%2Fv2%2Fmedia&parent=834"}],"curies":[{"name":"wp","href":"https:\/\/api.w.org\/{rel}","templated":true}]}}