{"id":828,"date":"2025-01-03T20:32:12","date_gmt":"2025-01-03T20:32:12","guid":{"rendered":"https:\/\/www.kk-webdesign.eu\/?page_id=828"},"modified":"2026-02-04T12:42:22","modified_gmt":"2026-02-04T12:42:22","slug":"webdesign","status":"publish","type":"page","link":"https:\/\/web.kkwebdesign.cz\/?page_id=828","title":{"rendered":"Webdesign"},"content":{"rendered":"\t\t<div data-elementor-type=\"wp-page\" data-elementor-id=\"828\" class=\"elementor elementor-828\">\n\t\t\t\t<div class=\"elementor-element elementor-element-7edf527 e-con-full e-flex e-con e-parent\" data-id=\"7edf527\" data-element_type=\"container\" data-e-type=\"container\" data-settings=\"{&quot;background_background&quot;:&quot;gradient&quot;}\">\n\t\t<div class=\"elementor-element elementor-element-1ef3e51f e-flex e-con-boxed elementor-invisible e-con e-child\" data-id=\"1ef3e51f\" data-element_type=\"container\" data-e-type=\"container\" data-settings=\"{&quot;animation&quot;:&quot;slideInUp&quot;,&quot;animation_delay&quot;:150}\">\n\t\t\t\t\t<div class=\"e-con-inner\">\n\t\t<div class=\"elementor-element elementor-element-47272e15 e-con-full e-flex e-con e-child\" data-id=\"47272e15\" data-element_type=\"container\" data-e-type=\"container\">\n\t\t\t\t<div class=\"elementor-element elementor-element-3eeea079 elementor-widget elementor-widget-heading\" data-id=\"3eeea079\" data-element_type=\"widget\" data-e-type=\"widget\" data-widget_type=\"heading.default\">\n\t\t\t\t\t<div class=\"elementor-heading-title elementor-size-default\">\ud83d\udcbb<\/div>\t\t\t\t<\/div>\n\t\t\t\t<div class=\"elementor-element elementor-element-4c51276b elementor-widget elementor-widget-heading\" data-id=\"4c51276b\" data-element_type=\"widget\" data-e-type=\"widget\" data-widget_type=\"heading.default\">\n\t\t\t\t\t<h2 class=\"elementor-heading-title elementor-size-default\">Slu\u017eby<\/h2>\t\t\t\t<\/div>\n\t\t\t\t<\/div>\n\t\t\t\t\t<\/div>\n\t\t\t\t<\/div>\n\t\t\t\t<\/div>\n\t\t<div class=\"elementor-element elementor-element-2be15072 e-flex e-con-boxed elementor-invisible e-con e-parent\" data-id=\"2be15072\" data-element_type=\"container\" data-e-type=\"container\" data-settings=\"{&quot;animation&quot;:&quot;fadeInUp&quot;}\">\n\t\t\t\t\t<div class=\"e-con-inner\">\n\t\t<div class=\"elementor-element elementor-element-4da48f0 e-con-full e-flex e-con e-child\" data-id=\"4da48f0\" data-element_type=\"container\" data-e-type=\"container\">\n\t\t\t\t<div class=\"elementor-element elementor-element-2825ae37 elementor-widget elementor-widget-text-editor\" data-id=\"2825ae37\" data-element_type=\"widget\" data-e-type=\"widget\" data-widget_type=\"text-editor.default\">\n\t\t\t\t\t\t\t\t\t<div class=\"flex max-w-full flex-col flex-grow\"><div class=\"min-h-8 text-message flex w-full flex-col items-end gap-2 whitespace-normal break-words text-start [.text-message+&amp;]:mt-5\" dir=\"auto\" data-message-author-role=\"assistant\" data-message-id=\"67c23749-ecd5-4b45-90fb-5e6bea91cd8e\" data-message-model-slug=\"gpt-4o\"><div class=\"flex w-full flex-col gap-1 empty:hidden first:pt-[3px]\"><div class=\"markdown prose w-full break-words dark:prose-invert light\"><div class=\"flex-shrink-0 flex flex-col relative items-end\"><div><div class=\"pt-0\"><div class=\"gizmo-bot-avatar flex h-8 w-8 items-center justify-center overflow-hidden rounded-full\"><div class=\"relative p-1 rounded-sm flex items-center justify-center bg-token-main-surface-primary text-token-text-primary h-8 w-8\">Webdesign z\u00e1sadn\u011b ovliv\u0148uje prvn\u00ed dojem. N\u00e1v\u0161t\u011bvn\u00edci b\u011bhem p\u00e1r sekund rozhoduj\u00ed, zda na str\u00e1nce z\u016fstanou, nebo ji opust\u00ed. Kvalitn\u00ed design kombinuje atraktivn\u00ed vzhled s funk\u010dnost\u00ed a intuitivn\u00edm ovl\u00e1d\u00e1n\u00edm, \u010d\u00edm\u017e buduje d\u016fv\u011bru a zvy\u0161uje z\u00e1jem o va\u0161e slu\u017eby. Nep\u0159ehledn\u00fd nebo zastaral\u00fd web naopak m\u016f\u017ee snadno odradit.<\/div><div>\u00a0<\/div><\/div><\/div><\/div><\/div><p>Dob\u0159e navr\u017een\u00fd web nen\u00ed jen vizu\u00e1ln\u011b p\u0159\u00edjemn\u00fd, ale tak\u00e9 rychl\u00fd, responzivn\u00ed a snadno pou\u017eiteln\u00fd na v\u0161ech za\u0159\u00edzen\u00edch.\u00a0 Investice do kvalitn\u00edho webdesignu v\u00e1m zajist\u00ed nejen lep\u0161\u00ed prvn\u00ed dojem, ale tak\u00e9 dlouhodob\u00fd r\u016fst a konkuren\u010dn\u00ed v\u00fdhodu.<\/p><\/div><\/div><\/div><\/div>\t\t\t\t\t\t\t\t<\/div>\n\t\t\t\t<\/div>\n\t\t<div class=\"elementor-element elementor-element-21caf57e e-con-full e-flex e-con e-child\" data-id=\"21caf57e\" data-element_type=\"container\" data-e-type=\"container\">\n\t\t\t\t<div class=\"elementor-element elementor-element-54d396d3 elementor-widget elementor-widget-lottie\" data-id=\"54d396d3\" data-element_type=\"widget\" data-e-type=\"widget\" data-widget_type=\"lottie.default\">\n\t\t\t\t<div class=\"elementor-widget-container\">\n\t\t\t\t\t \t\t\t\t<\/div>\n\t\t\t\t<\/div>\n\t\t\t\t<\/div>\n\t\t\t\t\t<\/div>\n\t\t\t\t<\/div>\n\t\t<div class=\"elementor-element elementor-element-6fd0e991 e-flex e-con-boxed e-con e-parent\" data-id=\"6fd0e991\" data-element_type=\"container\" data-e-type=\"container\">\n\t\t\t\t\t<div class=\"e-con-inner\">\n\t\t<div class=\"elementor-element elementor-element-39b65e34 e-con-full e-flex e-con e-child\" data-id=\"39b65e34\" data-element_type=\"container\" data-e-type=\"container\">\n\t\t<div class=\"elementor-element elementor-element-64970c72 e-con-full e-flex e-con e-child\" data-id=\"64970c72\" data-element_type=\"container\" data-e-type=\"container\">\n\t\t\t\t<div class=\"elementor-element elementor-element-7807156e elementor-widget elementor-widget-heading\" data-id=\"7807156e\" data-element_type=\"widget\" data-e-type=\"widget\" data-widget_type=\"heading.default\">\n\t\t\t\t\t<div class=\"elementor-heading-title elementor-size-default\">\ud83d\udcc4<\/div>\t\t\t\t<\/div>\n\t\t\t\t<div class=\"elementor-element elementor-element-38fd5e3 elementor-widget elementor-widget-heading\" data-id=\"38fd5e3\" data-element_type=\"widget\" data-e-type=\"widget\" data-widget_type=\"heading.default\">\n\t\t\t\t\t<h2 class=\"elementor-heading-title elementor-size-default\">Ot\u00e1zky &amp; Odpov\u011bdi<\/h2>\t\t\t\t<\/div>\n\t\t\t\t<\/div>\n\t\t\t\t<\/div>\n\t\t<div class=\"elementor-element elementor-element-49372aa2 e-con-full e-flex e-con e-child\" data-id=\"49372aa2\" data-element_type=\"container\" data-e-type=\"container\">\n\t\t<div class=\"elementor-element elementor-element-5c9638a7 e-con-full e-flex e-con e-child\" data-id=\"5c9638a7\" data-element_type=\"container\" data-e-type=\"container\">\n\t\t\t\t<div class=\"elementor-element elementor-element-6987a696 elementor-widget__width-initial elementor-widget elementor-widget-heading\" data-id=\"6987a696\" data-element_type=\"widget\" data-e-type=\"widget\" data-widget_type=\"heading.default\">\n\t\t\t\t\t<p class=\"elementor-heading-title elementor-size-default\">01<\/p>\t\t\t\t<\/div>\n\t\t\t\t<\/div>\n\t\t<div class=\"elementor-element elementor-element-2c43e792 e-con-full e-flex e-con e-child\" data-id=\"2c43e792\" data-element_type=\"container\" data-e-type=\"container\">\n\t\t\t\t<div class=\"elementor-element elementor-element-6905bbf4 elementor-widget__width-initial elementor-widget elementor-widget-heading\" data-id=\"6905bbf4\" data-element_type=\"widget\" data-e-type=\"widget\" data-widget_type=\"heading.default\">\n\t\t\t\t\t<p class=\"elementor-heading-title elementor-size-default\">02<\/p>\t\t\t\t<\/div>\n\t\t\t\t<\/div>\n\t\t<div class=\"elementor-element elementor-element-6db98321 e-con-full e-flex e-con e-child\" data-id=\"6db98321\" data-element_type=\"container\" data-e-type=\"container\">\n\t\t\t\t<div class=\"elementor-element elementor-element-5626c6e5 elementor-widget__width-initial elementor-widget elementor-widget-heading\" data-id=\"5626c6e5\" data-element_type=\"widget\" data-e-type=\"widget\" data-widget_type=\"heading.default\">\n\t\t\t\t\t<p class=\"elementor-heading-title elementor-size-default\">03<\/p>\t\t\t\t<\/div>\n\t\t\t\t<\/div>\n\t\t<div class=\"elementor-element elementor-element-598afe65 e-con-full e-flex e-con e-child\" data-id=\"598afe65\" data-element_type=\"container\" data-e-type=\"container\">\n\t\t\t\t<div class=\"elementor-element elementor-element-44d70ea8 elementor-widget__width-initial elementor-widget elementor-widget-heading\" data-id=\"44d70ea8\" data-element_type=\"widget\" data-e-type=\"widget\" data-widget_type=\"heading.default\">\n\t\t\t\t\t<p class=\"elementor-heading-title elementor-size-default\">04<\/p>\t\t\t\t<\/div>\n\t\t\t\t<\/div>\n\t\t<div class=\"elementor-element elementor-element-f0cbe2b e-con-full e-flex e-con e-child\" data-id=\"f0cbe2b\" data-element_type=\"container\" data-e-type=\"container\">\n\t\t\t\t<div class=\"elementor-element elementor-element-c2f37fc elementor-widget__width-initial elementor-widget elementor-widget-heading\" data-id=\"c2f37fc\" data-element_type=\"widget\" data-e-type=\"widget\" data-widget_type=\"heading.default\">\n\t\t\t\t\t<p class=\"elementor-heading-title elementor-size-default\">05<\/p>\t\t\t\t<\/div>\n\t\t\t\t<\/div>\n\t\t<div class=\"elementor-element elementor-element-76d6498 e-con-full e-flex e-con e-child\" data-id=\"76d6498\" data-element_type=\"container\" data-e-type=\"container\">\n\t\t\t\t<div class=\"elementor-element elementor-element-7bcae731 elementor-widget__width-initial elementor-widget elementor-widget-heading\" data-id=\"7bcae731\" data-element_type=\"widget\" data-e-type=\"widget\" data-widget_type=\"heading.default\">\n\t\t\t\t\t<p class=\"elementor-heading-title elementor-size-default\">05<\/p>\t\t\t\t<\/div>\n\t\t\t\t<\/div>\n\t\t<div class=\"elementor-element elementor-element-131b7742 e-con-full e-flex e-con e-child\" data-id=\"131b7742\" data-element_type=\"container\" data-e-type=\"container\">\n\t\t\t\t<div class=\"elementor-element elementor-element-30c0395b elementor-widget__width-initial elementor-widget elementor-widget-heading\" data-id=\"30c0395b\" data-element_type=\"widget\" data-e-type=\"widget\" data-widget_type=\"heading.default\">\n\t\t\t\t\t<p class=\"elementor-heading-title elementor-size-default\">06<\/p>\t\t\t\t<\/div>\n\t\t\t\t<\/div>\n\t\t\t\t<\/div>\n\t\t\t\t\t<\/div>\n\t\t\t\t<\/div>\n\t\t\t\t<\/div>\n\t\t","protected":false},"excerpt":{"rendered":"<p>\ud83d\udcbb Slu\u017eby Webdesign Navrhnu atraktivn\u00ed a funk\u010dn\u00ed web, kter\u00fd skv\u011ble vypad\u00e1, je snadno ovladateln\u00fd a p\u0159izp\u016fsob\u00ed se pot\u0159eb\u00e1m u\u017eivatel\u016f. Pro\u010d m\u00edt kvalitn\u00ed webdesign? Webdesign z\u00e1sadn\u011b ovliv\u0148uje prvn\u00ed dojem. N\u00e1v\u0161t\u011bvn\u00edci b\u011bhem p\u00e1r sekund rozhoduj\u00ed, zda na str\u00e1nce z\u016fstanou, nebo ji opust\u00ed. Kvalitn\u00ed design kombinuje atraktivn\u00ed vzhled s funk\u010dnost\u00ed a intuitivn\u00edm ovl\u00e1d\u00e1n\u00edm, \u010d\u00edm\u017e buduje d\u016fv\u011bru a zvy\u0161uje [&hellip;]<\/p>\n","protected":false},"author":1,"featured_media":0,"parent":0,"menu_order":0,"comment_status":"closed","ping_status":"closed","template":"elementor_header_footer","meta":{"_acf_changed":false,"footnotes":""},"class_list":["post-828","page","type-page","status-publish","hentry"],"acf":[],"_links":{"self":[{"href":"https:\/\/web.kkwebdesign.cz\/index.php?rest_route=\/wp\/v2\/pages\/828","targetHints":{"allow":["GET"]}}],"collection":[{"href":"https:\/\/web.kkwebdesign.cz\/index.php?rest_route=\/wp\/v2\/pages"}],"about":[{"href":"https:\/\/web.kkwebdesign.cz\/index.php?rest_route=\/wp\/v2\/types\/page"}],"author":[{"embeddable":true,"href":"https:\/\/web.kkwebdesign.cz\/index.php?rest_route=\/wp\/v2\/users\/1"}],"replies":[{"embeddable":true,"href":"https:\/\/web.kkwebdesign.cz\/index.php?rest_route=%2Fwp%2Fv2%2Fcomments&post=828"}],"version-history":[{"count":0,"href":"https:\/\/web.kkwebdesign.cz\/index.php?rest_route=\/wp\/v2\/pages\/828\/revisions"}],"wp:attachment":[{"href":"https:\/\/web.kkwebdesign.cz\/index.php?rest_route=%2Fwp%2Fv2%2Fmedia&parent=828"}],"curies":[{"name":"wp","href":"https:\/\/api.w.org\/{rel}","templated":true}]}}