{"id":819,"date":"2025-01-03T20:23:34","date_gmt":"2025-01-03T20:23:34","guid":{"rendered":"https:\/\/www.kk-webdesign.eu\/?page_id=819"},"modified":"2026-02-04T12:40:58","modified_gmt":"2026-02-04T12:40:58","slug":"vyvoj-webovych-aplikaci","status":"publish","type":"page","link":"https:\/\/web.kkwebdesign.cz\/?page_id=819","title":{"rendered":"V\u00fdvoj webov\u00fdch aplikac\u00ed"},"content":{"rendered":"\t\t<div data-elementor-type=\"wp-page\" data-elementor-id=\"819\" class=\"elementor elementor-819\">\n\t\t\t\t<div class=\"elementor-element elementor-element-28565607 e-con-full e-flex e-con e-parent\" data-id=\"28565607\" data-element_type=\"container\" data-e-type=\"container\" data-settings=\"{&quot;background_background&quot;:&quot;gradient&quot;}\">\n\t\t<div class=\"elementor-element elementor-element-362e8f93 e-flex e-con-boxed elementor-invisible e-con e-child\" data-id=\"362e8f93\" data-element_type=\"container\" data-e-type=\"container\" data-settings=\"{&quot;animation&quot;:&quot;slideInUp&quot;,&quot;animation_delay&quot;:150}\">\n\t\t\t\t\t<div class=\"e-con-inner\">\n\t\t<div class=\"elementor-element elementor-element-59589582 e-con-full e-flex e-con e-child\" data-id=\"59589582\" data-element_type=\"container\" data-e-type=\"container\">\n\t\t\t\t<div class=\"elementor-element elementor-element-67251b96 elementor-widget elementor-widget-heading\" data-id=\"67251b96\" data-element_type=\"widget\" data-e-type=\"widget\" data-widget_type=\"heading.default\">\n\t\t\t\t\t<div class=\"elementor-heading-title elementor-size-default\">\ud83d\udcbb<\/div>\t\t\t\t<\/div>\n\t\t\t\t<div class=\"elementor-element elementor-element-b1c6608 elementor-widget elementor-widget-heading\" data-id=\"b1c6608\" data-element_type=\"widget\" data-e-type=\"widget\" data-widget_type=\"heading.default\">\n\t\t\t\t\t<h2 class=\"elementor-heading-title elementor-size-default\">Slu\u017eby<\/h2>\t\t\t\t<\/div>\n\t\t\t\t<\/div>\n\t\t\t\t\t<\/div>\n\t\t\t\t<\/div>\n\t\t\t\t<\/div>\n\t\t<div class=\"elementor-element elementor-element-115a45ca e-flex e-con-boxed elementor-invisible e-con e-parent\" data-id=\"115a45ca\" data-element_type=\"container\" data-e-type=\"container\" data-settings=\"{&quot;animation&quot;:&quot;fadeInUp&quot;}\">\n\t\t\t\t\t<div class=\"e-con-inner\">\n\t\t<div class=\"elementor-element elementor-element-424f5194 e-con-full e-flex e-con e-child\" data-id=\"424f5194\" data-element_type=\"container\" data-e-type=\"container\">\n\t\t\t\t<div class=\"elementor-element elementor-element-380cf044 elementor-widget elementor-widget-text-editor\" data-id=\"380cf044\" data-element_type=\"widget\" data-e-type=\"widget\" data-widget_type=\"text-editor.default\">\n\t\t\t\t\t\t\t\t\t<div class=\"flex max-w-full flex-col flex-grow\"><div class=\"min-h-8 text-message flex w-full flex-col items-end gap-2 whitespace-normal break-words text-start [.text-message+&amp;]:mt-5\" dir=\"auto\" data-message-author-role=\"assistant\" data-message-id=\"abe4d626-6ec7-4bb2-878f-4a411f386d62\" data-message-model-slug=\"gpt-4o-mini\"><div class=\"flex w-full flex-col gap-1 empty:hidden first:pt-[3px]\"><div class=\"markdown prose w-full break-words dark:prose-invert light\"><p>Webov\u00e1 aplikace je program, kter\u00fd pou\u017e\u00edv\u00e1te p\u0159\u00edmo v internetov\u00e9m prohl\u00ed\u017ee\u010di, bez nutnosti ho instalovat. Na rozd\u00edl od oby\u010dejn\u00e9 webov\u00e9 str\u00e1nky, kter\u00e1 v\u00e1m jen uk\u00e1\u017ee informace, webov\u00e1 aplikace v\u00e1m umo\u017en\u00ed prov\u00e1d\u011bt r\u016fzn\u00e9 akce \u2013 nap\u0159\u00edklad zad\u00e1vat \u00fadaje, spravovat \u00fa\u010det nebo vyu\u017e\u00edvat interaktivn\u00ed funkce. Sta\u010d\u00ed m\u00edt internet a prohl\u00ed\u017ee\u010d, a aplikaci m\u016f\u017eete pou\u017e\u00edvat na jak\u00e9mkoli za\u0159\u00edzen\u00ed.<\/p><\/div><\/div><\/div><\/div>\t\t\t\t\t\t\t\t<\/div>\n\t\t\t\t<\/div>\n\t\t<div class=\"elementor-element elementor-element-64255624 e-con-full e-flex e-con e-child\" data-id=\"64255624\" data-element_type=\"container\" data-e-type=\"container\">\n\t\t\t\t<div class=\"elementor-element elementor-element-613de083 elementor-widget elementor-widget-lottie\" data-id=\"613de083\" data-element_type=\"widget\" data-e-type=\"widget\" data-widget_type=\"lottie.default\">\n\t\t\t\t<div class=\"elementor-widget-container\">\n\t\t\t\t\t \t\t\t\t<\/div>\n\t\t\t\t<\/div>\n\t\t\t\t<\/div>\n\t\t\t\t\t<\/div>\n\t\t\t\t<\/div>\n\t\t<div class=\"elementor-element elementor-element-3a3f9d52 e-flex e-con-boxed e-con e-parent\" data-id=\"3a3f9d52\" data-element_type=\"container\" data-e-type=\"container\">\n\t\t\t\t\t<div class=\"e-con-inner\">\n\t\t<div class=\"elementor-element elementor-element-1a893062 e-con-full e-flex e-con e-child\" data-id=\"1a893062\" data-element_type=\"container\" data-e-type=\"container\">\n\t\t<div class=\"elementor-element elementor-element-cc068a6 e-con-full e-flex e-con e-child\" data-id=\"cc068a6\" data-element_type=\"container\" data-e-type=\"container\">\n\t\t\t\t<div class=\"elementor-element elementor-element-75aed60e elementor-widget elementor-widget-heading\" data-id=\"75aed60e\" data-element_type=\"widget\" data-e-type=\"widget\" data-widget_type=\"heading.default\">\n\t\t\t\t\t<div class=\"elementor-heading-title elementor-size-default\">\ud83d\udcc4<\/div>\t\t\t\t<\/div>\n\t\t\t\t<div class=\"elementor-element elementor-element-5c24f13c elementor-widget elementor-widget-heading\" data-id=\"5c24f13c\" data-element_type=\"widget\" data-e-type=\"widget\" data-widget_type=\"heading.default\">\n\t\t\t\t\t<h2 class=\"elementor-heading-title elementor-size-default\">Ot\u00e1zky &amp; Odpov\u011bdi<\/h2>\t\t\t\t<\/div>\n\t\t\t\t<\/div>\n\t\t\t\t<\/div>\n\t\t<div class=\"elementor-element elementor-element-6fcd6ca9 e-con-full e-flex e-con e-child\" data-id=\"6fcd6ca9\" data-element_type=\"container\" data-e-type=\"container\">\n\t\t<div class=\"elementor-element elementor-element-65ce8880 e-con-full e-flex e-con e-child\" data-id=\"65ce8880\" data-element_type=\"container\" data-e-type=\"container\">\n\t\t\t\t<div class=\"elementor-element elementor-element-4394f3f2 elementor-widget__width-initial elementor-widget elementor-widget-heading\" data-id=\"4394f3f2\" data-element_type=\"widget\" data-e-type=\"widget\" data-widget_type=\"heading.default\">\n\t\t\t\t\t<p class=\"elementor-heading-title elementor-size-default\">01<\/p>\t\t\t\t<\/div>\n\t\t\t\t<\/div>\n\t\t<div class=\"elementor-element elementor-element-7d12439 e-con-full e-flex e-con e-child\" data-id=\"7d12439\" data-element_type=\"container\" data-e-type=\"container\">\n\t\t\t\t<div class=\"elementor-element elementor-element-25f94803 elementor-widget__width-initial elementor-widget elementor-widget-heading\" data-id=\"25f94803\" data-element_type=\"widget\" data-e-type=\"widget\" data-widget_type=\"heading.default\">\n\t\t\t\t\t<p class=\"elementor-heading-title elementor-size-default\">02<\/p>\t\t\t\t<\/div>\n\t\t\t\t<\/div>\n\t\t<div class=\"elementor-element elementor-element-25ea3401 e-con-full e-flex e-con e-child\" data-id=\"25ea3401\" data-element_type=\"container\" data-e-type=\"container\">\n\t\t\t\t<div class=\"elementor-element elementor-element-12223428 elementor-widget__width-initial elementor-widget elementor-widget-heading\" data-id=\"12223428\" data-element_type=\"widget\" data-e-type=\"widget\" data-widget_type=\"heading.default\">\n\t\t\t\t\t<p class=\"elementor-heading-title elementor-size-default\">03<\/p>\t\t\t\t<\/div>\n\t\t\t\t<\/div>\n\t\t<div class=\"elementor-element elementor-element-6f06dc58 e-con-full e-flex e-con e-child\" data-id=\"6f06dc58\" data-element_type=\"container\" data-e-type=\"container\">\n\t\t\t\t<div class=\"elementor-element elementor-element-7931d51c elementor-widget__width-initial elementor-widget elementor-widget-heading\" data-id=\"7931d51c\" data-element_type=\"widget\" data-e-type=\"widget\" data-widget_type=\"heading.default\">\n\t\t\t\t\t<p class=\"elementor-heading-title elementor-size-default\">04<\/p>\t\t\t\t<\/div>\n\t\t\t\t<\/div>\n\t\t<div class=\"elementor-element elementor-element-2edcc39c e-con-full e-flex e-con e-child\" data-id=\"2edcc39c\" data-element_type=\"container\" data-e-type=\"container\">\n\t\t\t\t<div class=\"elementor-element elementor-element-1ab23580 elementor-widget__width-initial elementor-widget elementor-widget-heading\" data-id=\"1ab23580\" data-element_type=\"widget\" data-e-type=\"widget\" data-widget_type=\"heading.default\">\n\t\t\t\t\t<p class=\"elementor-heading-title elementor-size-default\">05<\/p>\t\t\t\t<\/div>\n\t\t\t\t<\/div>\n\t\t<div class=\"elementor-element elementor-element-4401066 e-con-full e-flex e-con e-child\" data-id=\"4401066\" data-element_type=\"container\" data-e-type=\"container\">\n\t\t\t\t<div class=\"elementor-element elementor-element-8d5a9cb elementor-widget__width-initial elementor-widget elementor-widget-heading\" data-id=\"8d5a9cb\" data-element_type=\"widget\" data-e-type=\"widget\" data-widget_type=\"heading.default\">\n\t\t\t\t\t<p class=\"elementor-heading-title elementor-size-default\">06<\/p>\t\t\t\t<\/div>\n\t\t\t\t<\/div>\n\t\t<div class=\"elementor-element elementor-element-a90039e e-con-full e-flex e-con e-child\" data-id=\"a90039e\" data-element_type=\"container\" data-e-type=\"container\">\n\t\t\t\t<div class=\"elementor-element elementor-element-86600da elementor-widget__width-initial elementor-widget elementor-widget-heading\" data-id=\"86600da\" data-element_type=\"widget\" data-e-type=\"widget\" data-widget_type=\"heading.default\">\n\t\t\t\t\t<p class=\"elementor-heading-title elementor-size-default\">07<\/p>\t\t\t\t<\/div>\n\t\t\t\t<\/div>\n\t\t\t\t<\/div>\n\t\t\t\t\t<\/div>\n\t\t\t\t<\/div>\n\t\t\t\t<\/div>\n\t\t","protected":false},"excerpt":{"rendered":"<p>\ud83d\udcbb Slu\u017eby V\u00fdvoj webov\u00fdch aplikac\u00ed Vytvo\u0159\u00edm webovou aplikaci na m\u00edru, kter\u00e1 bude pln\u011b vyhovovat va\u0161im pot\u0159eb\u00e1m a nab\u00eddne u\u017eivatel\u016fm skv\u011blou zku\u0161enost. \u00a0 Co je webov\u00e1 aplikace? Webov\u00e1 aplikace je program, kter\u00fd pou\u017e\u00edv\u00e1te p\u0159\u00edmo v internetov\u00e9m prohl\u00ed\u017ee\u010di, bez nutnosti ho instalovat. Na rozd\u00edl od oby\u010dejn\u00e9 webov\u00e9 str\u00e1nky, kter\u00e1 v\u00e1m jen uk\u00e1\u017ee informace, webov\u00e1 aplikace v\u00e1m umo\u017en\u00ed [&hellip;]<\/p>\n","protected":false},"author":1,"featured_media":0,"parent":0,"menu_order":0,"comment_status":"closed","ping_status":"closed","template":"elementor_header_footer","meta":{"_acf_changed":false,"footnotes":""},"class_list":["post-819","page","type-page","status-publish","hentry"],"acf":[],"_links":{"self":[{"href":"https:\/\/web.kkwebdesign.cz\/index.php?rest_route=\/wp\/v2\/pages\/819","targetHints":{"allow":["GET"]}}],"collection":[{"href":"https:\/\/web.kkwebdesign.cz\/index.php?rest_route=\/wp\/v2\/pages"}],"about":[{"href":"https:\/\/web.kkwebdesign.cz\/index.php?rest_route=\/wp\/v2\/types\/page"}],"author":[{"embeddable":true,"href":"https:\/\/web.kkwebdesign.cz\/index.php?rest_route=\/wp\/v2\/users\/1"}],"replies":[{"embeddable":true,"href":"https:\/\/web.kkwebdesign.cz\/index.php?rest_route=%2Fwp%2Fv2%2Fcomments&post=819"}],"version-history":[{"count":0,"href":"https:\/\/web.kkwebdesign.cz\/index.php?rest_route=\/wp\/v2\/pages\/819\/revisions"}],"wp:attachment":[{"href":"https:\/\/web.kkwebdesign.cz\/index.php?rest_route=%2Fwp%2Fv2%2Fmedia&parent=819"}],"curies":[{"name":"wp","href":"https:\/\/api.w.org\/{rel}","templated":true}]}}