{"id":770,"date":"2025-01-03T16:25:08","date_gmt":"2025-01-03T16:25:08","guid":{"rendered":"https:\/\/www.kk-webdesign.eu\/?page_id=770"},"modified":"2026-02-04T12:34:24","modified_gmt":"2026-02-04T12:34:24","slug":"zajisteni-webhostingu","status":"publish","type":"page","link":"https:\/\/web.kkwebdesign.cz\/?page_id=770","title":{"rendered":"Zaji\u0161t\u011bn\u00ed webhostingu"},"content":{"rendered":"\t\t<div data-elementor-type=\"wp-page\" data-elementor-id=\"770\" class=\"elementor elementor-770\">\n\t\t\t\t<div class=\"elementor-element elementor-element-504a565a e-con-full e-flex e-con e-parent\" data-id=\"504a565a\" data-element_type=\"container\" data-e-type=\"container\" data-settings=\"{&quot;background_background&quot;:&quot;gradient&quot;}\">\n\t\t<div class=\"elementor-element elementor-element-61f058a6 e-flex e-con-boxed elementor-invisible e-con e-child\" data-id=\"61f058a6\" data-element_type=\"container\" data-e-type=\"container\" data-settings=\"{&quot;animation&quot;:&quot;slideInUp&quot;,&quot;animation_delay&quot;:150}\">\n\t\t\t\t\t<div class=\"e-con-inner\">\n\t\t<div class=\"elementor-element elementor-element-f42fc6d e-con-full e-flex e-con e-child\" data-id=\"f42fc6d\" data-element_type=\"container\" data-e-type=\"container\">\n\t\t\t\t<div class=\"elementor-element elementor-element-6c8d9323 elementor-widget elementor-widget-heading\" data-id=\"6c8d9323\" data-element_type=\"widget\" data-e-type=\"widget\" data-widget_type=\"heading.default\">\n\t\t\t\t\t<div class=\"elementor-heading-title elementor-size-default\">\ud83d\udcbb<\/div>\t\t\t\t<\/div>\n\t\t\t\t<div class=\"elementor-element elementor-element-45c436df elementor-widget elementor-widget-heading\" data-id=\"45c436df\" data-element_type=\"widget\" data-e-type=\"widget\" data-widget_type=\"heading.default\">\n\t\t\t\t\t<h2 class=\"elementor-heading-title elementor-size-default\">Slu\u017eby<\/h2>\t\t\t\t<\/div>\n\t\t\t\t<\/div>\n\t\t\t\t\t<\/div>\n\t\t\t\t<\/div>\n\t\t\t\t<\/div>\n\t\t<div class=\"elementor-element elementor-element-4d518531 e-flex e-con-boxed elementor-invisible e-con e-parent\" data-id=\"4d518531\" data-element_type=\"container\" data-e-type=\"container\" data-settings=\"{&quot;animation&quot;:&quot;fadeInUp&quot;}\">\n\t\t\t\t\t<div class=\"e-con-inner\">\n\t\t<div class=\"elementor-element elementor-element-6a29f9d5 e-con-full e-flex e-con e-child\" data-id=\"6a29f9d5\" data-element_type=\"container\" data-e-type=\"container\">\n\t\t\t\t<div class=\"elementor-element elementor-element-7a891c86 elementor-widget elementor-widget-text-editor\" data-id=\"7a891c86\" data-element_type=\"widget\" data-e-type=\"widget\" data-widget_type=\"text-editor.default\">\n\t\t\t\t\t\t\t\t\t<div class=\"flex max-w-full flex-col flex-grow\"><div class=\"min-h-8 text-message flex w-full flex-col items-end gap-2 whitespace-normal break-words text-start [.text-message+&amp;]:mt-5\" dir=\"auto\" data-message-author-role=\"assistant\" data-message-id=\"3273ebd8-60e5-4bdd-8995-78164ce30f07\" data-message-model-slug=\"gpt-4o-mini\"><div class=\"flex w-full flex-col gap-1 empty:hidden first:pt-[3px]\"><div class=\"markdown prose w-full break-words dark:prose-invert light\"><p>Pot\u0159ebujete spolehliv\u00e9 a rychl\u00e9 hostingov\u00e9 \u0159e\u0161en\u00ed pro v\u00e1\u0161 web nebo e-shop? Na m\u00e9m v\u00fdkonn\u00e9m serveru poskytuji stabiln\u00ed a bezpe\u010dn\u00e9 prost\u0159ed\u00ed pro va\u0161e projekty za cenu, kter\u00e1 je cenov\u011b v\u00fdhodn\u00e1 v porovn\u00e1n\u00ed s konkurenc\u00ed a tradi\u010dn\u00edmi webhostingov\u00fdmi slu\u017ebami.<\/p><p>D\u00edky optimalizovan\u00e9mu serverov\u00e9mu \u0159e\u0161en\u00ed zajist\u00edm rychl\u00e9 na\u010d\u00edt\u00e1n\u00ed str\u00e1nek a vysokou dostupnost, co\u017e je kl\u00ed\u010dov\u00e9 pro \u00fasp\u011bch va\u0161eho online podnik\u00e1n\u00ed. U\u0161et\u0159ete pen\u00edze a z\u00edskejte kvalitn\u00ed hosting, kter\u00fd podpo\u0159\u00ed r\u016fst va\u0161\u00ed zna\u010dky!<\/p><\/div><\/div><\/div><\/div><div class=\"mb-2 flex gap-3 empty:hidden -ml-2\"><div class=\"items-center justify-start rounded-xl p-1 z-10 -mt-1 bg-token-main-surface-primary screen-arch:mt-1 md:absolute flex\"><div class=\"flex items-center\"><div class=\"flex items-center pb-0\">\u00a0<\/div><\/div><\/div><\/div>\t\t\t\t\t\t\t\t<\/div>\n\t\t\t\t<\/div>\n\t\t<div class=\"elementor-element elementor-element-705f1277 e-con-full e-flex e-con e-child\" data-id=\"705f1277\" data-element_type=\"container\" data-e-type=\"container\">\n\t\t\t\t<div class=\"elementor-element elementor-element-3db12360 elementor-widget elementor-widget-lottie\" data-id=\"3db12360\" data-element_type=\"widget\" data-e-type=\"widget\" data-widget_type=\"lottie.default\">\n\t\t\t\t<div class=\"elementor-widget-container\">\n\t\t\t\t\t \t\t\t\t<\/div>\n\t\t\t\t<\/div>\n\t\t\t\t<\/div>\n\t\t\t\t\t<\/div>\n\t\t\t\t<\/div>\n\t\t<div class=\"elementor-element elementor-element-6fd631a9 e-flex e-con-boxed e-con e-parent\" data-id=\"6fd631a9\" data-element_type=\"container\" data-e-type=\"container\">\n\t\t\t\t\t<div class=\"e-con-inner\">\n\t\t<div class=\"elementor-element elementor-element-3f43c74c e-con-full e-flex e-con e-child\" data-id=\"3f43c74c\" data-element_type=\"container\" data-e-type=\"container\">\n\t\t<div class=\"elementor-element elementor-element-60412498 e-con-full e-flex e-con e-child\" data-id=\"60412498\" data-element_type=\"container\" data-e-type=\"container\">\n\t\t\t\t<div class=\"elementor-element elementor-element-bebf7ef elementor-widget elementor-widget-heading\" data-id=\"bebf7ef\" data-element_type=\"widget\" data-e-type=\"widget\" data-widget_type=\"heading.default\">\n\t\t\t\t\t<div class=\"elementor-heading-title elementor-size-default\">\ud83d\udcc4<\/div>\t\t\t\t<\/div>\n\t\t\t\t<div class=\"elementor-element elementor-element-7ccc39e7 elementor-widget elementor-widget-heading\" data-id=\"7ccc39e7\" data-element_type=\"widget\" data-e-type=\"widget\" data-widget_type=\"heading.default\">\n\t\t\t\t\t<h2 class=\"elementor-heading-title elementor-size-default\">Ot\u00e1zky &amp; Odpov\u011bdi<\/h2>\t\t\t\t<\/div>\n\t\t\t\t<\/div>\n\t\t\t\t<\/div>\n\t\t<div class=\"elementor-element elementor-element-14117775 e-con-full e-flex e-con e-child\" data-id=\"14117775\" data-element_type=\"container\" data-e-type=\"container\">\n\t\t<div class=\"elementor-element elementor-element-508d5073 e-con-full e-flex e-con e-child\" data-id=\"508d5073\" data-element_type=\"container\" data-e-type=\"container\">\n\t\t\t\t<div class=\"elementor-element elementor-element-592d4f5c elementor-widget__width-initial elementor-widget elementor-widget-heading\" data-id=\"592d4f5c\" data-element_type=\"widget\" data-e-type=\"widget\" data-widget_type=\"heading.default\">\n\t\t\t\t\t<p class=\"elementor-heading-title elementor-size-default\">01<\/p>\t\t\t\t<\/div>\n\t\t\t\t<\/div>\n\t\t<div class=\"elementor-element elementor-element-6caa78d3 e-con-full e-flex e-con e-child\" data-id=\"6caa78d3\" data-element_type=\"container\" data-e-type=\"container\">\n\t\t\t\t<div class=\"elementor-element elementor-element-d452c10 elementor-widget__width-initial elementor-widget elementor-widget-heading\" data-id=\"d452c10\" data-element_type=\"widget\" data-e-type=\"widget\" data-widget_type=\"heading.default\">\n\t\t\t\t\t<p class=\"elementor-heading-title elementor-size-default\">02<\/p>\t\t\t\t<\/div>\n\t\t\t\t<\/div>\n\t\t<div class=\"elementor-element elementor-element-6e538b0a e-con-full e-flex e-con e-child\" data-id=\"6e538b0a\" data-element_type=\"container\" data-e-type=\"container\">\n\t\t\t\t<div class=\"elementor-element elementor-element-3efbcb7c elementor-widget__width-initial elementor-widget elementor-widget-heading\" data-id=\"3efbcb7c\" data-element_type=\"widget\" data-e-type=\"widget\" data-widget_type=\"heading.default\">\n\t\t\t\t\t<p class=\"elementor-heading-title elementor-size-default\">03<\/p>\t\t\t\t<\/div>\n\t\t\t\t<\/div>\n\t\t<div class=\"elementor-element elementor-element-230bb8c8 e-con-full e-flex e-con e-child\" data-id=\"230bb8c8\" data-element_type=\"container\" data-e-type=\"container\">\n\t\t\t\t<div class=\"elementor-element elementor-element-524d9bb4 elementor-widget__width-initial elementor-widget elementor-widget-heading\" data-id=\"524d9bb4\" data-element_type=\"widget\" data-e-type=\"widget\" data-widget_type=\"heading.default\">\n\t\t\t\t\t<p class=\"elementor-heading-title elementor-size-default\">04<\/p>\t\t\t\t<\/div>\n\t\t\t\t<\/div>\n\t\t<div class=\"elementor-element elementor-element-21623ee1 e-con-full e-flex e-con e-child\" data-id=\"21623ee1\" data-element_type=\"container\" data-e-type=\"container\">\n\t\t\t\t<div class=\"elementor-element elementor-element-7a2afe44 elementor-widget__width-initial elementor-widget elementor-widget-heading\" data-id=\"7a2afe44\" data-element_type=\"widget\" data-e-type=\"widget\" data-widget_type=\"heading.default\">\n\t\t\t\t\t<p class=\"elementor-heading-title elementor-size-default\">05<\/p>\t\t\t\t<\/div>\n\t\t\t\t<\/div>\n\t\t<div class=\"elementor-element elementor-element-97a074a e-con-full e-flex e-con e-child\" data-id=\"97a074a\" data-element_type=\"container\" data-e-type=\"container\">\n\t\t\t\t<div class=\"elementor-element elementor-element-3cb2c298 elementor-widget__width-initial elementor-widget elementor-widget-heading\" data-id=\"3cb2c298\" data-element_type=\"widget\" data-e-type=\"widget\" data-widget_type=\"heading.default\">\n\t\t\t\t\t<p class=\"elementor-heading-title elementor-size-default\">06<\/p>\t\t\t\t<\/div>\n\t\t\t\t<\/div>\n\t\t\t\t<\/div>\n\t\t\t\t\t<\/div>\n\t\t\t\t<\/div>\n\t\t\t\t<\/div>\n\t\t","protected":false},"excerpt":{"rendered":"<p>\ud83d\udcbb Slu\u017eby Zaji\u0161t\u011bn\u00ed webhostingu Dlouhodob\u00e1 udr\u017eitelnost a funk\u010dnost webov\u00e9 str\u00e1nky je zn\u00e1mkou kvalitn\u00edho \u0159e\u0161en\u00ed \u00a0 Hosting pro \u00fasp\u011bch Pot\u0159ebujete spolehliv\u00e9 a rychl\u00e9 hostingov\u00e9 \u0159e\u0161en\u00ed pro v\u00e1\u0161 web nebo e-shop? Na m\u00e9m v\u00fdkonn\u00e9m serveru poskytuji stabiln\u00ed a bezpe\u010dn\u00e9 prost\u0159ed\u00ed pro va\u0161e projekty za cenu, kter\u00e1 je cenov\u011b v\u00fdhodn\u00e1 v porovn\u00e1n\u00ed s konkurenc\u00ed a tradi\u010dn\u00edmi webhostingov\u00fdmi slu\u017ebami. [&hellip;]<\/p>\n","protected":false},"author":1,"featured_media":0,"parent":0,"menu_order":0,"comment_status":"closed","ping_status":"closed","template":"elementor_header_footer","meta":{"_acf_changed":false,"footnotes":""},"class_list":["post-770","page","type-page","status-publish","hentry"],"acf":[],"_links":{"self":[{"href":"https:\/\/web.kkwebdesign.cz\/index.php?rest_route=\/wp\/v2\/pages\/770","targetHints":{"allow":["GET"]}}],"collection":[{"href":"https:\/\/web.kkwebdesign.cz\/index.php?rest_route=\/wp\/v2\/pages"}],"about":[{"href":"https:\/\/web.kkwebdesign.cz\/index.php?rest_route=\/wp\/v2\/types\/page"}],"author":[{"embeddable":true,"href":"https:\/\/web.kkwebdesign.cz\/index.php?rest_route=\/wp\/v2\/users\/1"}],"replies":[{"embeddable":true,"href":"https:\/\/web.kkwebdesign.cz\/index.php?rest_route=%2Fwp%2Fv2%2Fcomments&post=770"}],"version-history":[{"count":0,"href":"https:\/\/web.kkwebdesign.cz\/index.php?rest_route=\/wp\/v2\/pages\/770\/revisions"}],"wp:attachment":[{"href":"https:\/\/web.kkwebdesign.cz\/index.php?rest_route=%2Fwp%2Fv2%2Fmedia&parent=770"}],"curies":[{"name":"wp","href":"https:\/\/api.w.org\/{rel}","templated":true}]}}