{"id":744,"date":"2025-01-03T15:54:00","date_gmt":"2025-01-03T15:54:00","guid":{"rendered":"https:\/\/www.kk-webdesign.eu\/?page_id=744"},"modified":"2026-02-04T12:38:02","modified_gmt":"2026-02-04T12:38:02","slug":"vyvoj-mobilnich-aplikaci","status":"publish","type":"page","link":"https:\/\/web.kkwebdesign.cz\/?page_id=744","title":{"rendered":"V\u00fdvoj mobiln\u00edch aplikac\u00ed"},"content":{"rendered":"\t\t<div data-elementor-type=\"wp-page\" data-elementor-id=\"744\" class=\"elementor elementor-744\">\n\t\t\t\t<div class=\"elementor-element elementor-element-30a1e17a e-con-full e-flex e-con e-parent\" data-id=\"30a1e17a\" data-element_type=\"container\" data-e-type=\"container\" data-settings=\"{&quot;background_background&quot;:&quot;gradient&quot;}\">\n\t\t<div class=\"elementor-element elementor-element-4738a5cf e-flex e-con-boxed elementor-invisible e-con e-child\" data-id=\"4738a5cf\" data-element_type=\"container\" data-e-type=\"container\" data-settings=\"{&quot;animation&quot;:&quot;slideInUp&quot;,&quot;animation_delay&quot;:150}\">\n\t\t\t\t\t<div class=\"e-con-inner\">\n\t\t<div class=\"elementor-element elementor-element-5270db47 e-con-full e-flex e-con e-child\" data-id=\"5270db47\" data-element_type=\"container\" data-e-type=\"container\">\n\t\t\t\t<div class=\"elementor-element elementor-element-3c44c70 elementor-widget elementor-widget-heading\" data-id=\"3c44c70\" data-element_type=\"widget\" data-e-type=\"widget\" data-widget_type=\"heading.default\">\n\t\t\t\t\t<div class=\"elementor-heading-title elementor-size-default\">\ud83d\udcbb<\/div>\t\t\t\t<\/div>\n\t\t\t\t<div class=\"elementor-element elementor-element-4168c013 elementor-widget elementor-widget-heading\" data-id=\"4168c013\" data-element_type=\"widget\" data-e-type=\"widget\" data-widget_type=\"heading.default\">\n\t\t\t\t\t<h2 class=\"elementor-heading-title elementor-size-default\">Slu\u017eby<\/h2>\t\t\t\t<\/div>\n\t\t\t\t<\/div>\n\t\t\t\t\t<\/div>\n\t\t\t\t<\/div>\n\t\t\t\t<\/div>\n\t\t<div class=\"elementor-element elementor-element-bb72e68 e-flex e-con-boxed elementor-invisible e-con e-parent\" data-id=\"bb72e68\" data-element_type=\"container\" data-e-type=\"container\" data-settings=\"{&quot;animation&quot;:&quot;fadeInUp&quot;}\">\n\t\t\t\t\t<div class=\"e-con-inner\">\n\t\t<div class=\"elementor-element elementor-element-6673010e e-con-full e-flex e-con e-child\" data-id=\"6673010e\" data-element_type=\"container\" data-e-type=\"container\">\n\t\t\t\t<div class=\"elementor-element elementor-element-58f476ec elementor-widget elementor-widget-text-editor\" data-id=\"58f476ec\" data-element_type=\"widget\" data-e-type=\"widget\" data-widget_type=\"text-editor.default\">\n\t\t\t\t\t\t\t\t\t<p>V dne\u0161n\u00ed digit\u00e1ln\u00ed dob\u011b mobiln\u00ed aplikace p\u0159edstavuj\u00ed kl\u00ed\u010dov\u00fd n\u00e1stroj, jak se dostat bl\u00ed\u017ee k z\u00e1kazn\u00edk\u016fm a nab\u00eddnout jim lep\u0161\u00ed u\u017eivatelskou zku\u0161enost. Aplikace umo\u017e\u0148uj\u00ed rychl\u00fd a snadn\u00fd p\u0159\u00edstup k va\u0161im slu\u017eb\u00e1m p\u0159\u00edmo z obrazovky telefonu, co\u017e je zvl\u00e1\u0161t\u011b v\u00fdhodn\u00e9 pro u\u017eivatele, kte\u0159\u00ed cht\u011bj\u00ed informace na dosah ruky. D\u00edky mo\u017enostem jako personalizovan\u00e9 notifikace, offline re\u017eim a zapamatov\u00e1n\u00ed u\u017eivatelsk\u00fdch \u00fadaj\u016f z\u00edsk\u00e1te vy\u0161\u0161\u00ed m\u00edru zapojen\u00ed a opakovan\u00e9 n\u00e1v\u0161t\u011bvy.<\/p>\t\t\t\t\t\t\t\t<\/div>\n\t\t\t\t<\/div>\n\t\t<div class=\"elementor-element elementor-element-30dbc03d e-con-full e-flex e-con e-child\" data-id=\"30dbc03d\" data-element_type=\"container\" data-e-type=\"container\">\n\t\t\t\t<div class=\"elementor-element elementor-element-26d851ae elementor-widget elementor-widget-lottie\" data-id=\"26d851ae\" data-element_type=\"widget\" data-e-type=\"widget\" data-widget_type=\"lottie.default\">\n\t\t\t\t<div class=\"elementor-widget-container\">\n\t\t\t\t\t \t\t\t\t<\/div>\n\t\t\t\t<\/div>\n\t\t\t\t<\/div>\n\t\t\t\t\t<\/div>\n\t\t\t\t<\/div>\n\t\t<div class=\"elementor-element elementor-element-23c26a7 e-flex e-con-boxed e-con e-parent\" data-id=\"23c26a7\" data-element_type=\"container\" data-e-type=\"container\">\n\t\t\t\t\t<div class=\"e-con-inner\">\n\t\t<div class=\"elementor-element elementor-element-2a76282 e-con-full e-flex e-con e-child\" data-id=\"2a76282\" data-element_type=\"container\" data-e-type=\"container\">\n\t\t<div class=\"elementor-element elementor-element-1d50402 e-con-full e-flex e-con e-child\" data-id=\"1d50402\" data-element_type=\"container\" data-e-type=\"container\">\n\t\t\t\t<div class=\"elementor-element elementor-element-efa063b elementor-widget elementor-widget-heading\" data-id=\"efa063b\" data-element_type=\"widget\" data-e-type=\"widget\" data-widget_type=\"heading.default\">\n\t\t\t\t\t<div class=\"elementor-heading-title elementor-size-default\">\u2699\ufe0f<\/div>\t\t\t\t<\/div>\n\t\t\t\t<div class=\"elementor-element elementor-element-811d36e elementor-widget elementor-widget-heading\" data-id=\"811d36e\" data-element_type=\"widget\" data-e-type=\"widget\" data-widget_type=\"heading.default\">\n\t\t\t\t\t<h2 class=\"elementor-heading-title elementor-size-default\">Technologie<\/h2>\t\t\t\t<\/div>\n\t\t\t\t<\/div>\n\t\t\t\t<\/div>\n\t\t<div class=\"elementor-element elementor-element-1db172e e-con-full e-flex e-con e-child\" data-id=\"1db172e\" data-element_type=\"container\" data-e-type=\"container\">\n\t\t\t\t<\/div>\n\t\t\t\t\t<\/div>\n\t\t\t\t<\/div>\n\t\t<div class=\"elementor-element elementor-element-506567c e-flex e-con-boxed e-con e-child\" data-id=\"506567c\" data-element_type=\"container\" data-e-type=\"container\">\n\t\t\t\t\t<div class=\"e-con-inner\">\n\t\t<div class=\"elementor-element elementor-element-90fd9c1 e-con-full elementor-hidden-mobile e-flex e-con e-child\" data-id=\"90fd9c1\" data-element_type=\"container\" data-e-type=\"container\">\n\t\t\t\t<div class=\"elementor-element elementor-element-3b0755f elementor-widget elementor-widget-image\" data-id=\"3b0755f\" data-element_type=\"widget\" data-e-type=\"widget\" data-widget_type=\"image.default\">\n\t\t\t\t\t\t\t\t\t\t\t\t\t\t\t<img fetchpriority=\"high\" decoding=\"async\" width=\"586\" height=\"170\" src=\"https:\/\/web.kkwebdesign.cz\/wp-content\/uploads\/2024\/12\/683514c5660dbe52f5ba.png\" class=\"attachment-large size-large wp-image-213\" alt=\"\" srcset=\"https:\/\/web.kkwebdesign.cz\/wp-content\/uploads\/2024\/12\/683514c5660dbe52f5ba.png 586w, https:\/\/web.kkwebdesign.cz\/wp-content\/uploads\/2024\/12\/683514c5660dbe52f5ba-300x87.png 300w\" sizes=\"(max-width: 586px) 100vw, 586px\" \/>\t\t\t\t\t\t\t\t\t\t\t\t\t\t\t<\/div>\n\t\t\t\t<div class=\"elementor-element elementor-element-659ee99 elementor-widget elementor-widget-image\" data-id=\"659ee99\" data-element_type=\"widget\" data-e-type=\"widget\" data-widget_type=\"image.default\">\n\t\t\t\t\t\t\t\t\t\t\t\t\t\t\t<img decoding=\"async\" width=\"748\" height=\"205\" src=\"https:\/\/web.kkwebdesign.cz\/wp-content\/uploads\/2024\/12\/Monochrome_Horizontal_Lockup_White.png\" class=\"attachment-large size-large wp-image-225\" alt=\"\" srcset=\"https:\/\/web.kkwebdesign.cz\/wp-content\/uploads\/2024\/12\/Monochrome_Horizontal_Lockup_White.png 748w, https:\/\/web.kkwebdesign.cz\/wp-content\/uploads\/2024\/12\/Monochrome_Horizontal_Lockup_White-300x82.png 300w\" sizes=\"(max-width: 748px) 100vw, 748px\" \/>\t\t\t\t\t\t\t\t\t\t\t\t\t\t\t<\/div>\n\t\t\t\t<div class=\"elementor-element elementor-element-72d97a5 elementor-widget elementor-widget-image\" data-id=\"72d97a5\" data-element_type=\"widget\" data-e-type=\"widget\" data-widget_type=\"image.default\">\n\t\t\t\t\t\t\t\t\t\t\t\t\t\t\t<img decoding=\"async\" width=\"1024\" height=\"198\" src=\"https:\/\/web.kkwebdesign.cz\/wp-content\/uploads\/2024\/12\/supabase-logo-wordmark-light-1024x198.png\" class=\"attachment-large size-large wp-image-228\" alt=\"\" srcset=\"https:\/\/web.kkwebdesign.cz\/wp-content\/uploads\/2024\/12\/supabase-logo-wordmark-light-1024x198.png 1024w, https:\/\/web.kkwebdesign.cz\/wp-content\/uploads\/2024\/12\/supabase-logo-wordmark-light-300x58.png 300w, https:\/\/web.kkwebdesign.cz\/wp-content\/uploads\/2024\/12\/supabase-logo-wordmark-light-768x149.png 768w, https:\/\/web.kkwebdesign.cz\/wp-content\/uploads\/2024\/12\/supabase-logo-wordmark-light-1536x297.png 1536w, https:\/\/web.kkwebdesign.cz\/wp-content\/uploads\/2024\/12\/supabase-logo-wordmark-light-2048x396.png 2048w\" sizes=\"(max-width: 1024px) 100vw, 1024px\" \/>\t\t\t\t\t\t\t\t\t\t\t\t\t\t\t<\/div>\n\t\t\t\t<div class=\"elementor-element elementor-element-9b09351 elementor-widget elementor-widget-image\" data-id=\"9b09351\" data-element_type=\"widget\" data-e-type=\"widget\" data-widget_type=\"image.default\">\n\t\t\t\t\t\t\t\t\t\t\t\t\t\t\t<img loading=\"lazy\" decoding=\"async\" width=\"1024\" height=\"408\" src=\"https:\/\/web.kkwebdesign.cz\/wp-content\/uploads\/2024\/12\/dart-1024x408.png\" class=\"attachment-large size-large wp-image-216\" alt=\"\" srcset=\"https:\/\/web.kkwebdesign.cz\/wp-content\/uploads\/2024\/12\/dart-1024x408.png 1024w, https:\/\/web.kkwebdesign.cz\/wp-content\/uploads\/2024\/12\/dart-300x120.png 300w, https:\/\/web.kkwebdesign.cz\/wp-content\/uploads\/2024\/12\/dart-768x306.png 768w, https:\/\/web.kkwebdesign.cz\/wp-content\/uploads\/2024\/12\/dart.png 1220w\" sizes=\"(max-width: 1024px) 100vw, 1024px\" \/>\t\t\t\t\t\t\t\t\t\t\t\t\t\t\t<\/div>\n\t\t\t\t<div class=\"elementor-element elementor-element-d09f470 elementor-widget elementor-widget-image\" data-id=\"d09f470\" data-element_type=\"widget\" data-e-type=\"widget\" data-widget_type=\"image.default\">\n\t\t\t\t\t\t\t\t\t\t\t\t\t\t\t<img loading=\"lazy\" decoding=\"async\" width=\"1024\" height=\"238\" src=\"https:\/\/web.kkwebdesign.cz\/wp-content\/uploads\/2025\/01\/Make-Logo-RGB-1536x357-1-1024x238.png\" class=\"attachment-large size-large wp-image-1193\" alt=\"\" srcset=\"https:\/\/web.kkwebdesign.cz\/wp-content\/uploads\/2025\/01\/Make-Logo-RGB-1536x357-1-1024x238.png 1024w, https:\/\/web.kkwebdesign.cz\/wp-content\/uploads\/2025\/01\/Make-Logo-RGB-1536x357-1-300x70.png 300w, https:\/\/web.kkwebdesign.cz\/wp-content\/uploads\/2025\/01\/Make-Logo-RGB-1536x357-1-768x179.png 768w, https:\/\/web.kkwebdesign.cz\/wp-content\/uploads\/2025\/01\/Make-Logo-RGB-1536x357-1.png 1536w\" sizes=\"(max-width: 1024px) 100vw, 1024px\" \/>\t\t\t\t\t\t\t\t\t\t\t\t\t\t\t<\/div>\n\t\t\t\t<div class=\"elementor-element elementor-element-afc1cfa elementor-widget elementor-widget-image\" data-id=\"afc1cfa\" data-element_type=\"widget\" data-e-type=\"widget\" data-widget_type=\"image.default\">\n\t\t\t\t\t\t\t\t\t\t\t\t\t\t\t<img loading=\"lazy\" decoding=\"async\" width=\"1000\" height=\"271\" src=\"https:\/\/web.kkwebdesign.cz\/wp-content\/uploads\/2024\/12\/zapier-logo_white@2x.png\" class=\"attachment-large size-large wp-image-232\" alt=\"\" srcset=\"https:\/\/web.kkwebdesign.cz\/wp-content\/uploads\/2024\/12\/zapier-logo_white@2x.png 1000w, https:\/\/web.kkwebdesign.cz\/wp-content\/uploads\/2024\/12\/zapier-logo_white@2x-300x81.png 300w, https:\/\/web.kkwebdesign.cz\/wp-content\/uploads\/2024\/12\/zapier-logo_white@2x-768x208.png 768w\" sizes=\"(max-width: 1000px) 100vw, 1000px\" \/>\t\t\t\t\t\t\t\t\t\t\t\t\t\t\t<\/div>\n\t\t\t\t<\/div>\n\t\t\t\t<div class=\"elementor-element elementor-element-eead3f7 elementor-hidden-desktop elementor-hidden-tablet elementor-pagination-position-outside elementor-widget elementor-widget-image-carousel\" data-id=\"eead3f7\" data-element_type=\"widget\" data-e-type=\"widget\" data-settings=\"{&quot;slides_to_show_mobile&quot;:&quot;3&quot;,&quot;navigation&quot;:&quot;dots&quot;,&quot;image_spacing_custom_mobile&quot;:{&quot;unit&quot;:&quot;px&quot;,&quot;size&quot;:20,&quot;sizes&quot;:[]},&quot;autoplay&quot;:&quot;yes&quot;,&quot;pause_on_hover&quot;:&quot;yes&quot;,&quot;pause_on_interaction&quot;:&quot;yes&quot;,&quot;autoplay_speed&quot;:5000,&quot;infinite&quot;:&quot;yes&quot;,&quot;speed&quot;:500,&quot;image_spacing_custom&quot;:{&quot;unit&quot;:&quot;px&quot;,&quot;size&quot;:20,&quot;sizes&quot;:[]},&quot;image_spacing_custom_tablet&quot;:{&quot;unit&quot;:&quot;px&quot;,&quot;size&quot;:&quot;&quot;,&quot;sizes&quot;:[]}}\" data-widget_type=\"image-carousel.default\">\n\t\t\t\t\t\t\t<div class=\"elementor-image-carousel-wrapper swiper\" role=\"region\" aria-roledescription=\"carousel\" aria-label=\"Obr\u00e1zkov\u00fd koloto\u010d\" dir=\"ltr\">\n\t\t\t<div class=\"elementor-image-carousel swiper-wrapper\" aria-live=\"off\">\n\t\t\t\t\t\t\t\t<div class=\"swiper-slide\" role=\"group\" aria-roledescription=\"slide\" aria-label=\"1 z 6\"><figure class=\"swiper-slide-inner\"><img decoding=\"async\" class=\"swiper-slide-image\" src=\"https:\/\/web.kkwebdesign.cz\/wp-content\/uploads\/2024\/12\/683514c5660dbe52f5ba.png\" alt=\"683514c5660dbe52f5ba\" \/><\/figure><\/div><div class=\"swiper-slide\" role=\"group\" aria-roledescription=\"slide\" aria-label=\"2 z 6\"><figure class=\"swiper-slide-inner\"><img decoding=\"async\" class=\"swiper-slide-image\" src=\"https:\/\/web.kkwebdesign.cz\/wp-content\/uploads\/2024\/12\/Monochrome_Horizontal_Lockup_White.png\" alt=\"Monochrome_Horizontal_Lockup_White\" \/><\/figure><\/div><div class=\"swiper-slide\" role=\"group\" aria-roledescription=\"slide\" aria-label=\"3 z 6\"><figure class=\"swiper-slide-inner\"><img decoding=\"async\" class=\"swiper-slide-image\" src=\"https:\/\/web.kkwebdesign.cz\/wp-content\/uploads\/2024\/12\/supabase-logo-wordmark-light-768x149.png\" alt=\"supabase-logo-wordmark-light\" \/><\/figure><\/div><div class=\"swiper-slide\" role=\"group\" aria-roledescription=\"slide\" aria-label=\"4 z 6\"><figure class=\"swiper-slide-inner\"><img decoding=\"async\" class=\"swiper-slide-image\" src=\"https:\/\/web.kkwebdesign.cz\/wp-content\/uploads\/2024\/12\/dart-768x306.png\" alt=\"dart\" \/><\/figure><\/div><div class=\"swiper-slide\" role=\"group\" aria-roledescription=\"slide\" aria-label=\"5 z 6\"><figure class=\"swiper-slide-inner\"><img decoding=\"async\" class=\"swiper-slide-image\" src=\"https:\/\/web.kkwebdesign.cz\/wp-content\/uploads\/2024\/12\/Make-Logo-RGB-768x179.png\" alt=\"Make-Logo-RGB\" \/><\/figure><\/div><div class=\"swiper-slide\" role=\"group\" aria-roledescription=\"slide\" aria-label=\"6 z 6\"><figure class=\"swiper-slide-inner\"><img decoding=\"async\" class=\"swiper-slide-image\" src=\"https:\/\/web.kkwebdesign.cz\/wp-content\/uploads\/2024\/12\/zapier-logo_white@2x-768x208.png\" alt=\"zapier-logo_white@2x\" \/><\/figure><\/div>\t\t\t<\/div>\n\t\t\t\t\t\t\t\n\t\t\t\t\t\t\t\t\t<div class=\"swiper-pagination\"><\/div>\n\t\t\t\t\t\t\t\t\t<\/div>\n\t\t\t\t\t\t<\/div>\n\t\t\t\t\t<\/div>\n\t\t\t\t<\/div>\n\t\t<div class=\"elementor-element elementor-element-dee371b e-flex e-con-boxed e-con e-parent\" data-id=\"dee371b\" data-element_type=\"container\" data-e-type=\"container\">\n\t\t\t\t\t<div class=\"e-con-inner\">\n\t\t<div class=\"elementor-element elementor-element-7758ae6b e-con-full e-flex e-con e-child\" data-id=\"7758ae6b\" data-element_type=\"container\" data-e-type=\"container\">\n\t\t<div class=\"elementor-element elementor-element-667966ba e-con-full e-flex e-con e-child\" data-id=\"667966ba\" data-element_type=\"container\" data-e-type=\"container\">\n\t\t\t\t<div class=\"elementor-element elementor-element-62787e30 elementor-widget elementor-widget-heading\" data-id=\"62787e30\" data-element_type=\"widget\" data-e-type=\"widget\" data-widget_type=\"heading.default\">\n\t\t\t\t\t<div class=\"elementor-heading-title elementor-size-default\">\ud83d\udcc4<\/div>\t\t\t\t<\/div>\n\t\t\t\t<div class=\"elementor-element elementor-element-4f4e4e1c elementor-widget elementor-widget-heading\" data-id=\"4f4e4e1c\" data-element_type=\"widget\" data-e-type=\"widget\" data-widget_type=\"heading.default\">\n\t\t\t\t\t<h2 class=\"elementor-heading-title elementor-size-default\">Ot\u00e1zky &amp; Odpov\u011bdi<\/h2>\t\t\t\t<\/div>\n\t\t\t\t<\/div>\n\t\t\t\t<\/div>\n\t\t<div class=\"elementor-element elementor-element-50e2a405 e-con-full e-flex e-con e-child\" data-id=\"50e2a405\" data-element_type=\"container\" data-e-type=\"container\">\n\t\t<div class=\"elementor-element elementor-element-3e96d31c e-con-full e-flex e-con e-child\" data-id=\"3e96d31c\" data-element_type=\"container\" data-e-type=\"container\">\n\t\t\t\t<div class=\"elementor-element elementor-element-3e92c8b3 elementor-widget__width-initial elementor-widget elementor-widget-heading\" data-id=\"3e92c8b3\" data-element_type=\"widget\" data-e-type=\"widget\" data-widget_type=\"heading.default\">\n\t\t\t\t\t<p class=\"elementor-heading-title elementor-size-default\">01<\/p>\t\t\t\t<\/div>\n\t\t\t\t<\/div>\n\t\t<div class=\"elementor-element elementor-element-628393f8 e-con-full e-flex e-con e-child\" data-id=\"628393f8\" data-element_type=\"container\" data-e-type=\"container\">\n\t\t\t\t<div class=\"elementor-element elementor-element-6e637986 elementor-widget__width-initial elementor-widget elementor-widget-heading\" data-id=\"6e637986\" data-element_type=\"widget\" data-e-type=\"widget\" data-widget_type=\"heading.default\">\n\t\t\t\t\t<p class=\"elementor-heading-title elementor-size-default\">02<\/p>\t\t\t\t<\/div>\n\t\t\t\t<\/div>\n\t\t<div class=\"elementor-element elementor-element-673f2ceb e-con-full e-flex e-con e-child\" data-id=\"673f2ceb\" data-element_type=\"container\" data-e-type=\"container\">\n\t\t\t\t<div class=\"elementor-element elementor-element-18526c7d elementor-widget__width-initial elementor-widget elementor-widget-heading\" data-id=\"18526c7d\" data-element_type=\"widget\" data-e-type=\"widget\" data-widget_type=\"heading.default\">\n\t\t\t\t\t<p class=\"elementor-heading-title elementor-size-default\">03<\/p>\t\t\t\t<\/div>\n\t\t\t\t<\/div>\n\t\t<div class=\"elementor-element elementor-element-3ad9ec8 e-con-full e-flex e-con e-child\" data-id=\"3ad9ec8\" data-element_type=\"container\" data-e-type=\"container\">\n\t\t\t\t<div class=\"elementor-element elementor-element-6640fa1e elementor-widget__width-initial elementor-widget elementor-widget-heading\" data-id=\"6640fa1e\" data-element_type=\"widget\" data-e-type=\"widget\" data-widget_type=\"heading.default\">\n\t\t\t\t\t<p class=\"elementor-heading-title elementor-size-default\">04<\/p>\t\t\t\t<\/div>\n\t\t\t\t<\/div>\n\t\t<div class=\"elementor-element elementor-element-7d613cf e-con-full e-flex e-con e-child\" data-id=\"7d613cf\" data-element_type=\"container\" data-e-type=\"container\">\n\t\t\t\t<div class=\"elementor-element elementor-element-baf240d elementor-widget__width-initial elementor-widget elementor-widget-heading\" data-id=\"baf240d\" data-element_type=\"widget\" data-e-type=\"widget\" data-widget_type=\"heading.default\">\n\t\t\t\t\t<p class=\"elementor-heading-title elementor-size-default\">05<\/p>\t\t\t\t<\/div>\n\t\t\t\t<\/div>\n\t\t<div class=\"elementor-element elementor-element-1b42066b e-con-full e-flex e-con e-child\" data-id=\"1b42066b\" data-element_type=\"container\" data-e-type=\"container\">\n\t\t\t\t<div class=\"elementor-element elementor-element-3244ea51 elementor-widget__width-initial elementor-widget elementor-widget-heading\" data-id=\"3244ea51\" data-element_type=\"widget\" data-e-type=\"widget\" data-widget_type=\"heading.default\">\n\t\t\t\t\t<p class=\"elementor-heading-title elementor-size-default\">06<\/p>\t\t\t\t<\/div>\n\t\t\t\t<\/div>\n\t\t<div class=\"elementor-element elementor-element-5808e3a2 e-con-full e-flex e-con e-child\" data-id=\"5808e3a2\" data-element_type=\"container\" data-e-type=\"container\">\n\t\t\t\t<div class=\"elementor-element elementor-element-489e3eab elementor-widget__width-initial elementor-widget elementor-widget-heading\" data-id=\"489e3eab\" data-element_type=\"widget\" data-e-type=\"widget\" data-widget_type=\"heading.default\">\n\t\t\t\t\t<p class=\"elementor-heading-title elementor-size-default\">07<\/p>\t\t\t\t<\/div>\n\t\t\t\t<\/div>\n\t\t<div class=\"elementor-element elementor-element-d44f220 e-con-full e-flex e-con e-child\" data-id=\"d44f220\" data-element_type=\"container\" data-e-type=\"container\">\n\t\t\t\t<div class=\"elementor-element elementor-element-5bc1bb6d elementor-widget__width-initial elementor-widget elementor-widget-heading\" data-id=\"5bc1bb6d\" data-element_type=\"widget\" data-e-type=\"widget\" data-widget_type=\"heading.default\">\n\t\t\t\t\t<p class=\"elementor-heading-title elementor-size-default\">08<\/p>\t\t\t\t<\/div>\n\t\t\t\t<\/div>\n\t\t\t\t<\/div>\n\t\t\t\t\t<\/div>\n\t\t\t\t<\/div>\n\t\t\t\t<\/div>\n\t\t","protected":false},"excerpt":{"rendered":"<p>\ud83d\udcbb Slu\u017eby V\u00fdvoj mobiln\u00edch aplikac\u00ed Zvol\u00edme ide\u00e1ln\u00ed technologii mobiln\u00ed aplikace na m\u00edru va\u0161im pot\u0159eb\u00e1m pro maxim\u00e1ln\u00ed efektivitu Pro\u010d investovat do mobiln\u00ed aplikace? V dne\u0161n\u00ed digit\u00e1ln\u00ed dob\u011b mobiln\u00ed aplikace p\u0159edstavuj\u00ed kl\u00ed\u010dov\u00fd n\u00e1stroj, jak se dostat bl\u00ed\u017ee k z\u00e1kazn\u00edk\u016fm a nab\u00eddnout jim lep\u0161\u00ed u\u017eivatelskou zku\u0161enost. Aplikace umo\u017e\u0148uj\u00ed rychl\u00fd a snadn\u00fd p\u0159\u00edstup k va\u0161im slu\u017eb\u00e1m p\u0159\u00edmo z obrazovky [&hellip;]<\/p>\n","protected":false},"author":1,"featured_media":0,"parent":0,"menu_order":0,"comment_status":"closed","ping_status":"closed","template":"elementor_header_footer","meta":{"_acf_changed":false,"footnotes":""},"class_list":["post-744","page","type-page","status-publish","hentry"],"acf":[],"_links":{"self":[{"href":"https:\/\/web.kkwebdesign.cz\/index.php?rest_route=\/wp\/v2\/pages\/744","targetHints":{"allow":["GET"]}}],"collection":[{"href":"https:\/\/web.kkwebdesign.cz\/index.php?rest_route=\/wp\/v2\/pages"}],"about":[{"href":"https:\/\/web.kkwebdesign.cz\/index.php?rest_route=\/wp\/v2\/types\/page"}],"author":[{"embeddable":true,"href":"https:\/\/web.kkwebdesign.cz\/index.php?rest_route=\/wp\/v2\/users\/1"}],"replies":[{"embeddable":true,"href":"https:\/\/web.kkwebdesign.cz\/index.php?rest_route=%2Fwp%2Fv2%2Fcomments&post=744"}],"version-history":[{"count":0,"href":"https:\/\/web.kkwebdesign.cz\/index.php?rest_route=\/wp\/v2\/pages\/744\/revisions"}],"wp:attachment":[{"href":"https:\/\/web.kkwebdesign.cz\/index.php?rest_route=%2Fwp%2Fv2%2Fmedia&parent=744"}],"curies":[{"name":"wp","href":"https:\/\/api.w.org\/{rel}","templated":true}]}}