{"id":706,"date":"2025-01-03T14:56:26","date_gmt":"2025-01-03T14:56:26","guid":{"rendered":"https:\/\/www.kk-webdesign.eu\/?page_id=706"},"modified":"2026-02-03T13:56:20","modified_gmt":"2026-02-03T13:56:20","slug":"generovani-obsahu-pomoci-ai","status":"publish","type":"page","link":"https:\/\/web.kkwebdesign.cz\/?page_id=706","title":{"rendered":"Generov\u00e1n\u00ed obsahu pomoc\u00ed AI"},"content":{"rendered":"\t\t<div data-elementor-type=\"wp-page\" data-elementor-id=\"706\" class=\"elementor elementor-706\">\n\t\t\t\t<div class=\"elementor-element elementor-element-65d9b131 e-con-full e-flex e-con e-parent\" data-id=\"65d9b131\" data-element_type=\"container\" data-e-type=\"container\" data-settings=\"{&quot;background_background&quot;:&quot;gradient&quot;}\">\n\t\t<div class=\"elementor-element elementor-element-fe8a043 e-flex e-con-boxed elementor-invisible e-con e-child\" data-id=\"fe8a043\" data-element_type=\"container\" data-e-type=\"container\" data-settings=\"{&quot;animation&quot;:&quot;slideInUp&quot;,&quot;animation_delay&quot;:150}\">\n\t\t\t\t\t<div class=\"e-con-inner\">\n\t\t<div class=\"elementor-element elementor-element-7668afba e-con-full e-flex e-con e-child\" data-id=\"7668afba\" data-element_type=\"container\" data-e-type=\"container\">\n\t\t\t\t<div class=\"elementor-element elementor-element-412d7035 elementor-widget elementor-widget-heading\" data-id=\"412d7035\" data-element_type=\"widget\" data-e-type=\"widget\" data-widget_type=\"heading.default\">\n\t\t\t\t\t<div class=\"elementor-heading-title elementor-size-default\">\ud83d\udcbb<\/div>\t\t\t\t<\/div>\n\t\t\t\t<div class=\"elementor-element elementor-element-13119627 elementor-widget elementor-widget-heading\" data-id=\"13119627\" data-element_type=\"widget\" data-e-type=\"widget\" data-widget_type=\"heading.default\">\n\t\t\t\t\t<h2 class=\"elementor-heading-title elementor-size-default\">Slu\u017eby<\/h2>\t\t\t\t<\/div>\n\t\t\t\t<\/div>\n\t\t\t\t\t<\/div>\n\t\t\t\t<\/div>\n\t\t\t\t<\/div>\n\t\t<div class=\"elementor-element elementor-element-6e40f86c e-flex e-con-boxed elementor-invisible e-con e-parent\" data-id=\"6e40f86c\" data-element_type=\"container\" data-e-type=\"container\" data-settings=\"{&quot;animation&quot;:&quot;fadeInUp&quot;}\">\n\t\t\t\t\t<div class=\"e-con-inner\">\n\t\t<div class=\"elementor-element elementor-element-8a0dfc8 e-con-full e-flex e-con e-child\" data-id=\"8a0dfc8\" data-element_type=\"container\" data-e-type=\"container\">\n\t\t\t\t<div class=\"elementor-element elementor-element-309f51e elementor-widget elementor-widget-text-editor\" data-id=\"309f51e\" data-element_type=\"widget\" data-e-type=\"widget\" data-widget_type=\"text-editor.default\">\n\t\t\t\t\t\t\t\t\t<div class=\"flex max-w-full flex-col flex-grow\"><div class=\"min-h-8 text-message flex w-full flex-col items-end gap-2 whitespace-normal break-words text-start [.text-message+&amp;]:mt-5\" dir=\"auto\" data-message-author-role=\"assistant\" data-message-id=\"5734537a-ba64-4598-ba46-bfa35042bcbf\" data-message-model-slug=\"gpt-4o\"><div class=\"flex w-full flex-col gap-1 empty:hidden first:pt-[3px]\"><div class=\"markdown prose w-full break-words dark:prose-invert light\"><p>Nem\u00e1te p\u0159ipraven\u00fd obsah na sv\u016fj web a nechcete utr\u00e1cet za drah\u00e9 copywritery? M\u00e1m pro v\u00e1s ide\u00e1ln\u00ed \u0159e\u0161en\u00ed! Pomoc\u00ed pokro\u010dil\u00fdch n\u00e1stroj\u016f AI, jako jsou ChatGPT nebo ClaudeAI, dok\u00e1\u017eu rychle a efektivn\u011b generovat texty na m\u00edru p\u0159esn\u011b podle va\u0161ich pot\u0159eb. Z\u00edsk\u00e1te profesion\u00e1ln\u00ed obsah, kter\u00fd zaujme va\u0161e z\u00e1kazn\u00edky, a z\u00e1rove\u0148 u\u0161et\u0159\u00edte \u010das i pen\u00edze, kter\u00e9 byste jinak museli investovat do tradi\u010dn\u00ed tvorby text\u016f.<\/p><\/div><\/div><\/div><\/div>\t\t\t\t\t\t\t\t<\/div>\n\t\t\t\t<\/div>\n\t\t<div class=\"elementor-element elementor-element-97071a5 e-con-full e-flex e-con e-child\" data-id=\"97071a5\" data-element_type=\"container\" data-e-type=\"container\">\n\t\t\t\t<div class=\"elementor-element elementor-element-35be2468 elementor-widget elementor-widget-lottie\" data-id=\"35be2468\" data-element_type=\"widget\" data-e-type=\"widget\" data-widget_type=\"lottie.default\">\n\t\t\t\t<div class=\"elementor-widget-container\">\n\t\t\t\t\t \t\t\t\t<\/div>\n\t\t\t\t<\/div>\n\t\t\t\t<\/div>\n\t\t\t\t\t<\/div>\n\t\t\t\t<\/div>\n\t\t<div class=\"elementor-element elementor-element-16734d90 e-flex e-con-boxed e-con e-parent\" data-id=\"16734d90\" data-element_type=\"container\" data-e-type=\"container\">\n\t\t\t\t\t<div class=\"e-con-inner\">\n\t\t<div class=\"elementor-element elementor-element-2d07858 e-con-full e-flex e-con e-child\" data-id=\"2d07858\" data-element_type=\"container\" data-e-type=\"container\">\n\t\t<div class=\"elementor-element elementor-element-1b95b9c7 e-con-full e-flex e-con e-child\" data-id=\"1b95b9c7\" data-element_type=\"container\" data-e-type=\"container\">\n\t\t\t\t<div class=\"elementor-element elementor-element-2f90687c elementor-widget elementor-widget-heading\" data-id=\"2f90687c\" data-element_type=\"widget\" data-e-type=\"widget\" data-widget_type=\"heading.default\">\n\t\t\t\t\t<div class=\"elementor-heading-title elementor-size-default\">\ud83d\udcc4<\/div>\t\t\t\t<\/div>\n\t\t\t\t<div class=\"elementor-element elementor-element-69d80407 elementor-widget elementor-widget-heading\" data-id=\"69d80407\" data-element_type=\"widget\" data-e-type=\"widget\" data-widget_type=\"heading.default\">\n\t\t\t\t\t<h2 class=\"elementor-heading-title elementor-size-default\">Ot\u00e1zky &amp; Odpov\u011bdi<\/h2>\t\t\t\t<\/div>\n\t\t\t\t<\/div>\n\t\t\t\t<\/div>\n\t\t<div class=\"elementor-element elementor-element-29a3bd87 e-con-full e-flex e-con e-child\" data-id=\"29a3bd87\" data-element_type=\"container\" data-e-type=\"container\">\n\t\t<div class=\"elementor-element elementor-element-23e52189 e-con-full e-flex e-con e-child\" data-id=\"23e52189\" data-element_type=\"container\" data-e-type=\"container\">\n\t\t\t\t<div class=\"elementor-element elementor-element-20e1cfd elementor-widget__width-initial elementor-widget elementor-widget-heading\" data-id=\"20e1cfd\" data-element_type=\"widget\" data-e-type=\"widget\" data-widget_type=\"heading.default\">\n\t\t\t\t\t<p class=\"elementor-heading-title elementor-size-default\">01<\/p>\t\t\t\t<\/div>\n\t\t\t\t<\/div>\n\t\t<div class=\"elementor-element elementor-element-e624043 e-con-full e-flex e-con e-child\" data-id=\"e624043\" data-element_type=\"container\" data-e-type=\"container\">\n\t\t\t\t<div class=\"elementor-element elementor-element-14cbd12 elementor-widget__width-initial elementor-widget elementor-widget-heading\" data-id=\"14cbd12\" data-element_type=\"widget\" data-e-type=\"widget\" data-widget_type=\"heading.default\">\n\t\t\t\t\t<p class=\"elementor-heading-title elementor-size-default\">02<\/p>\t\t\t\t<\/div>\n\t\t\t\t<\/div>\n\t\t<div class=\"elementor-element elementor-element-20c3f946 e-con-full e-flex e-con e-child\" data-id=\"20c3f946\" data-element_type=\"container\" data-e-type=\"container\">\n\t\t\t\t<div class=\"elementor-element elementor-element-61efb61c elementor-widget__width-initial elementor-widget elementor-widget-heading\" data-id=\"61efb61c\" data-element_type=\"widget\" data-e-type=\"widget\" data-widget_type=\"heading.default\">\n\t\t\t\t\t<p class=\"elementor-heading-title elementor-size-default\">03<\/p>\t\t\t\t<\/div>\n\t\t\t\t<\/div>\n\t\t<div class=\"elementor-element elementor-element-5fd7ba2 e-con-full e-flex e-con e-child\" data-id=\"5fd7ba2\" data-element_type=\"container\" data-e-type=\"container\">\n\t\t\t\t<div class=\"elementor-element elementor-element-74d7feb4 elementor-widget__width-initial elementor-widget elementor-widget-heading\" data-id=\"74d7feb4\" data-element_type=\"widget\" data-e-type=\"widget\" data-widget_type=\"heading.default\">\n\t\t\t\t\t<p class=\"elementor-heading-title elementor-size-default\">04<\/p>\t\t\t\t<\/div>\n\t\t\t\t<\/div>\n\t\t<div class=\"elementor-element elementor-element-6596aece e-con-full e-flex e-con e-child\" data-id=\"6596aece\" data-element_type=\"container\" data-e-type=\"container\">\n\t\t\t\t<div class=\"elementor-element elementor-element-11c76372 elementor-widget__width-initial elementor-widget elementor-widget-heading\" data-id=\"11c76372\" data-element_type=\"widget\" data-e-type=\"widget\" data-widget_type=\"heading.default\">\n\t\t\t\t\t<p class=\"elementor-heading-title elementor-size-default\">05<\/p>\t\t\t\t<\/div>\n\t\t\t\t<\/div>\n\t\t<div class=\"elementor-element elementor-element-4e01c231 e-con-full e-flex e-con e-child\" data-id=\"4e01c231\" data-element_type=\"container\" data-e-type=\"container\">\n\t\t\t\t<div class=\"elementor-element elementor-element-150cc544 elementor-widget__width-initial elementor-widget elementor-widget-heading\" data-id=\"150cc544\" data-element_type=\"widget\" data-e-type=\"widget\" data-widget_type=\"heading.default\">\n\t\t\t\t\t<p class=\"elementor-heading-title elementor-size-default\">06<\/p>\t\t\t\t<\/div>\n\t\t\t\t<\/div>\n\t\t<div class=\"elementor-element elementor-element-7adcd1c0 e-con-full e-flex e-con e-child\" data-id=\"7adcd1c0\" data-element_type=\"container\" data-e-type=\"container\">\n\t\t\t\t<div class=\"elementor-element elementor-element-784e9bbb elementor-widget__width-initial elementor-widget elementor-widget-heading\" data-id=\"784e9bbb\" data-element_type=\"widget\" data-e-type=\"widget\" data-widget_type=\"heading.default\">\n\t\t\t\t\t<p class=\"elementor-heading-title elementor-size-default\">07<\/p>\t\t\t\t<\/div>\n\t\t\t\t<\/div>\n\t\t\t\t<\/div>\n\t\t\t\t\t<\/div>\n\t\t\t\t<\/div>\n\t\t\t\t<\/div>\n\t\t","protected":false},"excerpt":{"rendered":"<p>? Slu\u017eby Generov\u00e1n\u00ed obsahu pomoc\u00ed AI Generov\u00e1n\u00ed obsahu pro v\u00e1\u0161 web bez n\u00e1klad\u016f na copywritera \u00a0 \u00a0 Kvalitn\u00ed obsah na v\u00e1\u0161 web Nem\u00e1te p\u0159ipraven\u00fd obsah na sv\u016fj web a nechcete utr\u00e1cet za drah\u00e9 copywritery? M\u00e1m pro v\u00e1s ide\u00e1ln\u00ed \u0159e\u0161en\u00ed! Pomoc\u00ed pokro\u010dil\u00fdch n\u00e1stroj\u016f AI, jako jsou ChatGPT nebo ClaudeAI, dok\u00e1\u017eu rychle a efektivn\u011b generovat texty na [&hellip;]<\/p>\n","protected":false},"author":1,"featured_media":0,"parent":0,"menu_order":0,"comment_status":"closed","ping_status":"closed","template":"elementor_header_footer","meta":{"_acf_changed":false,"footnotes":""},"class_list":["post-706","page","type-page","status-publish","hentry"],"acf":[],"_links":{"self":[{"href":"https:\/\/web.kkwebdesign.cz\/index.php?rest_route=\/wp\/v2\/pages\/706","targetHints":{"allow":["GET"]}}],"collection":[{"href":"https:\/\/web.kkwebdesign.cz\/index.php?rest_route=\/wp\/v2\/pages"}],"about":[{"href":"https:\/\/web.kkwebdesign.cz\/index.php?rest_route=\/wp\/v2\/types\/page"}],"author":[{"embeddable":true,"href":"https:\/\/web.kkwebdesign.cz\/index.php?rest_route=\/wp\/v2\/users\/1"}],"replies":[{"embeddable":true,"href":"https:\/\/web.kkwebdesign.cz\/index.php?rest_route=%2Fwp%2Fv2%2Fcomments&post=706"}],"version-history":[{"count":0,"href":"https:\/\/web.kkwebdesign.cz\/index.php?rest_route=\/wp\/v2\/pages\/706\/revisions"}],"wp:attachment":[{"href":"https:\/\/web.kkwebdesign.cz\/index.php?rest_route=%2Fwp%2Fv2%2Fmedia&parent=706"}],"curies":[{"name":"wp","href":"https:\/\/api.w.org\/{rel}","templated":true}]}}