{"id":690,"date":"2025-01-03T14:18:32","date_gmt":"2025-01-03T14:18:32","guid":{"rendered":"https:\/\/www.kk-webdesign.eu\/?page_id=690"},"modified":"2026-02-04T12:32:00","modified_gmt":"2026-02-04T12:32:00","slug":"sprava-webovych-stranek","status":"publish","type":"page","link":"https:\/\/web.kkwebdesign.cz\/?page_id=690","title":{"rendered":"Spr\u00e1va webov\u00fdch str\u00e1nek"},"content":{"rendered":"\t\t<div data-elementor-type=\"wp-page\" data-elementor-id=\"690\" class=\"elementor elementor-690\">\n\t\t\t\t<div class=\"elementor-element elementor-element-652d36d e-con-full e-flex e-con e-parent\" data-id=\"652d36d\" data-element_type=\"container\" data-e-type=\"container\" data-settings=\"{&quot;background_background&quot;:&quot;gradient&quot;}\">\n\t\t<div class=\"elementor-element elementor-element-5f477487 e-flex e-con-boxed elementor-invisible e-con e-child\" data-id=\"5f477487\" data-element_type=\"container\" data-e-type=\"container\" data-settings=\"{&quot;animation&quot;:&quot;slideInUp&quot;,&quot;animation_delay&quot;:150}\">\n\t\t\t\t\t<div class=\"e-con-inner\">\n\t\t<div class=\"elementor-element elementor-element-3ee054c1 e-con-full e-flex e-con e-child\" data-id=\"3ee054c1\" data-element_type=\"container\" data-e-type=\"container\">\n\t\t\t\t<div class=\"elementor-element elementor-element-5243857b elementor-widget elementor-widget-heading\" data-id=\"5243857b\" data-element_type=\"widget\" data-e-type=\"widget\" data-widget_type=\"heading.default\">\n\t\t\t\t\t<div class=\"elementor-heading-title elementor-size-default\">\ud83d\udcbb<\/div>\t\t\t\t<\/div>\n\t\t\t\t<div class=\"elementor-element elementor-element-49ebb727 elementor-widget elementor-widget-heading\" data-id=\"49ebb727\" data-element_type=\"widget\" data-e-type=\"widget\" data-widget_type=\"heading.default\">\n\t\t\t\t\t<h2 class=\"elementor-heading-title elementor-size-default\">Slu\u017eby<\/h2>\t\t\t\t<\/div>\n\t\t\t\t<\/div>\n\t\t\t\t\t<\/div>\n\t\t\t\t<\/div>\n\t\t\t\t<\/div>\n\t\t<div class=\"elementor-element elementor-element-6f249660 e-flex e-con-boxed elementor-invisible e-con e-parent\" data-id=\"6f249660\" data-element_type=\"container\" data-e-type=\"container\" data-settings=\"{&quot;animation&quot;:&quot;fadeInUp&quot;}\">\n\t\t\t\t\t<div class=\"e-con-inner\">\n\t\t<div class=\"elementor-element elementor-element-7bcae1ce e-con-full e-flex e-con e-child\" data-id=\"7bcae1ce\" data-element_type=\"container\" data-e-type=\"container\">\n\t\t\t\t<div class=\"elementor-element elementor-element-2f7dea98 elementor-widget elementor-widget-text-editor\" data-id=\"2f7dea98\" data-element_type=\"widget\" data-e-type=\"widget\" data-widget_type=\"text-editor.default\">\n\t\t\t\t\t\t\t\t\t<p>Webov\u00e9 str\u00e1nky jsou dynamick\u00fdm n\u00e1strojem, kter\u00fd pot\u0159ebuje pravidelnou p\u00e9\u010di, aby z\u016fstaly funk\u010dn\u00ed a konkurenceschopn\u00e9. Bez pravideln\u00fdch aktualizac\u00ed mohou vzniknout technick\u00e9 probl\u00e9my, kter\u00e9 ohroz\u00ed u\u017eivatelskou zku\u0161enost a bezpe\u010dnost. Udr\u017eov\u00e1n\u00ed aktu\u00e1ln\u00edho webu v\u00e1m pom\u016f\u017ee udr\u017eet si n\u00e1skok p\u0159ed konkurenc\u00ed a zajistit, \u017ee va\u0161i n\u00e1v\u0161t\u011bvn\u00edci budou m\u00edt v\u017edy pozitivn\u00ed dojem.<\/p><p>V dne\u0161n\u00ed rychle se m\u011bn\u00edc\u00ed digit\u00e1ln\u00ed krajin\u011b je nezbytn\u00e9, aby web reagoval na nejnov\u011bj\u0161\u00ed technologick\u00e9 trendy a bezpe\u010dnostn\u00ed hrozby. To zahrnuje nejen aktualizace softwaru, ale i \u00fapravy podle zm\u011bn v prohl\u00ed\u017ee\u010d\u00edch a dal\u0161\u00edch platform\u00e1ch. Bez t\u00e9to p\u00e9\u010de se v\u00e1\u0161 web m\u016f\u017ee snadno st\u00e1t ob\u011bt\u00ed kybernetick\u00fdch \u00fatok\u016f nebo zastaral\u00e9ho designu.<\/p>\t\t\t\t\t\t\t\t<\/div>\n\t\t\t\t<\/div>\n\t\t<div class=\"elementor-element elementor-element-71ee90b2 e-con-full e-flex e-con e-child\" data-id=\"71ee90b2\" data-element_type=\"container\" data-e-type=\"container\">\n\t\t\t\t<div class=\"elementor-element elementor-element-317947e6 elementor-widget elementor-widget-lottie\" data-id=\"317947e6\" data-element_type=\"widget\" data-e-type=\"widget\" data-widget_type=\"lottie.default\">\n\t\t\t\t<div class=\"elementor-widget-container\">\n\t\t\t\t\t \t\t\t\t<\/div>\n\t\t\t\t<\/div>\n\t\t\t\t<\/div>\n\t\t\t\t\t<\/div>\n\t\t\t\t<\/div>\n\t\t<div class=\"elementor-element elementor-element-43ae8131 e-flex e-con-boxed e-con e-parent\" data-id=\"43ae8131\" data-element_type=\"container\" data-e-type=\"container\">\n\t\t\t\t\t<div class=\"e-con-inner\">\n\t\t<div class=\"elementor-element elementor-element-3847eaf9 e-con-full e-flex e-con e-child\" data-id=\"3847eaf9\" data-element_type=\"container\" data-e-type=\"container\">\n\t\t<div class=\"elementor-element elementor-element-1edf9ff9 e-con-full e-flex e-con e-child\" data-id=\"1edf9ff9\" data-element_type=\"container\" data-e-type=\"container\">\n\t\t\t\t<div class=\"elementor-element elementor-element-5fda8773 elementor-widget elementor-widget-heading\" data-id=\"5fda8773\" data-element_type=\"widget\" data-e-type=\"widget\" data-widget_type=\"heading.default\">\n\t\t\t\t\t<div class=\"elementor-heading-title elementor-size-default\">\ud83d\udcc4<\/div>\t\t\t\t<\/div>\n\t\t\t\t<div class=\"elementor-element elementor-element-69b23c7f elementor-widget elementor-widget-heading\" data-id=\"69b23c7f\" data-element_type=\"widget\" data-e-type=\"widget\" data-widget_type=\"heading.default\">\n\t\t\t\t\t<h2 class=\"elementor-heading-title elementor-size-default\">Ot\u00e1zky &amp; Odpov\u011bdi<\/h2>\t\t\t\t<\/div>\n\t\t\t\t<\/div>\n\t\t\t\t<\/div>\n\t\t<div class=\"elementor-element elementor-element-17f1fef5 e-con-full e-flex e-con e-child\" data-id=\"17f1fef5\" data-element_type=\"container\" data-e-type=\"container\">\n\t\t<div class=\"elementor-element elementor-element-5d465762 e-con-full e-flex e-con e-child\" data-id=\"5d465762\" data-element_type=\"container\" data-e-type=\"container\">\n\t\t\t\t<div class=\"elementor-element elementor-element-3a657aae elementor-widget__width-initial elementor-widget elementor-widget-heading\" data-id=\"3a657aae\" data-element_type=\"widget\" data-e-type=\"widget\" data-widget_type=\"heading.default\">\n\t\t\t\t\t<p class=\"elementor-heading-title elementor-size-default\">01<\/p>\t\t\t\t<\/div>\n\t\t\t\t<\/div>\n\t\t<div class=\"elementor-element elementor-element-997fa1d e-con-full e-flex e-con e-child\" data-id=\"997fa1d\" data-element_type=\"container\" data-e-type=\"container\">\n\t\t\t\t<div class=\"elementor-element elementor-element-4c56dfb elementor-widget__width-initial elementor-widget elementor-widget-heading\" data-id=\"4c56dfb\" data-element_type=\"widget\" data-e-type=\"widget\" data-widget_type=\"heading.default\">\n\t\t\t\t\t<p class=\"elementor-heading-title elementor-size-default\">02<\/p>\t\t\t\t<\/div>\n\t\t\t\t<\/div>\n\t\t<div class=\"elementor-element elementor-element-20377f8b e-con-full e-flex e-con e-child\" data-id=\"20377f8b\" data-element_type=\"container\" data-e-type=\"container\">\n\t\t\t\t<div class=\"elementor-element elementor-element-6d610e79 elementor-widget__width-initial elementor-widget elementor-widget-heading\" data-id=\"6d610e79\" data-element_type=\"widget\" data-e-type=\"widget\" data-widget_type=\"heading.default\">\n\t\t\t\t\t<p class=\"elementor-heading-title elementor-size-default\">03<\/p>\t\t\t\t<\/div>\n\t\t\t\t<\/div>\n\t\t<div class=\"elementor-element elementor-element-1879dd6 e-con-full e-flex e-con e-child\" data-id=\"1879dd6\" data-element_type=\"container\" data-e-type=\"container\">\n\t\t\t\t<div class=\"elementor-element elementor-element-67eef403 elementor-widget__width-initial elementor-widget elementor-widget-heading\" data-id=\"67eef403\" data-element_type=\"widget\" data-e-type=\"widget\" data-widget_type=\"heading.default\">\n\t\t\t\t\t<p class=\"elementor-heading-title elementor-size-default\">04<\/p>\t\t\t\t<\/div>\n\t\t\t\t<\/div>\n\t\t<div class=\"elementor-element elementor-element-51f7597 e-con-full e-flex e-con e-child\" data-id=\"51f7597\" data-element_type=\"container\" data-e-type=\"container\">\n\t\t\t\t<div class=\"elementor-element elementor-element-f56d84a elementor-widget__width-initial elementor-widget elementor-widget-heading\" data-id=\"f56d84a\" data-element_type=\"widget\" data-e-type=\"widget\" data-widget_type=\"heading.default\">\n\t\t\t\t\t<p class=\"elementor-heading-title elementor-size-default\">05<\/p>\t\t\t\t<\/div>\n\t\t\t\t<\/div>\n\t\t<div class=\"elementor-element elementor-element-bff97e9 e-con-full e-flex e-con e-child\" data-id=\"bff97e9\" data-element_type=\"container\" data-e-type=\"container\">\n\t\t\t\t<div class=\"elementor-element elementor-element-254dc32 elementor-widget__width-initial elementor-widget elementor-widget-heading\" data-id=\"254dc32\" data-element_type=\"widget\" data-e-type=\"widget\" data-widget_type=\"heading.default\">\n\t\t\t\t\t<p class=\"elementor-heading-title elementor-size-default\">06<\/p>\t\t\t\t<\/div>\n\t\t\t\t<\/div>\n\t\t\t\t<\/div>\n\t\t\t\t\t<\/div>\n\t\t\t\t<\/div>\n\t\t\t\t<\/div>\n\t\t","protected":false},"excerpt":{"rendered":"<p>\ud83d\udcbb Slu\u017eby Spr\u00e1va webov\u00fdch str\u00e1nek Dlouhodob\u00e1 udr\u017eitelnost a funk\u010dnost webov\u00e9 str\u00e1nky je zn\u00e1mkou kvalitn\u00edho \u0159e\u0161en\u00ed \u00a0 Pro\u010d je spr\u00e1va webu d\u016fle\u017eit\u00e1 Webov\u00e9 str\u00e1nky jsou dynamick\u00fdm n\u00e1strojem, kter\u00fd pot\u0159ebuje pravidelnou p\u00e9\u010di, aby z\u016fstaly funk\u010dn\u00ed a konkurenceschopn\u00e9. Bez pravideln\u00fdch aktualizac\u00ed mohou vzniknout technick\u00e9 probl\u00e9my, kter\u00e9 ohroz\u00ed u\u017eivatelskou zku\u0161enost a bezpe\u010dnost. Udr\u017eov\u00e1n\u00ed aktu\u00e1ln\u00edho webu v\u00e1m pom\u016f\u017ee udr\u017eet si [&hellip;]<\/p>\n","protected":false},"author":1,"featured_media":0,"parent":0,"menu_order":0,"comment_status":"closed","ping_status":"closed","template":"elementor_header_footer","meta":{"_acf_changed":false,"footnotes":""},"class_list":["post-690","page","type-page","status-publish","hentry"],"acf":[],"_links":{"self":[{"href":"https:\/\/web.kkwebdesign.cz\/index.php?rest_route=\/wp\/v2\/pages\/690","targetHints":{"allow":["GET"]}}],"collection":[{"href":"https:\/\/web.kkwebdesign.cz\/index.php?rest_route=\/wp\/v2\/pages"}],"about":[{"href":"https:\/\/web.kkwebdesign.cz\/index.php?rest_route=\/wp\/v2\/types\/page"}],"author":[{"embeddable":true,"href":"https:\/\/web.kkwebdesign.cz\/index.php?rest_route=\/wp\/v2\/users\/1"}],"replies":[{"embeddable":true,"href":"https:\/\/web.kkwebdesign.cz\/index.php?rest_route=%2Fwp%2Fv2%2Fcomments&post=690"}],"version-history":[{"count":0,"href":"https:\/\/web.kkwebdesign.cz\/index.php?rest_route=\/wp\/v2\/pages\/690\/revisions"}],"wp:attachment":[{"href":"https:\/\/web.kkwebdesign.cz\/index.php?rest_route=%2Fwp%2Fv2%2Fmedia&parent=690"}],"curies":[{"name":"wp","href":"https:\/\/api.w.org\/{rel}","templated":true}]}}