{"id":467,"date":"2024-12-14T22:54:51","date_gmt":"2024-12-14T22:54:51","guid":{"rendered":"https:\/\/www.kk-webdesign.eu\/?page_id=467"},"modified":"2026-02-04T12:50:43","modified_gmt":"2026-02-04T12:50:43","slug":"poptavka","status":"publish","type":"page","link":"https:\/\/web.kkwebdesign.cz\/?page_id=467","title":{"rendered":"Zjistit cenu"},"content":{"rendered":"\t\t<div data-elementor-type=\"wp-page\" data-elementor-id=\"467\" class=\"elementor elementor-467\">\n\t\t\t\t<div class=\"elementor-element elementor-element-d3cb297 e-con-full e-flex e-con e-parent\" data-id=\"d3cb297\" data-element_type=\"container\" data-e-type=\"container\" data-settings=\"{&quot;background_background&quot;:&quot;gradient&quot;}\">\n\t\t<div class=\"elementor-element elementor-element-58b6c5d e-flex e-con-boxed elementor-invisible e-con e-child\" data-id=\"58b6c5d\" data-element_type=\"container\" data-e-type=\"container\" data-settings=\"{&quot;animation&quot;:&quot;slideInUp&quot;,&quot;animation_delay&quot;:150}\">\n\t\t\t\t\t<div class=\"e-con-inner\">\n\t\t<div class=\"elementor-element elementor-element-37a3677 e-con-full e-flex e-con e-child\" data-id=\"37a3677\" data-element_type=\"container\" data-e-type=\"container\">\n\t\t\t\t<div class=\"elementor-element elementor-element-9b88abe elementor-widget elementor-widget-heading\" data-id=\"9b88abe\" data-element_type=\"widget\" data-e-type=\"widget\" data-widget_type=\"heading.default\">\n\t\t\t\t\t<div class=\"elementor-heading-title elementor-size-default\">\u270d\ufe0f<\/div>\t\t\t\t<\/div>\n\t\t\t\t<div class=\"elementor-element elementor-element-6a2a978 elementor-widget elementor-widget-heading\" data-id=\"6a2a978\" data-element_type=\"widget\" data-e-type=\"widget\" data-widget_type=\"heading.default\">\n\t\t\t\t\t<h2 class=\"elementor-heading-title elementor-size-default\">Popt\u00e1vka<\/h2>\t\t\t\t<\/div>\n\t\t\t\t<\/div>\n\t\t\t\t\t<\/div>\n\t\t\t\t<\/div>\n\t\t\t\t<\/div>\n\t\t<div class=\"elementor-element elementor-element-a3b9230 e-flex e-con-boxed elementor-invisible e-con e-parent\" data-id=\"a3b9230\" data-element_type=\"container\" data-e-type=\"container\" data-settings=\"{&quot;animation&quot;:&quot;slideInUp&quot;}\">\n\t\t\t\t\t<div class=\"e-con-inner\">\n\t\t\t\t<div class=\"elementor-element elementor-element-3dd220b elementor-widget elementor-widget-form\" data-id=\"3dd220b\" data-element_type=\"widget\" data-e-type=\"widget\" data-widget_type=\"form.default\">\n\t\t\t\t<div class=\"elementor-widget-container\">\n\t\t\t\t\t \t\t\t\t<\/div>\n\t\t\t\t<\/div>\n\t\t\t\t\t<\/div>\n\t\t\t\t<\/div>\n\t\t\t\t<\/div>\n\t\t","protected":false},"excerpt":{"rendered":"<p>\u270d\ufe0f Popt\u00e1vka Zjist\u011bte si orienta\u010dn\u00ed cenu va\u0161eho projektu<\/p>\n","protected":false},"author":1,"featured_media":0,"parent":0,"menu_order":0,"comment_status":"closed","ping_status":"closed","template":"elementor_header_footer","meta":{"_acf_changed":false,"footnotes":""},"class_list":["post-467","page","type-page","status-publish","hentry"],"acf":[],"_links":{"self":[{"href":"https:\/\/web.kkwebdesign.cz\/index.php?rest_route=\/wp\/v2\/pages\/467","targetHints":{"allow":["GET"]}}],"collection":[{"href":"https:\/\/web.kkwebdesign.cz\/index.php?rest_route=\/wp\/v2\/pages"}],"about":[{"href":"https:\/\/web.kkwebdesign.cz\/index.php?rest_route=\/wp\/v2\/types\/page"}],"author":[{"embeddable":true,"href":"https:\/\/web.kkwebdesign.cz\/index.php?rest_route=\/wp\/v2\/users\/1"}],"replies":[{"embeddable":true,"href":"https:\/\/web.kkwebdesign.cz\/index.php?rest_route=%2Fwp%2Fv2%2Fcomments&post=467"}],"version-history":[{"count":0,"href":"https:\/\/web.kkwebdesign.cz\/index.php?rest_route=\/wp\/v2\/pages\/467\/revisions"}],"wp:attachment":[{"href":"https:\/\/web.kkwebdesign.cz\/index.php?rest_route=%2Fwp%2Fv2%2Fmedia&parent=467"}],"curies":[{"name":"wp","href":"https:\/\/api.w.org\/{rel}","templated":true}]}}