{"id":384,"date":"2024-12-14T21:52:02","date_gmt":"2024-12-14T21:52:02","guid":{"rendered":"https:\/\/www.kk-webdesign.eu\/?page_id=384"},"modified":"2026-02-03T14:00:03","modified_gmt":"2026-02-03T14:00:03","slug":"kontakt","status":"publish","type":"page","link":"https:\/\/web.kkwebdesign.cz\/?page_id=384","title":{"rendered":"Kontakt"},"content":{"rendered":"\t\t<div data-elementor-type=\"wp-page\" data-elementor-id=\"384\" class=\"elementor elementor-384\">\n\t\t\t\t<div class=\"elementor-element elementor-element-b8498d4 e-con-full e-flex e-con e-parent\" data-id=\"b8498d4\" data-element_type=\"container\" data-e-type=\"container\" data-settings=\"{&quot;background_background&quot;:&quot;gradient&quot;}\">\n\t\t<div class=\"elementor-element elementor-element-ad9e7d4 e-flex e-con-boxed elementor-invisible e-con e-child\" data-id=\"ad9e7d4\" data-element_type=\"container\" data-e-type=\"container\" data-settings=\"{&quot;animation&quot;:&quot;slideInUp&quot;,&quot;animation_delay&quot;:150}\">\n\t\t\t\t\t<div class=\"e-con-inner\">\n\t\t<div class=\"elementor-element elementor-element-b98a575 e-con-full e-flex e-con e-child\" data-id=\"b98a575\" data-element_type=\"container\" data-e-type=\"container\">\n\t\t\t\t<div class=\"elementor-element elementor-element-a1674f6 elementor-widget elementor-widget-heading\" data-id=\"a1674f6\" data-element_type=\"widget\" data-e-type=\"widget\" data-widget_type=\"heading.default\">\n\t\t\t\t\t<div class=\"elementor-heading-title elementor-size-default\">\ud83e\udd1d<\/div>\t\t\t\t<\/div>\n\t\t\t\t<div class=\"elementor-element elementor-element-2f82e46 elementor-widget elementor-widget-heading\" data-id=\"2f82e46\" data-element_type=\"widget\" data-e-type=\"widget\" data-widget_type=\"heading.default\">\n\t\t\t\t\t<h2 class=\"elementor-heading-title elementor-size-default\">Kontakt<\/h2>\t\t\t\t<\/div>\n\t\t\t\t<\/div>\n\t\t\t\t\t<\/div>\n\t\t\t\t<\/div>\n\t\t\t\t<\/div>\n\t\t<div class=\"elementor-element elementor-element-7c51dea e-flex e-con-boxed elementor-invisible e-con e-parent\" data-id=\"7c51dea\" data-element_type=\"container\" data-e-type=\"container\" data-settings=\"{&quot;animation&quot;:&quot;slideInUp&quot;}\">\n\t\t\t\t\t<div class=\"e-con-inner\">\n\t\t<div class=\"elementor-element elementor-element-76debe1 e-con-full e-flex e-con e-child\" data-id=\"76debe1\" data-element_type=\"container\" data-e-type=\"container\">\n\t\t\t\t<div class=\"elementor-element elementor-element-36706e7 elementor-widget elementor-widget-form\" data-id=\"36706e7\" data-element_type=\"widget\" data-e-type=\"widget\" data-widget_type=\"form.default\">\n\t\t\t\t<div class=\"elementor-widget-container\">\n\t\t\t\t\t \t\t\t\t<\/div>\n\t\t\t\t<\/div>\n\t\t\t\t<\/div>\n\t\t<div class=\"elementor-element elementor-element-5d66fc3 e-con-full e-flex e-con e-child\" data-id=\"5d66fc3\" data-element_type=\"container\" data-e-type=\"container\">\n\t\t<div class=\"elementor-element elementor-element-41b1085 e-con-full e-flex e-con e-child\" data-id=\"41b1085\" data-element_type=\"container\" data-e-type=\"container\">\n\t\t\t\t<div class=\"elementor-element elementor-element-fae5fdc elementor-widget elementor-widget-heading\" data-id=\"fae5fdc\" data-element_type=\"widget\" data-e-type=\"widget\" data-widget_type=\"heading.default\">\n\t\t\t\t\t<h4 class=\"elementor-heading-title elementor-size-default\"><u>Kontakt<\/u><\/h4>\t\t\t\t<\/div>\n\t\t\t\t<div class=\"elementor-element elementor-element-f0b47c9 elementor-align-start elementor-icon-list--layout-traditional elementor-list-item-link-full_width elementor-widget elementor-widget-icon-list\" data-id=\"f0b47c9\" data-element_type=\"widget\" data-e-type=\"widget\" data-widget_type=\"icon-list.default\">\n\t\t\t\t\t\t\t<ul class=\"elementor-icon-list-items\">\n\t\t\t\t\t\t\t<li class=\"elementor-icon-list-item\">\n\t\t\t\t\t\t\t\t\t\t\t<a href=\"#\">\n\n\t\t\t\t\t\t\t\t\t\t\t<span class=\"elementor-icon-list-text\"><font size=\"5\">\ud83d\udce7<\/font> &nbsp;&nbsp; info@kk-webdesign.eu<\/span>\n\t\t\t\t\t\t\t\t\t\t\t<\/a>\n\t\t\t\t\t\t\t\t\t<\/li>\n\t\t\t\t\t\t\t\t<li class=\"elementor-icon-list-item\">\n\t\t\t\t\t\t\t\t\t\t\t<a href=\"#\">\n\n\t\t\t\t\t\t\t\t\t\t\t<span class=\"elementor-icon-list-text\"><font size=\"5\">\ud83d\udd52<\/font> &nbsp;&nbsp;   Po \u2192 P\u00e1 10:00 - 19:00<\/span>\n\t\t\t\t\t\t\t\t\t\t\t<\/a>\n\t\t\t\t\t\t\t\t\t<\/li>\n\t\t\t\t\t\t<\/ul>\n\t\t\t\t\t\t<\/div>\n\t\t\t\t<\/div>\n\t\t<div class=\"elementor-element elementor-element-ac4dcb4 e-con-full e-flex e-con e-child\" data-id=\"ac4dcb4\" data-element_type=\"container\" data-e-type=\"container\">\n\t\t\t\t<div class=\"elementor-element elementor-element-6643d87 elementor-widget elementor-widget-heading\" data-id=\"6643d87\" data-element_type=\"widget\" data-e-type=\"widget\" data-widget_type=\"heading.default\">\n\t\t\t\t\t<h4 class=\"elementor-heading-title elementor-size-default\"><u>Kapacita<\/u><\/h4>\t\t\t\t<\/div>\n\t\t<div class=\"elementor-element elementor-element-172604e e-con-full e-flex e-con e-child\" data-id=\"172604e\" data-element_type=\"container\" data-e-type=\"container\">\n\t\t\t\t<div class=\"elementor-element elementor-element-640fdca elementor-widget elementor-widget-lottie\" data-id=\"640fdca\" data-element_type=\"widget\" data-e-type=\"widget\" data-widget_type=\"lottie.default\">\n\t\t\t\t<div class=\"elementor-widget-container\">\n\t\t\t\t\t \t\t\t\t<\/div>\n\t\t\t\t<\/div>\n\t\t\t\t<div class=\"elementor-element elementor-element-c64718f elementor-widget__width-initial elementor-widget elementor-widget-heading\" data-id=\"c64718f\" data-element_type=\"widget\" data-e-type=\"widget\" data-widget_type=\"heading.default\">\n\t\t\t\t\t<p class=\"elementor-heading-title elementor-size-default\">P\u0159ij\u00edm\u00e1m nov\u00e9 popt\u00e1vky<\/p>\t\t\t\t<\/div>\n\t\t\t\t<\/div>\n\t\t\t\t<\/div>\n\t\t<div class=\"elementor-element elementor-element-b1eafca e-con-full e-flex e-con e-child\" data-id=\"b1eafca\" data-element_type=\"container\" data-e-type=\"container\">\n\t\t\t\t<div class=\"elementor-element elementor-element-9cb970d elementor-widget elementor-widget-heading\" data-id=\"9cb970d\" data-element_type=\"widget\" data-e-type=\"widget\" data-widget_type=\"heading.default\">\n\t\t\t\t\t<h4 class=\"elementor-heading-title elementor-size-default\"><u>Firemn\u00ed \u00fadaje<\/u><\/h4>\t\t\t\t<\/div>\n\t\t\t\t<div class=\"elementor-element elementor-element-84e1854 elementor-widget elementor-widget-text-editor\" data-id=\"84e1854\" data-element_type=\"widget\" data-e-type=\"widget\" data-widget_type=\"text-editor.default\">\n\t\t\t\t\t\t\t\t\t<p>Krist\u00fdna Kar\u00e1skov\u00e1<br \/>Zirmova 1269\/29, Olomouc, 779 00<br \/>I\u010c: 09440224<\/p><h6>Fyzick\u00e1 osoba zapsan\u00e1 v \u017divnostensk\u00e9m rejst\u0159\u00edku od 24.8.2020 \u2014 Magistr\u00e1t m\u011bsta Olomouce<\/h6><h6>Nejsem pl\u00e1tce DPH.<\/h6>\t\t\t\t\t\t\t\t<\/div>\n\t\t\t\t<\/div>\n\t\t\t\t<\/div>\n\t\t\t\t\t<\/div>\n\t\t\t\t<\/div>\n\t\t\t\t<\/div>\n\t\t","protected":false},"excerpt":{"rendered":"<p>? Kontakt Spojte se se mnou M\u00e1te ot\u00e1zky nebo z\u00e1jem o spolupr\u00e1ci? Vypl\u0148te kontaktn\u00ed formul\u00e1\u0159 n\u00ed\u017ee nebo m\u011b kontaktujte p\u0159\u00edmo na uveden\u00e9m e-mailu. Kontakt ? &nbsp;&nbsp; info@kk-webdesign.eu ? &nbsp;&nbsp; Po \u2192 P\u00e1 10:00 &#8211; 19:00 Kapacita P\u0159ij\u00edm\u00e1m nov\u00e9 popt\u00e1vky Firemn\u00ed \u00fadaje Krist\u00fdna Kar\u00e1skov\u00e1Zirmova 1269\/29, Olomouc, 779 00I\u010c: 09440224 Fyzick\u00e1 osoba zapsan\u00e1 v \u017divnostensk\u00e9m rejst\u0159\u00edku od [&hellip;]<\/p>\n","protected":false},"author":1,"featured_media":0,"parent":0,"menu_order":0,"comment_status":"closed","ping_status":"closed","template":"elementor_header_footer","meta":{"_acf_changed":false,"footnotes":""},"class_list":["post-384","page","type-page","status-publish","hentry"],"acf":[],"_links":{"self":[{"href":"https:\/\/web.kkwebdesign.cz\/index.php?rest_route=\/wp\/v2\/pages\/384","targetHints":{"allow":["GET"]}}],"collection":[{"href":"https:\/\/web.kkwebdesign.cz\/index.php?rest_route=\/wp\/v2\/pages"}],"about":[{"href":"https:\/\/web.kkwebdesign.cz\/index.php?rest_route=\/wp\/v2\/types\/page"}],"author":[{"embeddable":true,"href":"https:\/\/web.kkwebdesign.cz\/index.php?rest_route=\/wp\/v2\/users\/1"}],"replies":[{"embeddable":true,"href":"https:\/\/web.kkwebdesign.cz\/index.php?rest_route=%2Fwp%2Fv2%2Fcomments&post=384"}],"version-history":[{"count":0,"href":"https:\/\/web.kkwebdesign.cz\/index.php?rest_route=\/wp\/v2\/pages\/384\/revisions"}],"wp:attachment":[{"href":"https:\/\/web.kkwebdesign.cz\/index.php?rest_route=%2Fwp%2Fv2%2Fmedia&parent=384"}],"curies":[{"name":"wp","href":"https:\/\/api.w.org\/{rel}","templated":true}]}}