{"id":380,"date":"2024-12-14T21:51:40","date_gmt":"2024-12-14T21:51:40","guid":{"rendered":"https:\/\/www.kk-webdesign.eu\/?page_id=380"},"modified":"2026-02-04T12:21:27","modified_gmt":"2026-02-04T12:21:27","slug":"spoluprace","status":"publish","type":"page","link":"https:\/\/web.kkwebdesign.cz\/?page_id=380","title":{"rendered":"Spolupr\u00e1ce"},"content":{"rendered":"\t\t<div data-elementor-type=\"wp-page\" data-elementor-id=\"380\" class=\"elementor elementor-380\">\n\t\t\t\t<div class=\"elementor-element elementor-element-55a2b9e e-con-full e-flex e-con e-parent\" data-id=\"55a2b9e\" data-element_type=\"container\" data-e-type=\"container\" data-settings=\"{&quot;background_background&quot;:&quot;gradient&quot;}\">\n\t\t<div class=\"elementor-element elementor-element-2636d74d animated-fast e-flex e-con-boxed elementor-invisible e-con e-child\" data-id=\"2636d74d\" data-element_type=\"container\" data-e-type=\"container\" data-settings=\"{&quot;animation&quot;:&quot;slideInUp&quot;,&quot;animation_delay&quot;:150}\">\n\t\t\t\t\t<div class=\"e-con-inner\">\n\t\t<div class=\"elementor-element elementor-element-33a11e47 e-con-full e-flex e-con e-child\" data-id=\"33a11e47\" data-element_type=\"container\" data-e-type=\"container\">\n\t\t\t\t<div class=\"elementor-element elementor-element-580bf3c2 elementor-widget elementor-widget-heading\" data-id=\"580bf3c2\" data-element_type=\"widget\" data-e-type=\"widget\" data-widget_type=\"heading.default\">\n\t\t\t\t\t<div class=\"elementor-heading-title elementor-size-default\">\u23f3<\/div>\t\t\t\t<\/div>\n\t\t\t\t<div class=\"elementor-element elementor-element-74752ec9 elementor-widget elementor-widget-heading\" data-id=\"74752ec9\" data-element_type=\"widget\" data-e-type=\"widget\" data-widget_type=\"heading.default\">\n\t\t\t\t\t<h2 class=\"elementor-heading-title elementor-size-default\">POSTUP<\/h2>\t\t\t\t<\/div>\n\t\t\t\t<\/div>\n\t\t\t\t\t<\/div>\n\t\t\t\t<\/div>\n\t\t\t\t<\/div>\n\t\t<div class=\"elementor-element elementor-element-1afe741c e-flex e-con-boxed elementor-invisible e-con e-child\" data-id=\"1afe741c\" data-element_type=\"container\" data-e-type=\"container\" data-settings=\"{&quot;background_background&quot;:&quot;classic&quot;,&quot;animation&quot;:&quot;slideInUp&quot;}\">\n\t\t\t\t\t<div class=\"e-con-inner\">\n\t\t<div class=\"elementor-element elementor-element-6b96fbdb e-con-full elementor-hidden-mobile e-flex e-con e-child\" data-id=\"6b96fbdb\" data-element_type=\"container\" data-e-type=\"container\">\n\t\t\t\t<div class=\"elementor-element elementor-element-58ac69d1 elementor-widget elementor-widget-text-editor\" data-id=\"58ac69d1\" data-element_type=\"widget\" data-e-type=\"widget\" data-widget_type=\"text-editor.default\">\n\t\t\t\t\t\t\t\t\t<p>Cel\u00fd proces spolupr\u00e1ce jsem navrhla tak, aby v\u00e1m p\u0159inesl klid a jistotu. V\u00edm, jak d\u016fle\u017eit\u00e9 je m\u00edt v\u0161e pod kontrolou, a proto v\u00e1s budu pr\u016fb\u011b\u017en\u011b informovat o ka\u017ed\u00e9m kroku.<\/p>\t\t\t\t\t\t\t\t<\/div>\n\t\t\t\t<\/div>\n\t\t<div class=\"elementor-element elementor-element-5050319 e-con-full e-flex e-con e-child\" data-id=\"5050319\" data-element_type=\"container\" data-e-type=\"container\">\n\t\t\t\t<\/div>\n\t\t\t\t\t<\/div>\n\t\t\t\t<\/div>\n\t\t<div class=\"elementor-element elementor-element-a2cb0e8 e-flex e-con-boxed elementor-invisible e-con e-parent\" data-id=\"a2cb0e8\" data-element_type=\"container\" data-e-type=\"container\" data-settings=\"{&quot;animation&quot;:&quot;slideInUp&quot;}\">\n\t\t\t\t\t<div class=\"e-con-inner\">\n\t\t\t\t\t<\/div>\n\t\t\t\t<\/div>\n\t\t<div class=\"elementor-element elementor-element-b385ba0 e-flex e-con-boxed elementor-invisible e-con e-parent\" data-id=\"b385ba0\" data-element_type=\"container\" data-e-type=\"container\" data-settings=\"{&quot;animation&quot;:&quot;fadeIn&quot;}\">\n\t\t\t\t\t<div class=\"e-con-inner\">\n\t\t<div class=\"elementor-element elementor-element-ac28f1b e-con-full e-flex e-con e-child\" data-id=\"ac28f1b\" data-element_type=\"container\" data-e-type=\"container\">\n\t\t<div class=\"elementor-element elementor-element-a4d67f7 e-con-full e-flex e-con e-child\" data-id=\"a4d67f7\" data-element_type=\"container\" data-e-type=\"container\">\n\t\t\t\t<div class=\"elementor-element elementor-element-b7c2ef7 elementor-widget elementor-widget-heading\" data-id=\"b7c2ef7\" data-element_type=\"widget\" data-e-type=\"widget\" data-widget_type=\"heading.default\">\n\t\t\t\t\t<div class=\"elementor-heading-title elementor-size-default\">\ud83d\udcc4<\/div>\t\t\t\t<\/div>\n\t\t\t\t<div class=\"elementor-element elementor-element-b881315 elementor-widget elementor-widget-heading\" data-id=\"b881315\" data-element_type=\"widget\" data-e-type=\"widget\" data-widget_type=\"heading.default\">\n\t\t\t\t\t<h2 class=\"elementor-heading-title elementor-size-default\">Ot\u00e1zky &amp; Odpov\u011bdi<\/h2>\t\t\t\t<\/div>\n\t\t\t\t<\/div>\n\t\t\t\t<\/div>\n\t\t<div class=\"elementor-element elementor-element-62b4b49 e-con-full e-flex e-con e-child\" data-id=\"62b4b49\" data-element_type=\"container\" data-e-type=\"container\">\n\t\t<div class=\"elementor-element elementor-element-aa1612b e-con-full e-flex e-con e-child\" data-id=\"aa1612b\" data-element_type=\"container\" data-e-type=\"container\">\n\t\t\t\t<div class=\"elementor-element elementor-element-7488997 elementor-widget__width-initial elementor-widget elementor-widget-heading\" data-id=\"7488997\" data-element_type=\"widget\" data-e-type=\"widget\" data-widget_type=\"heading.default\">\n\t\t\t\t\t<p class=\"elementor-heading-title elementor-size-default\">01<\/p>\t\t\t\t<\/div>\n\t\t\t\t<\/div>\n\t\t<div class=\"elementor-element elementor-element-33ecb52 e-con-full e-flex e-con e-child\" data-id=\"33ecb52\" data-element_type=\"container\" data-e-type=\"container\">\n\t\t\t\t<div class=\"elementor-element elementor-element-331899a elementor-widget__width-initial elementor-widget elementor-widget-heading\" data-id=\"331899a\" data-element_type=\"widget\" data-e-type=\"widget\" data-widget_type=\"heading.default\">\n\t\t\t\t\t<p class=\"elementor-heading-title elementor-size-default\">02<\/p>\t\t\t\t<\/div>\n\t\t\t\t<\/div>\n\t\t<div class=\"elementor-element elementor-element-8cb9495 e-con-full e-flex e-con e-child\" data-id=\"8cb9495\" data-element_type=\"container\" data-e-type=\"container\">\n\t\t\t\t<div class=\"elementor-element elementor-element-22e6118 elementor-widget__width-initial elementor-widget elementor-widget-heading\" data-id=\"22e6118\" data-element_type=\"widget\" data-e-type=\"widget\" data-widget_type=\"heading.default\">\n\t\t\t\t\t<p class=\"elementor-heading-title elementor-size-default\">03<\/p>\t\t\t\t<\/div>\n\t\t\t\t<\/div>\n\t\t<div class=\"elementor-element elementor-element-278319a e-con-full e-flex e-con e-child\" data-id=\"278319a\" data-element_type=\"container\" data-e-type=\"container\">\n\t\t\t\t<div class=\"elementor-element elementor-element-d4d3d64 elementor-widget__width-initial elementor-widget elementor-widget-heading\" data-id=\"d4d3d64\" data-element_type=\"widget\" data-e-type=\"widget\" data-widget_type=\"heading.default\">\n\t\t\t\t\t<p class=\"elementor-heading-title elementor-size-default\">04<\/p>\t\t\t\t<\/div>\n\t\t\t\t<\/div>\n\t\t<div class=\"elementor-element elementor-element-f92fc80 e-con-full e-flex e-con e-child\" data-id=\"f92fc80\" data-element_type=\"container\" data-e-type=\"container\">\n\t\t\t\t<div class=\"elementor-element elementor-element-15342d8 elementor-widget__width-initial elementor-widget elementor-widget-heading\" data-id=\"15342d8\" data-element_type=\"widget\" data-e-type=\"widget\" data-widget_type=\"heading.default\">\n\t\t\t\t\t<p class=\"elementor-heading-title elementor-size-default\">05<\/p>\t\t\t\t<\/div>\n\t\t\t\t<\/div>\n\t\t<div class=\"elementor-element elementor-element-a74e246 e-con-full e-flex e-con e-child\" data-id=\"a74e246\" data-element_type=\"container\" data-e-type=\"container\">\n\t\t\t\t<div class=\"elementor-element elementor-element-8ed4be6 elementor-widget__width-initial elementor-widget elementor-widget-heading\" data-id=\"8ed4be6\" data-element_type=\"widget\" data-e-type=\"widget\" data-widget_type=\"heading.default\">\n\t\t\t\t\t<p class=\"elementor-heading-title elementor-size-default\">06<\/p>\t\t\t\t<\/div>\n\t\t\t\t<\/div>\n\t\t<div class=\"elementor-element elementor-element-c851f7c e-con-full e-flex e-con e-child\" data-id=\"c851f7c\" data-element_type=\"container\" data-e-type=\"container\">\n\t\t\t\t<div class=\"elementor-element elementor-element-886ae47 elementor-widget__width-initial elementor-widget elementor-widget-heading\" data-id=\"886ae47\" data-element_type=\"widget\" data-e-type=\"widget\" data-widget_type=\"heading.default\">\n\t\t\t\t\t<p class=\"elementor-heading-title elementor-size-default\">07<\/p>\t\t\t\t<\/div>\n\t\t\t\t<\/div>\n\t\t\t\t<\/div>\n\t\t\t\t\t<\/div>\n\t\t\t\t<\/div>\n\t\t\t\t<\/div>\n\t\t","protected":false},"excerpt":{"rendered":"<p>\u23f3 POSTUP Postup spolupr\u00e1ce Cel\u00fd proces spolupr\u00e1ce jsem navrhla tak, aby v\u00e1m p\u0159inesl klid a jistotu. V\u00edm, jak d\u016fle\u017eit\u00e9 je m\u00edt v\u0161e pod kontrolou, a proto v\u00e1s budu pr\u016fb\u011b\u017en\u011b informovat o ka\u017ed\u00e9m kroku. Dr\u017e\u00edm se jasn\u00e9ho a ov\u011b\u0159en\u00e9ho procesu, kter\u00fd usnad\u0148uje spolupr\u00e1ci a garantuje kvalitu. Popt\u00e1vka \u270d\ufe0f Za\u010dneme t\u00edm, \u017ee vypln\u00edte m\u016fj popt\u00e1vkov\u00fd formul\u00e1\u0159 s [&hellip;]<\/p>\n","protected":false},"author":1,"featured_media":0,"parent":0,"menu_order":0,"comment_status":"closed","ping_status":"closed","template":"elementor_header_footer","meta":{"_acf_changed":false,"footnotes":""},"class_list":["post-380","page","type-page","status-publish","hentry"],"acf":[],"_links":{"self":[{"href":"https:\/\/web.kkwebdesign.cz\/index.php?rest_route=\/wp\/v2\/pages\/380","targetHints":{"allow":["GET"]}}],"collection":[{"href":"https:\/\/web.kkwebdesign.cz\/index.php?rest_route=\/wp\/v2\/pages"}],"about":[{"href":"https:\/\/web.kkwebdesign.cz\/index.php?rest_route=\/wp\/v2\/types\/page"}],"author":[{"embeddable":true,"href":"https:\/\/web.kkwebdesign.cz\/index.php?rest_route=\/wp\/v2\/users\/1"}],"replies":[{"embeddable":true,"href":"https:\/\/web.kkwebdesign.cz\/index.php?rest_route=%2Fwp%2Fv2%2Fcomments&post=380"}],"version-history":[{"count":0,"href":"https:\/\/web.kkwebdesign.cz\/index.php?rest_route=\/wp\/v2\/pages\/380\/revisions"}],"wp:attachment":[{"href":"https:\/\/web.kkwebdesign.cz\/index.php?rest_route=%2Fwp%2Fv2%2Fmedia&parent=380"}],"curies":[{"name":"wp","href":"https:\/\/api.w.org\/{rel}","templated":true}]}}