{"id":378,"date":"2024-12-14T21:51:30","date_gmt":"2024-12-14T21:51:30","guid":{"rendered":"https:\/\/www.kk-webdesign.eu\/?page_id=378"},"modified":"2026-02-04T12:17:22","modified_gmt":"2026-02-04T12:17:22","slug":"projekty","status":"publish","type":"page","link":"https:\/\/web.kkwebdesign.cz\/?page_id=378","title":{"rendered":"Portfolio"},"content":{"rendered":"\t\t<div data-elementor-type=\"wp-page\" data-elementor-id=\"378\" class=\"elementor elementor-378\">\n\t\t\t\t<div class=\"elementor-element elementor-element-2ac33c45 e-con-full e-flex e-con e-parent\" data-id=\"2ac33c45\" data-element_type=\"container\" data-e-type=\"container\" data-settings=\"{&quot;background_background&quot;:&quot;gradient&quot;}\">\n\t\t<div class=\"elementor-element elementor-element-317d2b6c e-flex e-con-boxed elementor-invisible e-con e-child\" data-id=\"317d2b6c\" data-element_type=\"container\" data-e-type=\"container\" data-settings=\"{&quot;animation&quot;:&quot;slideInUp&quot;,&quot;animation_delay&quot;:150}\">\n\t\t\t\t\t<div class=\"e-con-inner\">\n\t\t<div class=\"elementor-element elementor-element-541e8b18 e-con-full e-flex e-con e-child\" data-id=\"541e8b18\" data-element_type=\"container\" data-e-type=\"container\">\n\t\t\t\t<div class=\"elementor-element elementor-element-30f89233 elementor-widget elementor-widget-heading\" data-id=\"30f89233\" data-element_type=\"widget\" data-e-type=\"widget\" data-widget_type=\"heading.default\">\n\t\t\t\t\t<div class=\"elementor-heading-title elementor-size-default\">\ud83d\udcc2<\/div>\t\t\t\t<\/div>\n\t\t\t\t<div class=\"elementor-element elementor-element-47fc4cc3 elementor-widget elementor-widget-heading\" data-id=\"47fc4cc3\" data-element_type=\"widget\" data-e-type=\"widget\" data-widget_type=\"heading.default\">\n\t\t\t\t\t<h2 class=\"elementor-heading-title elementor-size-default\">REFERENCE<\/h2>\t\t\t\t<\/div>\n\t\t\t\t<\/div>\n\t\t\t\t\t<\/div>\n\t\t\t\t<\/div>\n\t\t\t\t<\/div>\n\t\t<div class=\"elementor-element elementor-element-3a42d99 e-flex e-con-boxed elementor-invisible e-con e-parent\" data-id=\"3a42d99\" data-element_type=\"container\" data-e-type=\"container\" data-settings=\"{&quot;animation&quot;:&quot;slideInUp&quot;}\">\n\t\t\t\t\t<div class=\"e-con-inner\">\n\t\t\t\t<div class=\"elementor-element elementor-element-8668f88 e-n-tabs-none elementor-widget elementor-widget-n-tabs\" data-id=\"8668f88\" data-element_type=\"widget\" data-e-type=\"widget\" data-settings=\"{&quot;horizontal_scroll&quot;:&quot;disable&quot;}\" data-widget_type=\"nested-tabs.default\">\n\t\t\t\t\t\t\t<div class=\"e-n-tabs\" data-widget-number=\"140939144\" aria-label=\"Tabs. Open items with Enter or Space, close with Escape and navigate using the Arrow keys.\">\n\t\t\t<div class=\"e-n-tabs-heading\" role=\"tablist\">\n\t\t\t\t\t<button id=\"e-n-tab-title-1409391441\" data-tab-title-id=\"e-n-tab-title-1409391441\" class=\"e-n-tab-title\" aria-selected=\"true\" data-tab-index=\"1\" role=\"tab\" tabindex=\"0\" aria-controls=\"e-n-tab-content-1409391441\" style=\"--n-tabs-title-order: 1;\">\n\t\t\t\t\t\t<span class=\"e-n-tab-title-text\">\n\t\t\t\tWebov\u00e9 str\u00e1nky\t\t\t<\/span>\n\t\t<\/button>\n\t\t\t\t<button id=\"e-n-tab-title-1409391442\" data-tab-title-id=\"e-n-tab-title-1409391442\" class=\"e-n-tab-title\" aria-selected=\"false\" data-tab-index=\"2\" role=\"tab\" tabindex=\"-1\" aria-controls=\"e-n-tab-content-1409391442\" style=\"--n-tabs-title-order: 2;\">\n\t\t\t\t\t\t<span class=\"e-n-tab-title-text\">\n\t\t\t\tWebdesign\t\t\t<\/span>\n\t\t<\/button>\n\t\t\t\t<button id=\"e-n-tab-title-1409391443\" data-tab-title-id=\"e-n-tab-title-1409391443\" class=\"e-n-tab-title\" aria-selected=\"false\" data-tab-index=\"3\" role=\"tab\" tabindex=\"-1\" aria-controls=\"e-n-tab-content-1409391443\" style=\"--n-tabs-title-order: 3;\">\n\t\t\t\t\t\t<span class=\"e-n-tab-title-text\">\n\t\t\t\tV\u00fdvoj aplikac\u00ed\t\t\t<\/span>\n\t\t<\/button>\n\t\t\t\t\t<\/div>\n\t\t\t<div class=\"e-n-tabs-content\">\n\t\t\t\t<div id=\"e-n-tab-content-1409391441\" role=\"tabpanel\" aria-labelledby=\"e-n-tab-title-1409391441\" data-tab-index=\"1\" style=\"--n-tabs-title-order: 1;\" class=\"e-active elementor-element elementor-element-35dd069 e-con-full e-flex e-con e-child\" data-id=\"35dd069\" data-element_type=\"container\" data-e-type=\"container\">\n\t\t\t\t<div class=\"elementor-element elementor-element-f0d0052 elementor-widget elementor-widget-loop-grid\" data-id=\"f0d0052\" data-element_type=\"widget\" data-e-type=\"widget\" data-widget_type=\"loop-grid.default\">\n\t\t\t\t<div class=\"elementor-widget-container\">\n\t\t\t\t\t \t\t\t\t<\/div>\n\t\t\t\t<\/div>\n\t\t\t\t<\/div>\n\t\t<div id=\"e-n-tab-content-1409391442\" role=\"tabpanel\" aria-labelledby=\"e-n-tab-title-1409391442\" data-tab-index=\"2\" style=\"--n-tabs-title-order: 2;\" class=\" elementor-element elementor-element-40f97e7 e-con-full e-flex e-con e-child\" data-id=\"40f97e7\" data-element_type=\"container\" data-e-type=\"container\">\n\t\t\t\t<div class=\"elementor-element elementor-element-bf56f86 elementor-widget elementor-widget-loop-grid\" data-id=\"bf56f86\" data-element_type=\"widget\" data-e-type=\"widget\" data-widget_type=\"loop-grid.default\">\n\t\t\t\t<div class=\"elementor-widget-container\">\n\t\t\t\t\t \t\t\t\t<\/div>\n\t\t\t\t<\/div>\n\t\t\t\t<\/div>\n\t\t<div id=\"e-n-tab-content-1409391443\" role=\"tabpanel\" aria-labelledby=\"e-n-tab-title-1409391443\" data-tab-index=\"3\" style=\"--n-tabs-title-order: 3;\" class=\" elementor-element elementor-element-8e70e4a e-con-full e-flex e-con e-child\" data-id=\"8e70e4a\" data-element_type=\"container\" data-e-type=\"container\">\n\t\t\t\t<div class=\"elementor-element elementor-element-014528b elementor-widget elementor-widget-loop-grid\" data-id=\"014528b\" data-element_type=\"widget\" data-e-type=\"widget\" data-widget_type=\"loop-grid.default\">\n\t\t\t\t<div class=\"elementor-widget-container\">\n\t\t\t\t\t \t\t\t\t<\/div>\n\t\t\t\t<\/div>\n\t\t\t\t<\/div>\n\t\t\t\t\t<\/div>\n\t\t<\/div>\n\t\t\t\t\t\t<\/div>\n\t\t\t\t\t<\/div>\n\t\t\t\t<\/div>\n\t\t\t\t<\/div>\n\t\t","protected":false},"excerpt":{"rendered":"<p>\ud83d\udcc2 REFERENCE M\u00e9 portfolio Uk\u00e1zky m\u00fdch realizovan\u00fdch projekt\u016f a inspirace pro v\u00e1\u0161 budouc\u00ed web. Webov\u00e9 str\u00e1nky Webdesign V\u00fdvoj aplikac\u00ed WebdesignWebov\u00e9 str\u00e1nky WebdesignWebov\u00e9 str\u00e1nky WebdesignWebov\u00e9 str\u00e1nky WebdesignWebov\u00e9 str\u00e1nky Webov\u00e9 str\u00e1nky Webov\u00e9 str\u00e1nky WebdesignWebov\u00e9 str\u00e1nky WebdesignWebov\u00e9 str\u00e1nky WebdesignWebov\u00e9 str\u00e1nky WebdesignWebov\u00e9 str\u00e1nky WebdesignWebov\u00e9 str\u00e1nky WebdesignWebov\u00e9 str\u00e1nky Webov\u00e9 str\u00e1nky WebdesignWebov\u00e9 str\u00e1nky WebdesignWebov\u00e9 str\u00e1nky WebdesignWebov\u00e9 str\u00e1nky WebdesignWebov\u00e9 str\u00e1nky WebdesignWebov\u00e9 str\u00e1nky [&hellip;]<\/p>\n","protected":false},"author":1,"featured_media":0,"parent":0,"menu_order":0,"comment_status":"closed","ping_status":"closed","template":"elementor_header_footer","meta":{"_acf_changed":false,"footnotes":""},"class_list":["post-378","page","type-page","status-publish","hentry"],"acf":[],"_links":{"self":[{"href":"https:\/\/web.kkwebdesign.cz\/index.php?rest_route=\/wp\/v2\/pages\/378","targetHints":{"allow":["GET"]}}],"collection":[{"href":"https:\/\/web.kkwebdesign.cz\/index.php?rest_route=\/wp\/v2\/pages"}],"about":[{"href":"https:\/\/web.kkwebdesign.cz\/index.php?rest_route=\/wp\/v2\/types\/page"}],"author":[{"embeddable":true,"href":"https:\/\/web.kkwebdesign.cz\/index.php?rest_route=\/wp\/v2\/users\/1"}],"replies":[{"embeddable":true,"href":"https:\/\/web.kkwebdesign.cz\/index.php?rest_route=%2Fwp%2Fv2%2Fcomments&post=378"}],"version-history":[{"count":0,"href":"https:\/\/web.kkwebdesign.cz\/index.php?rest_route=\/wp\/v2\/pages\/378\/revisions"}],"wp:attachment":[{"href":"https:\/\/web.kkwebdesign.cz\/index.php?rest_route=%2Fwp%2Fv2%2Fmedia&parent=378"}],"curies":[{"name":"wp","href":"https:\/\/api.w.org\/{rel}","templated":true}]}}