{"id":3,"date":"2024-12-14T15:13:37","date_gmt":"2024-12-14T15:13:37","guid":{"rendered":"https:\/\/www.kk-webdesign.eu\/?page_id=3"},"modified":"2026-02-03T14:03:58","modified_gmt":"2026-02-03T14:03:58","slug":"ochrana-osobnich-udaju","status":"publish","type":"page","link":"https:\/\/web.kkwebdesign.cz\/?page_id=3","title":{"rendered":"Ochrana osobn\u00edch \u00fadaj\u016f"},"content":{"rendered":"\t\t<div data-elementor-type=\"wp-page\" data-elementor-id=\"3\" class=\"elementor elementor-3\">\n\t\t\t\t<div class=\"elementor-element elementor-element-67a0a64 e-con-full e-flex e-con e-parent\" data-id=\"67a0a64\" data-element_type=\"container\" data-e-type=\"container\" data-settings=\"{&quot;background_background&quot;:&quot;gradient&quot;}\">\n\t\t<div class=\"elementor-element elementor-element-58e93b6 e-flex e-con-boxed elementor-invisible e-con e-child\" data-id=\"58e93b6\" data-element_type=\"container\" data-e-type=\"container\" data-settings=\"{&quot;animation&quot;:&quot;slideInUp&quot;,&quot;animation_delay&quot;:150}\">\n\t\t\t\t\t<div class=\"e-con-inner\">\n\t\t<div class=\"elementor-element elementor-element-da2521c e-flex e-con-boxed e-con e-child\" data-id=\"da2521c\" data-element_type=\"container\" data-e-type=\"container\">\n\t\t\t\t\t<div class=\"e-con-inner\">\n\t\t\t\t<div class=\"elementor-element elementor-element-ca5c2a9 elementor-widget elementor-widget-heading\" data-id=\"ca5c2a9\" data-element_type=\"widget\" data-e-type=\"widget\" data-widget_type=\"heading.default\">\n\t\t\t\t\t<div class=\"elementor-heading-title elementor-size-default\">\ud83d\udcc3<\/div>\t\t\t\t<\/div>\n\t\t\t\t<div class=\"elementor-element elementor-element-b33a414 elementor-widget elementor-widget-heading\" data-id=\"b33a414\" data-element_type=\"widget\" data-e-type=\"widget\" data-widget_type=\"heading.default\">\n\t\t\t\t\t<h2 class=\"elementor-heading-title elementor-size-default\">DOKUMENTY<\/h2>\t\t\t\t<\/div>\n\t\t\t\t\t<\/div>\n\t\t\t\t<\/div>\n\t\t\t\t\t<\/div>\n\t\t\t\t<\/div>\n\t\t\t\t<\/div>\n\t\t<div class=\"elementor-element elementor-element-fdd10d0 e-flex e-con-boxed elementor-invisible e-con e-parent\" data-id=\"fdd10d0\" data-element_type=\"container\" data-e-type=\"container\" data-settings=\"{&quot;animation&quot;:&quot;slideInUp&quot;}\">\n\t\t\t\t\t<div class=\"e-con-inner\">\n\t\t\t\t<div class=\"elementor-element elementor-element-2ef7ffa elementor-widget elementor-widget-n-accordion\" data-id=\"2ef7ffa\" data-element_type=\"widget\" data-e-type=\"widget\" data-settings=\"{&quot;max_items_expended&quot;:&quot;multiple&quot;,&quot;default_state&quot;:&quot;expanded&quot;,&quot;n_accordion_animation_duration&quot;:{&quot;unit&quot;:&quot;ms&quot;,&quot;size&quot;:400,&quot;sizes&quot;:[]}}\" data-widget_type=\"nested-accordion.default\">\n\t\t\t\t\t\t\t<div class=\"e-n-accordion\" aria-label=\"Accordion. Open links with Enter or Space, close with Escape, and navigate with Arrow Keys\">\n\t\t\t\t\t\t<details id=\"e-n-accordion-item-4920\" class=\"e-n-accordion-item\" open>\n\t\t\t\t<summary class=\"e-n-accordion-item-title\" data-accordion-index=\"1\" tabindex=\"0\" aria-expanded=\"true\" aria-controls=\"e-n-accordion-item-4920\" >\n\t\t\t\t\t<span class='e-n-accordion-item-title-header'><div class=\"e-n-accordion-item-title-text\"> Zpracov\u00e1n\u00ed osobn\u00edch \u00fadaj\u016f <\/div><\/span>\n\t\t\t\t\t\t\t<span class='e-n-accordion-item-title-icon'>\n\t\t\t<span class='e-opened' ><i aria-hidden=\"true\" class=\"icon icon-minus\"><\/i><\/span>\n\t\t\t<span class='e-closed'><i aria-hidden=\"true\" class=\"icon icon-plus\"><\/i><\/span>\n\t\t<\/span>\n\n\t\t\t\t\t\t<\/summary>\n\t\t\t\t<div role=\"region\" aria-labelledby=\"e-n-accordion-item-4920\" class=\"elementor-element elementor-element-4c7fb53 e-con-full e-flex e-con e-child\" data-id=\"4c7fb53\" data-element_type=\"container\" data-e-type=\"container\">\n\t\t\t\t<div class=\"elementor-element elementor-element-136b6b6 elementor-widget elementor-widget-text-editor\" data-id=\"136b6b6\" data-element_type=\"widget\" data-e-type=\"widget\" data-widget_type=\"text-editor.default\">\n\t\t\t\t\t\t\t\t\t<p>Kdy\u017e vyu\u017e\u00edv\u00e1te m\u00e9 slu\u017eby, sv\u011b\u0159ujete mi sv\u00e9 osobn\u00ed \u00fadaje, kter\u00e9 zpracov\u00e1v\u00e1m s maxim\u00e1ln\u00ed p\u00e9\u010d\u00ed. Tyto z\u00e1sady zpracov\u00e1n\u00ed osobn\u00edch \u00fadaj\u016f plat\u00ed pro v\u0161echny n\u00e1v\u0161t\u011bvn\u00edky m\u00fdch webov\u00fdch str\u00e1nek a pro ty, kte\u0159\u00ed si objedn\u00e1vaj\u00ed m\u00e9 slu\u017eby prost\u0159ednictv\u00edm:<\/p>\n<p><!-- \/wp:paragraph --><!-- wp:list --><\/p>\n<ul class=\"wp-block-list\"><!-- wp:list-item -->\n<li><strong>Webov\u00e9 str\u00e1nky:<\/strong> <a href=\"http:\/\/www.kk-webdesign.eu\">www.kk-webdesign.eu<\/a><\/li>\n<!-- \/wp:list-item --><!-- wp:list-item -->\n<li><strong>E-mailov\u00e1 komunikace:<\/strong> <a>info@kk-webdesign.eu<\/a><\/li>\n<!-- \/wp:list-item --><!-- wp:list-item --><!-- \/wp:list-item --><\/ul>\n<p><!-- \/wp:list --><!-- wp:paragraph --><\/p>\n<p>Provozovatelem webu je <strong>Krist\u00fdna Kar\u00e1skov\u00e1<\/strong>, Zirmova 1269\/29, Olomouc, 779 00, I\u010c: 09440224, fyzick\u00e1 osoba zapsan\u00e1 v <strong>\u017divnostensk\u00e9m rejst\u0159\u00edku<\/strong> od 24.8.2020 \u2014 Magistr\u00e1t m\u011bsta Olomouce.\u00a0<\/p>\t\t\t\t\t\t\t\t<\/div>\n\t\t\t\t<\/div>\n\t\t\t\t\t<\/details>\n\t\t\t\t\t<\/div>\n\t\t\t\t\t\t<\/div>\n\t\t\t\t<div class=\"elementor-element elementor-element-f4bbc30 elementor-widget elementor-widget-n-accordion\" data-id=\"f4bbc30\" data-element_type=\"widget\" data-e-type=\"widget\" data-settings=\"{&quot;max_items_expended&quot;:&quot;multiple&quot;,&quot;default_state&quot;:&quot;expanded&quot;,&quot;n_accordion_animation_duration&quot;:{&quot;unit&quot;:&quot;ms&quot;,&quot;size&quot;:400,&quot;sizes&quot;:[]}}\" data-widget_type=\"nested-accordion.default\">\n\t\t\t\t\t\t\t<div class=\"e-n-accordion\" aria-label=\"Accordion. Open links with Enter or Space, close with Escape, and navigate with Arrow Keys\">\n\t\t\t\t\t\t<details id=\"e-n-accordion-item-2560\" class=\"e-n-accordion-item\" open>\n\t\t\t\t<summary class=\"e-n-accordion-item-title\" data-accordion-index=\"1\" tabindex=\"0\" aria-expanded=\"true\" aria-controls=\"e-n-accordion-item-2560\" >\n\t\t\t\t\t<span class='e-n-accordion-item-title-header'><div class=\"e-n-accordion-item-title-text\"> Osobn\u00ed \u00fadaje, kter\u00e9 shroma\u017e\u010fuji <\/div><\/span>\n\t\t\t\t\t\t\t<span class='e-n-accordion-item-title-icon'>\n\t\t\t<span class='e-opened' ><i aria-hidden=\"true\" class=\"icon icon-minus\"><\/i><\/span>\n\t\t\t<span class='e-closed'><i aria-hidden=\"true\" class=\"icon icon-plus\"><\/i><\/span>\n\t\t<\/span>\n\n\t\t\t\t\t\t<\/summary>\n\t\t\t\t<div role=\"region\" aria-labelledby=\"e-n-accordion-item-2560\" class=\"elementor-element elementor-element-42b52a9 e-con-full e-flex e-con e-child\" data-id=\"42b52a9\" data-element_type=\"container\" data-e-type=\"container\">\n\t\t\t\t<div class=\"elementor-element elementor-element-fb5fb50 elementor-widget elementor-widget-text-editor\" data-id=\"fb5fb50\" data-element_type=\"widget\" data-e-type=\"widget\" data-widget_type=\"text-editor.default\">\n\t\t\t\t\t\t\t\t\t<ul class=\"wp-block-list\">\n<li><strong>Identifika\u010dn\u00ed \u00fadaje<\/strong>\u00a0\u2013 jm\u00e9no, p\u0159\u00edjmen\u00ed, n\u00e1zev a adresu s\u00eddla spole\u010dnosti, I\u010cO\/DI\u010c.<\/li>\n<li><strong>Kontaktn\u00ed \u00fadaje<\/strong>\u00a0\u2013 e-mailov\u00e1 adresa, telefonn\u00ed \u010d\u00edslo, koresponden\u010dn\u00ed adresa.<\/li>\n<li><strong>\u00dadaje o vyu\u017e\u00edv\u00e1n\u00ed slu\u017eeb<\/strong>\u00a0\u2013 URL adresy, IP adresy, faktury, objedn\u00e1vky, fotografie, videa a jin\u00fd obsah.<\/li>\n<\/ul>\t\t\t\t\t\t\t\t<\/div>\n\t\t\t\t<\/div>\n\t\t\t\t\t<\/details>\n\t\t\t\t\t<\/div>\n\t\t\t\t\t\t<\/div>\n\t\t\t\t<div class=\"elementor-element elementor-element-4468da4 elementor-widget elementor-widget-n-accordion\" data-id=\"4468da4\" data-element_type=\"widget\" data-e-type=\"widget\" data-settings=\"{&quot;max_items_expended&quot;:&quot;multiple&quot;,&quot;default_state&quot;:&quot;expanded&quot;,&quot;n_accordion_animation_duration&quot;:{&quot;unit&quot;:&quot;ms&quot;,&quot;size&quot;:400,&quot;sizes&quot;:[]}}\" data-widget_type=\"nested-accordion.default\">\n\t\t\t\t\t\t\t<div class=\"e-n-accordion\" aria-label=\"Accordion. Open links with Enter or Space, close with Escape, and navigate with Arrow Keys\">\n\t\t\t\t\t\t<details id=\"e-n-accordion-item-7170\" class=\"e-n-accordion-item\" open>\n\t\t\t\t<summary class=\"e-n-accordion-item-title\" data-accordion-index=\"1\" tabindex=\"0\" aria-expanded=\"true\" aria-controls=\"e-n-accordion-item-7170\" >\n\t\t\t\t\t<span class='e-n-accordion-item-title-header'><div class=\"e-n-accordion-item-title-text\"> Zpracovatel\u00e9 osobn\u00edch \u00fadaj\u016f <\/div><\/span>\n\t\t\t\t\t\t\t<span class='e-n-accordion-item-title-icon'>\n\t\t\t<span class='e-opened' ><i aria-hidden=\"true\" class=\"icon icon-minus\"><\/i><\/span>\n\t\t\t<span class='e-closed'><i aria-hidden=\"true\" class=\"icon icon-plus\"><\/i><\/span>\n\t\t<\/span>\n\n\t\t\t\t\t\t<\/summary>\n\t\t\t\t<div role=\"region\" aria-labelledby=\"e-n-accordion-item-7170\" class=\"elementor-element elementor-element-89ec89c e-con-full e-flex e-con e-child\" data-id=\"89ec89c\" data-element_type=\"container\" data-e-type=\"container\">\n\t\t\t\t<div class=\"elementor-element elementor-element-971d788 elementor-widget elementor-widget-text-editor\" data-id=\"971d788\" data-element_type=\"widget\" data-e-type=\"widget\" data-widget_type=\"text-editor.default\">\n\t\t\t\t\t\t\t\t\t<p>Osobn\u00ed \u00fadaje mohou b\u00fdt zp\u0159\u00edstupn\u011bny dal\u0161\u00edm zpracovatel\u016fm. Mezi m\u00e9 zpracovatele pat\u0159\u00ed:<\/p>\n<p><!-- \/wp:paragraph --><!-- wp:list --><\/p>\n<ul class=\"wp-block-list\"><!-- wp:list-item -->\n<li><strong>Poskytovatel hostingov\u00fdch slu\u017eeb<\/strong> \u2013 Hukot.net<\/li>\n<!-- \/wp:list-item --><!-- wp:list-item -->\n<li><strong>\u00da\u010detn\u00ed kancel\u00e1\u0159<\/strong>\u00a0<\/li>\n<!-- \/wp:list-item --><!-- wp:list-item --><!-- \/wp:list-item --><!-- wp:list-item -->\n<li><strong>Google<\/strong> \u2013 poskytovatel slu\u017eby pro online sch\u016fzky<\/li>\n<!-- \/wp:list-item --><!-- wp:list-item --><\/ul>\t\t\t\t\t\t\t\t<\/div>\n\t\t\t\t<\/div>\n\t\t\t\t\t<\/details>\n\t\t\t\t\t<\/div>\n\t\t\t\t\t\t<\/div>\n\t\t\t\t<div class=\"elementor-element elementor-element-84b8c29 elementor-widget elementor-widget-n-accordion\" data-id=\"84b8c29\" data-element_type=\"widget\" data-e-type=\"widget\" data-settings=\"{&quot;max_items_expended&quot;:&quot;multiple&quot;,&quot;default_state&quot;:&quot;expanded&quot;,&quot;n_accordion_animation_duration&quot;:{&quot;unit&quot;:&quot;ms&quot;,&quot;size&quot;:400,&quot;sizes&quot;:[]}}\" data-widget_type=\"nested-accordion.default\">\n\t\t\t\t\t\t\t<div class=\"e-n-accordion\" aria-label=\"Accordion. Open links with Enter or Space, close with Escape, and navigate with Arrow Keys\">\n\t\t\t\t\t\t<details id=\"e-n-accordion-item-1390\" class=\"e-n-accordion-item\" open>\n\t\t\t\t<summary class=\"e-n-accordion-item-title\" data-accordion-index=\"1\" tabindex=\"0\" aria-expanded=\"true\" aria-controls=\"e-n-accordion-item-1390\" >\n\t\t\t\t\t<span class='e-n-accordion-item-title-header'><div class=\"e-n-accordion-item-title-text\"> Doba uchov\u00e1n\u00ed osobn\u00edch \u00fadaj\u016f <\/div><\/span>\n\t\t\t\t\t\t\t<span class='e-n-accordion-item-title-icon'>\n\t\t\t<span class='e-opened' ><i aria-hidden=\"true\" class=\"icon icon-minus\"><\/i><\/span>\n\t\t\t<span class='e-closed'><i aria-hidden=\"true\" class=\"icon icon-plus\"><\/i><\/span>\n\t\t<\/span>\n\n\t\t\t\t\t\t<\/summary>\n\t\t\t\t<div role=\"region\" aria-labelledby=\"e-n-accordion-item-1390\" class=\"elementor-element elementor-element-884cfb0 e-con-full e-flex e-con e-child\" data-id=\"884cfb0\" data-element_type=\"container\" data-e-type=\"container\">\n\t\t\t\t<div class=\"elementor-element elementor-element-a4e338b elementor-widget elementor-widget-text-editor\" data-id=\"a4e338b\" data-element_type=\"widget\" data-e-type=\"widget\" data-widget_type=\"text-editor.default\">\n\t\t\t\t\t\t\t\t\t<p>Va\u0161e osobn\u00ed \u00fadaje uchov\u00e1v\u00e1m pouze po nezbytn\u011b nutnou dobu a archivuji dle z\u00e1konn\u00fdch lh\u016ft, kter\u00e9 mi ukl\u00e1daj\u00ed pr\u00e1vn\u00ed p\u0159edpisy. Obvykle jsou uchov\u00e1v\u00e1ny po dobu maxim\u00e1ln\u011b 10 let. Po uplynut\u00ed t\u00e9to doby budou \u00fadaje bezpe\u010dn\u011b smaz\u00e1ny.<\/p>\t\t\t\t\t\t\t\t<\/div>\n\t\t\t\t<\/div>\n\t\t\t\t\t<\/details>\n\t\t\t\t\t<\/div>\n\t\t\t\t\t\t<\/div>\n\t\t\t\t<div class=\"elementor-element elementor-element-26da200 elementor-widget elementor-widget-n-accordion\" data-id=\"26da200\" data-element_type=\"widget\" data-e-type=\"widget\" data-settings=\"{&quot;max_items_expended&quot;:&quot;multiple&quot;,&quot;default_state&quot;:&quot;expanded&quot;,&quot;n_accordion_animation_duration&quot;:{&quot;unit&quot;:&quot;ms&quot;,&quot;size&quot;:400,&quot;sizes&quot;:[]}}\" data-widget_type=\"nested-accordion.default\">\n\t\t\t\t\t\t\t<div class=\"e-n-accordion\" aria-label=\"Accordion. Open links with Enter or Space, close with Escape, and navigate with Arrow Keys\">\n\t\t\t\t\t\t<details id=\"e-n-accordion-item-4070\" class=\"e-n-accordion-item\" open>\n\t\t\t\t<summary class=\"e-n-accordion-item-title\" data-accordion-index=\"1\" tabindex=\"0\" aria-expanded=\"true\" aria-controls=\"e-n-accordion-item-4070\" >\n\t\t\t\t\t<span class='e-n-accordion-item-title-header'><div class=\"e-n-accordion-item-title-text\"> Bezpe\u010dnost osobn\u00edch \u00fadaj\u016f <\/div><\/span>\n\t\t\t\t\t\t\t<span class='e-n-accordion-item-title-icon'>\n\t\t\t<span class='e-opened' ><i aria-hidden=\"true\" class=\"icon icon-minus\"><\/i><\/span>\n\t\t\t<span class='e-closed'><i aria-hidden=\"true\" class=\"icon icon-plus\"><\/i><\/span>\n\t\t<\/span>\n\n\t\t\t\t\t\t<\/summary>\n\t\t\t\t<div role=\"region\" aria-labelledby=\"e-n-accordion-item-4070\" class=\"elementor-element elementor-element-fc1150e e-con-full e-flex e-con e-child\" data-id=\"fc1150e\" data-element_type=\"container\" data-e-type=\"container\">\n\t\t\t\t<div class=\"elementor-element elementor-element-8d04afc elementor-widget elementor-widget-text-editor\" data-id=\"8d04afc\" data-element_type=\"widget\" data-e-type=\"widget\" data-widget_type=\"text-editor.default\">\n\t\t\t\t\t\t\t\t\t<p>Osobn\u00ed \u00fadaje uchov\u00e1v\u00e1m na zabezpe\u010den\u00fdch a \u0161ifrovan\u00fdch serverech v r\u00e1mci Evropsk\u00e9 unie. Str\u00e1nky jsou chr\u00e1n\u011bny bezpe\u010dnostn\u00edm certifik\u00e1tem HTTPS a zpracov\u00e1van\u00e9 \u00fadaje jsou uchov\u00e1v\u00e1ny v profesion\u00e1ln\u00edm cloudov\u00e9m \u0159e\u0161en\u00ed.<\/p>\t\t\t\t\t\t\t\t<\/div>\n\t\t\t\t<\/div>\n\t\t\t\t\t<\/details>\n\t\t\t\t\t<\/div>\n\t\t\t\t\t\t<\/div>\n\t\t\t\t<div class=\"elementor-element elementor-element-9f1ae8d elementor-widget elementor-widget-n-accordion\" data-id=\"9f1ae8d\" data-element_type=\"widget\" data-e-type=\"widget\" data-settings=\"{&quot;max_items_expended&quot;:&quot;multiple&quot;,&quot;default_state&quot;:&quot;expanded&quot;,&quot;n_accordion_animation_duration&quot;:{&quot;unit&quot;:&quot;ms&quot;,&quot;size&quot;:400,&quot;sizes&quot;:[]}}\" data-widget_type=\"nested-accordion.default\">\n\t\t\t\t\t\t\t<div class=\"e-n-accordion\" aria-label=\"Accordion. Open links with Enter or Space, close with Escape, and navigate with Arrow Keys\">\n\t\t\t\t\t\t<details id=\"e-n-accordion-item-1660\" class=\"e-n-accordion-item\" open>\n\t\t\t\t<summary class=\"e-n-accordion-item-title\" data-accordion-index=\"1\" tabindex=\"0\" aria-expanded=\"true\" aria-controls=\"e-n-accordion-item-1660\" >\n\t\t\t\t\t<span class='e-n-accordion-item-title-header'><div class=\"e-n-accordion-item-title-text\"> Va\u0161e pr\u00e1va <\/div><\/span>\n\t\t\t\t\t\t\t<span class='e-n-accordion-item-title-icon'>\n\t\t\t<span class='e-opened' ><i aria-hidden=\"true\" class=\"icon icon-minus\"><\/i><\/span>\n\t\t\t<span class='e-closed'><i aria-hidden=\"true\" class=\"icon icon-plus\"><\/i><\/span>\n\t\t<\/span>\n\n\t\t\t\t\t\t<\/summary>\n\t\t\t\t<div role=\"region\" aria-labelledby=\"e-n-accordion-item-1660\" class=\"elementor-element elementor-element-18be771 e-flex e-con-boxed e-con e-child\" data-id=\"18be771\" data-element_type=\"container\" data-e-type=\"container\">\n\t\t\t\t\t<div class=\"e-con-inner\">\n\t\t\t\t<div class=\"elementor-element elementor-element-db4fbee elementor-widget elementor-widget-text-editor\" data-id=\"db4fbee\" data-element_type=\"widget\" data-e-type=\"widget\" data-widget_type=\"text-editor.default\">\n\t\t\t\t\t\t\t\t\t<p>M\u00e1te pr\u00e1vo na p\u0159\u00edstup k va\u0161im osobn\u00edm \u00fadaj\u016fm, jejich opravu, v\u00fdmaz nebo omezen\u00ed zpracov\u00e1n\u00ed. Pokud budete cht\u00edt z\u00edskat informace o va\u0161ich osobn\u00edch \u00fadaj\u00edch, kter\u00e9 zpracov\u00e1v\u00e1m nebo je chcete zm\u011bnit \u010di smazat, m\u016f\u017eete m\u011b kontaktovat na e-mailov\u00e9 adrese <a>info@kk-webdesign.eu<\/a>. D\u00e1le m\u00e1te pr\u00e1vo:<\/p>\n<ul class=\"wp-block-list\">\n<li>Po\u017e\u00e1dat o kopii va\u0161ich osobn\u00edch \u00fadaj\u016f ve form\u00e1tu PDF.<\/li>\n<li>Po\u017e\u00e1dat o opravu nep\u0159esn\u00fdch nebo ne\u00fapln\u00fdch \u00fadaj\u016f.<\/li>\n<li>Po\u017e\u00e1dat o v\u00fdmaz \u00fadaj\u016f, pokud ji\u017e nejsou pot\u0159ebn\u00e9 pro \u00fa\u010del, pro kter\u00fd byly zpracov\u00e1v\u00e1ny.<\/li>\n<li>Podat st\u00ed\u017enost u \u00da\u0159adu pro ochranu osobn\u00edch \u00fadaj\u016f, pokud se domn\u00edv\u00e1te, \u017ee bylo poru\u0161eno va\u0161e pr\u00e1vo na ochranu osobn\u00edch \u00fadaj\u016f.<\/li>\n<\/ul>\t\t\t\t\t\t\t\t<\/div>\n\t\t\t\t\t<\/div>\n\t\t\t\t<\/div>\n\t\t\t\t\t<\/details>\n\t\t\t\t\t<\/div>\n\t\t\t\t\t\t<\/div>\n\t\t\t\t\t<\/div>\n\t\t\t\t<\/div>\n\t\t\t\t<\/div>\n\t\t","protected":false},"excerpt":{"rendered":"<p>? DOKUMENTY Ochrana osobn\u00edch \u00fadaj\u016f Zaru\u010duji bezpe\u010dnost a ochranu va\u0161ich osobn\u00edch \u00fadaj\u016f v souladu s platn\u00fdmi pr\u00e1vn\u00edmi p\u0159edpisy, aby va\u0161e data byla v bezpe\u010d\u00ed p\u0159i ka\u017ed\u00e9m kroku na m\u00e9m webu. Zpracov\u00e1n\u00ed osobn\u00edch \u00fadaj\u016f Kdy\u017e vyu\u017e\u00edv\u00e1te m\u00e9 slu\u017eby, sv\u011b\u0159ujete mi sv\u00e9 osobn\u00ed \u00fadaje, kter\u00e9 zpracov\u00e1v\u00e1m s maxim\u00e1ln\u00ed p\u00e9\u010d\u00ed. Tyto z\u00e1sady zpracov\u00e1n\u00ed osobn\u00edch \u00fadaj\u016f plat\u00ed pro v\u0161echny [&hellip;]<\/p>\n","protected":false},"author":1,"featured_media":0,"parent":0,"menu_order":0,"comment_status":"closed","ping_status":"open","template":"","meta":{"_acf_changed":false,"footnotes":""},"class_list":["post-3","page","type-page","status-publish","hentry"],"acf":[],"_links":{"self":[{"href":"https:\/\/web.kkwebdesign.cz\/index.php?rest_route=\/wp\/v2\/pages\/3","targetHints":{"allow":["GET"]}}],"collection":[{"href":"https:\/\/web.kkwebdesign.cz\/index.php?rest_route=\/wp\/v2\/pages"}],"about":[{"href":"https:\/\/web.kkwebdesign.cz\/index.php?rest_route=\/wp\/v2\/types\/page"}],"author":[{"embeddable":true,"href":"https:\/\/web.kkwebdesign.cz\/index.php?rest_route=\/wp\/v2\/users\/1"}],"replies":[{"embeddable":true,"href":"https:\/\/web.kkwebdesign.cz\/index.php?rest_route=%2Fwp%2Fv2%2Fcomments&post=3"}],"version-history":[{"count":0,"href":"https:\/\/web.kkwebdesign.cz\/index.php?rest_route=\/wp\/v2\/pages\/3\/revisions"}],"wp:attachment":[{"href":"https:\/\/web.kkwebdesign.cz\/index.php?rest_route=%2Fwp%2Fv2%2Fmedia&parent=3"}],"curies":[{"name":"wp","href":"https:\/\/api.w.org\/{rel}","templated":true}]}}