{"id":2114,"date":"2025-01-22T19:30:25","date_gmt":"2025-01-22T19:30:25","guid":{"rendered":"https:\/\/www.kk-webdesign.eu\/?page_id=2114"},"modified":"2026-02-04T12:10:34","modified_gmt":"2026-02-04T12:10:34","slug":"zasady-cookies","status":"publish","type":"page","link":"https:\/\/web.kkwebdesign.cz\/?page_id=2114","title":{"rendered":"Z\u00e1sady cookies"},"content":{"rendered":"\t\t<div data-elementor-type=\"wp-page\" data-elementor-id=\"2114\" class=\"elementor elementor-2114\">\n\t\t\t\t<div class=\"elementor-element elementor-element-406452c e-con-full e-flex e-con e-parent\" data-id=\"406452c\" data-element_type=\"container\" data-e-type=\"container\" data-settings=\"{&quot;background_background&quot;:&quot;gradient&quot;}\">\n\t\t<div class=\"elementor-element elementor-element-bea3321 e-flex e-con-boxed elementor-invisible e-con e-child\" data-id=\"bea3321\" data-element_type=\"container\" data-e-type=\"container\" data-settings=\"{&quot;animation&quot;:&quot;slideInUp&quot;,&quot;animation_delay&quot;:150}\">\n\t\t\t\t\t<div class=\"e-con-inner\">\n\t\t<div class=\"elementor-element elementor-element-e211c83 e-flex e-con-boxed e-con e-child\" data-id=\"e211c83\" data-element_type=\"container\" data-e-type=\"container\">\n\t\t\t\t\t<div class=\"e-con-inner\">\n\t\t\t\t<div class=\"elementor-element elementor-element-2c8714e elementor-widget elementor-widget-heading\" data-id=\"2c8714e\" data-element_type=\"widget\" data-e-type=\"widget\" data-widget_type=\"heading.default\">\n\t\t\t\t\t<div class=\"elementor-heading-title elementor-size-default\">\ud83d\udcc3<\/div>\t\t\t\t<\/div>\n\t\t\t\t<div class=\"elementor-element elementor-element-fd7ba86 elementor-widget elementor-widget-heading\" data-id=\"fd7ba86\" data-element_type=\"widget\" data-e-type=\"widget\" data-widget_type=\"heading.default\">\n\t\t\t\t\t<h2 class=\"elementor-heading-title elementor-size-default\">DOKUMENTY<\/h2>\t\t\t\t<\/div>\n\t\t\t\t\t<\/div>\n\t\t\t\t<\/div>\n\t\t\t\t\t<\/div>\n\t\t\t\t<\/div>\n\t\t\t\t<\/div>\n\t\t<div class=\"elementor-element elementor-element-4503d0d e-flex e-con-boxed elementor-invisible e-con e-parent\" data-id=\"4503d0d\" data-element_type=\"container\" data-e-type=\"container\" data-settings=\"{&quot;animation&quot;:&quot;slideInUp&quot;}\">\n\t\t\t\t\t<div class=\"e-con-inner\">\n\t\t\t\t<div class=\"elementor-element elementor-element-3b345e4 elementor-widget elementor-widget-n-accordion\" data-id=\"3b345e4\" data-element_type=\"widget\" data-e-type=\"widget\" data-settings=\"{&quot;max_items_expended&quot;:&quot;multiple&quot;,&quot;default_state&quot;:&quot;expanded&quot;,&quot;n_accordion_animation_duration&quot;:{&quot;unit&quot;:&quot;ms&quot;,&quot;size&quot;:400,&quot;sizes&quot;:[]}}\" data-widget_type=\"nested-accordion.default\">\n\t\t\t\t\t\t\t<div class=\"e-n-accordion\" aria-label=\"Accordion. Open links with Enter or Space, close with Escape, and navigate with Arrow Keys\">\n\t\t\t\t\t\t<details id=\"e-n-accordion-item-6200\" class=\"e-n-accordion-item\" open>\n\t\t\t\t<summary class=\"e-n-accordion-item-title\" data-accordion-index=\"1\" tabindex=\"0\" aria-expanded=\"true\" aria-controls=\"e-n-accordion-item-6200\" >\n\t\t\t\t\t<span class='e-n-accordion-item-title-header'><div class=\"e-n-accordion-item-title-text\"> Co jsou cookies? <\/div><\/span>\n\t\t\t\t\t\t\t<span class='e-n-accordion-item-title-icon'>\n\t\t\t<span class='e-opened' ><i aria-hidden=\"true\" class=\"icon icon-minus\"><\/i><\/span>\n\t\t\t<span class='e-closed'><i aria-hidden=\"true\" class=\"icon icon-plus\"><\/i><\/span>\n\t\t<\/span>\n\n\t\t\t\t\t\t<\/summary>\n\t\t\t\t<div role=\"region\" aria-labelledby=\"e-n-accordion-item-6200\" class=\"elementor-element elementor-element-d387095 e-con-full e-flex e-con e-child\" data-id=\"d387095\" data-element_type=\"container\" data-e-type=\"container\">\n\t\t\t\t<div class=\"elementor-element elementor-element-f0266c3 elementor-widget elementor-widget-text-editor\" data-id=\"f0266c3\" data-element_type=\"widget\" data-e-type=\"widget\" data-widget_type=\"text-editor.default\">\n\t\t\t\t\t\t\t\t\t<p>Cookies jsou mal\u00e9 textov\u00e9 soubory, kter\u00e9 se ukl\u00e1daj\u00ed na v\u00e1\u0161 po\u010d\u00edta\u010d nebo mobiln\u00ed za\u0159\u00edzen\u00ed p\u0159i n\u00e1v\u0161t\u011bv\u011b webov\u00e9 str\u00e1nky. Tyto soubory umo\u017e\u0148uj\u00ed webov\u00e9 str\u00e1nce rozpoznat va\u0161e za\u0159\u00edzen\u00ed p\u0159i dal\u0161\u00ed n\u00e1v\u0161t\u011bv\u011b a p\u0159izp\u016fsobit obsah va\u0161im preferenc\u00edm.<\/p>\t\t\t\t\t\t\t\t<\/div>\n\t\t\t\t<\/div>\n\t\t\t\t\t<\/details>\n\t\t\t\t\t<\/div>\n\t\t\t\t\t\t<\/div>\n\t\t\t\t<div class=\"elementor-element elementor-element-b5212f2 elementor-widget elementor-widget-n-accordion\" data-id=\"b5212f2\" data-element_type=\"widget\" data-e-type=\"widget\" data-settings=\"{&quot;max_items_expended&quot;:&quot;multiple&quot;,&quot;default_state&quot;:&quot;expanded&quot;,&quot;n_accordion_animation_duration&quot;:{&quot;unit&quot;:&quot;ms&quot;,&quot;size&quot;:400,&quot;sizes&quot;:[]}}\" data-widget_type=\"nested-accordion.default\">\n\t\t\t\t\t\t\t<div class=\"e-n-accordion\" aria-label=\"Accordion. Open links with Enter or Space, close with Escape, and navigate with Arrow Keys\">\n\t\t\t\t\t\t<details id=\"e-n-accordion-item-1890\" class=\"e-n-accordion-item\" open>\n\t\t\t\t<summary class=\"e-n-accordion-item-title\" data-accordion-index=\"1\" tabindex=\"0\" aria-expanded=\"true\" aria-controls=\"e-n-accordion-item-1890\" >\n\t\t\t\t\t<span class='e-n-accordion-item-title-header'><div class=\"e-n-accordion-item-title-text\"> Jak\u00e9 typy cookies pou\u017e\u00edv\u00e1m? <\/div><\/span>\n\t\t\t\t\t\t\t<span class='e-n-accordion-item-title-icon'>\n\t\t\t<span class='e-opened' ><i aria-hidden=\"true\" class=\"icon icon-minus\"><\/i><\/span>\n\t\t\t<span class='e-closed'><i aria-hidden=\"true\" class=\"icon icon-plus\"><\/i><\/span>\n\t\t<\/span>\n\n\t\t\t\t\t\t<\/summary>\n\t\t\t\t<div role=\"region\" aria-labelledby=\"e-n-accordion-item-1890\" class=\"elementor-element elementor-element-40f93c0 e-con-full e-flex e-con e-child\" data-id=\"40f93c0\" data-element_type=\"container\" data-e-type=\"container\">\n\t\t\t\t<div class=\"elementor-element elementor-element-8fa27ef elementor-widget elementor-widget-text-editor\" data-id=\"8fa27ef\" data-element_type=\"widget\" data-e-type=\"widget\" data-widget_type=\"text-editor.default\">\n\t\t\t\t\t\t\t\t\t<ul class=\"wp-block-list\"><li><p>Na m\u00e9m webu vyu\u017e\u00edv\u00e1m tyto typy cookies:<\/p><\/li><li><p><strong>Nezbytn\u00e9 cookies<\/strong>: Tyto cookies jsou kl\u00ed\u010dov\u00e9 pro spr\u00e1vn\u00e9 fungov\u00e1n\u00ed webu a umo\u017e\u0148uj\u00ed z\u00e1kladn\u00ed funkce, jako je navigace na str\u00e1nce.<\/p><\/li><li><p><strong>Analytick\u00e9 cookies<\/strong>: Pom\u00e1haj\u00ed mi pochopit, jak u\u017eivatel\u00e9 pou\u017e\u00edvaj\u00ed n\u00e1\u0161 web, a zlep\u0161ovat tak jeho obsah a funk\u010dnost.<\/p><\/li><li><p><strong>Marketingov\u00e9 cookies<\/strong>: Umo\u017e\u0148uj\u00ed personalizaci obsahu a reklamy na z\u00e1klad\u011b va\u0161ich z\u00e1jm\u016f.<\/p><\/li><li><p><strong>Funk\u010dn\u00ed cookies<\/strong>: Tyto cookies si pamatuj\u00ed va\u0161e volby (nap\u0159\u00edklad jazykov\u00e9 nastaven\u00ed) a zaji\u0161\u0165uj\u00ed tak personalizovan\u011bj\u0161\u00ed u\u017eivatelskou zku\u0161enost.<\/p><\/li><\/ul>\t\t\t\t\t\t\t\t<\/div>\n\t\t\t\t<\/div>\n\t\t\t\t\t<\/details>\n\t\t\t\t\t<\/div>\n\t\t\t\t\t\t<\/div>\n\t\t\t\t<div class=\"elementor-element elementor-element-fd6d3c6 elementor-widget elementor-widget-n-accordion\" data-id=\"fd6d3c6\" data-element_type=\"widget\" data-e-type=\"widget\" data-settings=\"{&quot;max_items_expended&quot;:&quot;multiple&quot;,&quot;default_state&quot;:&quot;expanded&quot;,&quot;n_accordion_animation_duration&quot;:{&quot;unit&quot;:&quot;ms&quot;,&quot;size&quot;:400,&quot;sizes&quot;:[]}}\" data-widget_type=\"nested-accordion.default\">\n\t\t\t\t\t\t\t<div class=\"e-n-accordion\" aria-label=\"Accordion. Open links with Enter or Space, close with Escape, and navigate with Arrow Keys\">\n\t\t\t\t\t\t<details id=\"e-n-accordion-item-2650\" class=\"e-n-accordion-item\" open>\n\t\t\t\t<summary class=\"e-n-accordion-item-title\" data-accordion-index=\"1\" tabindex=\"0\" aria-expanded=\"true\" aria-controls=\"e-n-accordion-item-2650\" >\n\t\t\t\t\t<span class='e-n-accordion-item-title-header'><div class=\"e-n-accordion-item-title-text\"> Jak m\u016f\u017eete cookies spravovat? <\/div><\/span>\n\t\t\t\t\t\t\t<span class='e-n-accordion-item-title-icon'>\n\t\t\t<span class='e-opened' ><i aria-hidden=\"true\" class=\"icon icon-minus\"><\/i><\/span>\n\t\t\t<span class='e-closed'><i aria-hidden=\"true\" class=\"icon icon-plus\"><\/i><\/span>\n\t\t<\/span>\n\n\t\t\t\t\t\t<\/summary>\n\t\t\t\t<div role=\"region\" aria-labelledby=\"e-n-accordion-item-2650\" class=\"elementor-element elementor-element-42ee206 e-con-full e-flex e-con e-child\" data-id=\"42ee206\" data-element_type=\"container\" data-e-type=\"container\">\n\t\t\t\t<div class=\"elementor-element elementor-element-ab10b02 elementor-widget elementor-widget-text-editor\" data-id=\"ab10b02\" data-element_type=\"widget\" data-e-type=\"widget\" data-widget_type=\"text-editor.default\">\n\t\t\t\t\t\t\t\t\t<p>P\u0159i prvn\u00ed n\u00e1v\u0161t\u011bv\u011b m\u00e9ho webu m\u00e1te mo\u017enost vyj\u00e1d\u0159it sv\u016fj souhlas s pou\u017e\u00edv\u00e1n\u00edm cookies prost\u0159ednictv\u00edm cookie li\u0161ty. Sv\u016fj v\u00fdb\u011br m\u016f\u017eete kdykoliv zm\u011bnit nebo spravovat v nastaven\u00ed va\u0161eho prohl\u00ed\u017ee\u010de.<\/p><ul><li>Pro blokov\u00e1n\u00ed cookies m\u016f\u017eete nastavit sv\u016fj prohl\u00ed\u017ee\u010d tak, aby v\u0161echny cookies odm\u00edtal nebo v\u00e1s upozornil p\u0159i jejich ukl\u00e1d\u00e1n\u00ed.<\/li><li>Pamatujte, \u017ee vypnut\u00ed n\u011bkter\u00fdch cookies m\u016f\u017ee ovlivnit funk\u010dnost webu.<\/li><\/ul>\t\t\t\t\t\t\t\t<\/div>\n\t\t\t\t<\/div>\n\t\t\t\t\t<\/details>\n\t\t\t\t\t<\/div>\n\t\t\t\t\t\t<\/div>\n\t\t\t\t\t<\/div>\n\t\t\t\t<\/div>\n\t\t\t\t<\/div>\n\t\t","protected":false},"excerpt":{"rendered":"<p>\ud83d\udcc3 DOKUMENTY Z\u00e1sady cookies Moje webov\u00e1 str\u00e1nka pou\u017e\u00edv\u00e1 cookies, aby v\u00e1m poskytla co nejlep\u0161\u00ed u\u017eivatelskou zku\u0161enost a zajistila spr\u00e1vn\u00e9 fungov\u00e1n\u00ed na\u0161ich slu\u017eeb. Co jsou cookies? Cookies jsou mal\u00e9 textov\u00e9 soubory, kter\u00e9 se ukl\u00e1daj\u00ed na v\u00e1\u0161 po\u010d\u00edta\u010d nebo mobiln\u00ed za\u0159\u00edzen\u00ed p\u0159i n\u00e1v\u0161t\u011bv\u011b webov\u00e9 str\u00e1nky. Tyto soubory umo\u017e\u0148uj\u00ed webov\u00e9 str\u00e1nce rozpoznat va\u0161e za\u0159\u00edzen\u00ed p\u0159i dal\u0161\u00ed n\u00e1v\u0161t\u011bv\u011b a [&hellip;]<\/p>\n","protected":false},"author":1,"featured_media":0,"parent":0,"menu_order":0,"comment_status":"closed","ping_status":"closed","template":"","meta":{"_acf_changed":false,"footnotes":""},"class_list":["post-2114","page","type-page","status-publish","hentry"],"acf":[],"_links":{"self":[{"href":"https:\/\/web.kkwebdesign.cz\/index.php?rest_route=\/wp\/v2\/pages\/2114","targetHints":{"allow":["GET"]}}],"collection":[{"href":"https:\/\/web.kkwebdesign.cz\/index.php?rest_route=\/wp\/v2\/pages"}],"about":[{"href":"https:\/\/web.kkwebdesign.cz\/index.php?rest_route=\/wp\/v2\/types\/page"}],"author":[{"embeddable":true,"href":"https:\/\/web.kkwebdesign.cz\/index.php?rest_route=\/wp\/v2\/users\/1"}],"replies":[{"embeddable":true,"href":"https:\/\/web.kkwebdesign.cz\/index.php?rest_route=%2Fwp%2Fv2%2Fcomments&post=2114"}],"version-history":[{"count":0,"href":"https:\/\/web.kkwebdesign.cz\/index.php?rest_route=\/wp\/v2\/pages\/2114\/revisions"}],"wp:attachment":[{"href":"https:\/\/web.kkwebdesign.cz\/index.php?rest_route=%2Fwp%2Fv2%2Fmedia&parent=2114"}],"curies":[{"name":"wp","href":"https:\/\/api.w.org\/{rel}","templated":true}]}}