{"id":1424,"date":"2025-01-09T21:47:19","date_gmt":"2025-01-09T21:47:19","guid":{"rendered":"https:\/\/www.kk-webdesign.eu\/?page_id=1424"},"modified":"2026-02-04T13:25:39","modified_gmt":"2026-02-04T13:25:39","slug":"o-mne","status":"publish","type":"page","link":"https:\/\/web.kkwebdesign.cz\/?page_id=1424","title":{"rendered":"O mn\u011b"},"content":{"rendered":"\t\t<div data-elementor-type=\"wp-page\" data-elementor-id=\"1424\" class=\"elementor elementor-1424\">\n\t\t\t\t<div class=\"elementor-element elementor-element-c223680 e-con-full e-flex e-con e-parent\" data-id=\"c223680\" data-element_type=\"container\" data-e-type=\"container\" data-settings=\"{&quot;background_background&quot;:&quot;gradient&quot;}\">\n\t\t<div class=\"elementor-element elementor-element-1cd31b90 e-flex e-con-boxed elementor-invisible e-con e-child\" data-id=\"1cd31b90\" data-element_type=\"container\" data-e-type=\"container\" data-settings=\"{&quot;animation&quot;:&quot;slideInUp&quot;,&quot;animation_delay&quot;:150}\">\n\t\t\t\t\t<div class=\"e-con-inner\">\n\t\t<div class=\"elementor-element elementor-element-60686991 e-con-full e-flex e-con e-child\" data-id=\"60686991\" data-element_type=\"container\" data-e-type=\"container\">\n\t\t\t\t<div class=\"elementor-element elementor-element-1ba28bc1 elementor-widget elementor-widget-heading\" data-id=\"1ba28bc1\" data-element_type=\"widget\" data-e-type=\"widget\" data-widget_type=\"heading.default\">\n\t\t\t\t\t<div class=\"elementor-heading-title elementor-size-default\">\ud83e\ude75<\/div>\t\t\t\t<\/div>\n\t\t\t\t<div class=\"elementor-element elementor-element-70b99893 elementor-widget elementor-widget-heading\" data-id=\"70b99893\" data-element_type=\"widget\" data-e-type=\"widget\" data-widget_type=\"heading.default\">\n\t\t\t\t\t<h2 class=\"elementor-heading-title elementor-size-default\">O mn\u011b<\/h2>\t\t\t\t<\/div>\n\t\t\t\t<\/div>\n\t\t\t\t<div class=\"elementor-element elementor-element-16d7ff9 elementor-widget__width-initial elementor-widget elementor-widget-text-editor\" data-id=\"16d7ff9\" data-element_type=\"widget\" data-e-type=\"widget\" data-widget_type=\"text-editor.default\">\n\t\t\t\t\t\t\t\t\t<p>S m\u00fdmi slu\u017ebami se va\u0161e n\u00e1pady m\u011bn\u00ed v \u00fasp\u011b\u0161n\u00e9 a funk\u010dn\u00ed webov\u00e9 projekty.<\/p>\t\t\t\t\t\t\t\t<\/div>\n\t\t\t\t\t<\/div>\n\t\t\t\t<\/div>\n\t\t\t\t<\/div>\n\t\t<div class=\"elementor-element elementor-element-4a5977fd e-flex e-con-boxed elementor-invisible e-con e-parent\" data-id=\"4a5977fd\" data-element_type=\"container\" data-e-type=\"container\" data-settings=\"{&quot;animation&quot;:&quot;slideInUp&quot;}\">\n\t\t\t\t\t<div class=\"e-con-inner\">\n\t\t<div class=\"elementor-element elementor-element-9bad368 e-flex e-con-boxed e-con e-child\" data-id=\"9bad368\" data-element_type=\"container\" data-e-type=\"container\">\n\t\t\t\t\t<div class=\"e-con-inner\">\n\t\t<div class=\"elementor-element elementor-element-affc3ef e-con-full e-flex e-con e-child\" data-id=\"affc3ef\" data-element_type=\"container\" data-e-type=\"container\" data-settings=\"{&quot;background_background&quot;:&quot;classic&quot;}\">\n\t\t<div class=\"elementor-element elementor-element-7bbcc3d e-con-full e-flex e-con e-child\" data-id=\"7bbcc3d\" data-element_type=\"container\" data-e-type=\"container\">\n\t\t\t\t<div class=\"elementor-element elementor-element-0a2c984 elementor-widget elementor-widget-image\" data-id=\"0a2c984\" data-element_type=\"widget\" data-e-type=\"widget\" data-widget_type=\"image.default\">\n\t\t\t\t\t\t\t\t\t\t\t\t\t\t\t<img fetchpriority=\"high\" decoding=\"async\" width=\"1024\" height=\"890\" src=\"https:\/\/web.kkwebdesign.cz\/wp-content\/uploads\/2025\/03\/photospoh-e1743427920510-1024x890.png\" class=\"attachment-large size-large wp-image-2311\" alt=\"\" srcset=\"https:\/\/web.kkwebdesign.cz\/wp-content\/uploads\/2025\/03\/photospoh-e1743427920510-1024x890.png 1024w, https:\/\/web.kkwebdesign.cz\/wp-content\/uploads\/2025\/03\/photospoh-e1743427920510-300x261.png 300w, https:\/\/web.kkwebdesign.cz\/wp-content\/uploads\/2025\/03\/photospoh-e1743427920510-768x667.png 768w, https:\/\/web.kkwebdesign.cz\/wp-content\/uploads\/2025\/03\/photospoh-e1743427920510.png 1197w\" sizes=\"(max-width: 1024px) 100vw, 1024px\" \/>\t\t\t\t\t\t\t\t\t\t\t\t\t\t\t<\/div>\n\t\t\t\t<\/div>\n\t\t<div class=\"elementor-element elementor-element-3741ed6 e-con-full e-flex e-con e-child\" data-id=\"3741ed6\" data-element_type=\"container\" data-e-type=\"container\">\n\t\t\t\t<div class=\"elementor-element elementor-element-4b400f4 elementor-widget elementor-widget-heading\" data-id=\"4b400f4\" data-element_type=\"widget\" data-e-type=\"widget\" data-widget_type=\"heading.default\">\n\t\t\t\t\t<h2 class=\"elementor-heading-title elementor-size-default\">CEO, founder\u200b<\/h2>\t\t\t\t<\/div>\n\t\t\t\t<div class=\"elementor-element elementor-element-53a65f0 elementor-view-default elementor-widget elementor-widget-icon\" data-id=\"53a65f0\" data-element_type=\"widget\" data-e-type=\"widget\" data-widget_type=\"icon.default\">\n\t\t\t\t\t\t\t<div class=\"elementor-icon-wrapper\">\n\t\t\t<a class=\"elementor-icon\" href=\"https:\/\/www.linkedin.com\/in\/krist\u00fdna-kar\u00e1skov\u00e1-969876226\/\">\n\t\t\t<i aria-hidden=\"true\" class=\"icon icon-linkedin\"><\/i>\t\t\t<\/a>\n\t\t<\/div>\n\t\t\t\t\t\t<\/div>\n\t\t<div class=\"elementor-element elementor-element-89b741e e-con-full e-flex e-con e-child\" data-id=\"89b741e\" data-element_type=\"container\" data-e-type=\"container\">\n\t\t\t\t<div class=\"elementor-element elementor-element-e1d806d elementor-widget elementor-widget-heading\" data-id=\"e1d806d\" data-element_type=\"widget\" data-e-type=\"widget\" data-widget_type=\"heading.default\">\n\t\t\t\t\t<h3 class=\"elementor-heading-title elementor-size-default\">#wordpress<\/h3>\t\t\t\t<\/div>\n\t\t\t\t<div class=\"elementor-element elementor-element-781c782 elementor-widget elementor-widget-heading\" data-id=\"781c782\" data-element_type=\"widget\" data-e-type=\"widget\" data-widget_type=\"heading.default\">\n\t\t\t\t\t<h3 class=\"elementor-heading-title elementor-size-default\">#UI\/UX<\/h3>\t\t\t\t<\/div>\n\t\t\t\t<div class=\"elementor-element elementor-element-bc4ccf6 elementor-widget elementor-widget-heading\" data-id=\"bc4ccf6\" data-element_type=\"widget\" data-e-type=\"widget\" data-widget_type=\"heading.default\">\n\t\t\t\t\t<h3 class=\"elementor-heading-title elementor-size-default\">#shopify<\/h3>\t\t\t\t<\/div>\n\t\t\t\t<div class=\"elementor-element elementor-element-74b92bd elementor-widget elementor-widget-heading\" data-id=\"74b92bd\" data-element_type=\"widget\" data-e-type=\"widget\" data-widget_type=\"heading.default\">\n\t\t\t\t\t<h3 class=\"elementor-heading-title elementor-size-default\">#woocommerce<\/h3>\t\t\t\t<\/div>\n\t\t\t\t<div class=\"elementor-element elementor-element-16d721b elementor-widget elementor-widget-heading\" data-id=\"16d721b\" data-element_type=\"widget\" data-e-type=\"widget\" data-widget_type=\"heading.default\">\n\t\t\t\t\t<h3 class=\"elementor-heading-title elementor-size-default\">#frontend<\/h3>\t\t\t\t<\/div>\n\t\t\t\t<div class=\"elementor-element elementor-element-0714015 elementor-widget elementor-widget-heading\" data-id=\"0714015\" data-element_type=\"widget\" data-e-type=\"widget\" data-widget_type=\"heading.default\">\n\t\t\t\t\t<h3 class=\"elementor-heading-title elementor-size-default\">#backend<\/h3>\t\t\t\t<\/div>\n\t\t\t\t<\/div>\n\t\t\t\t<\/div>\n\t\t\t\t<\/div>\n\t\t<div class=\"elementor-element elementor-element-e8b57b7 e-con-full e-flex e-con e-child\" data-id=\"e8b57b7\" data-element_type=\"container\" data-e-type=\"container\">\n\t\t<div class=\"elementor-element elementor-element-3f16f55 e-con-full e-flex e-con e-child\" data-id=\"3f16f55\" data-element_type=\"container\" data-e-type=\"container\" data-settings=\"{&quot;background_background&quot;:&quot;classic&quot;}\">\n\t\t<div class=\"elementor-element elementor-element-a44adbd e-flex e-con-boxed elementor-invisible e-con e-child\" data-id=\"a44adbd\" data-element_type=\"container\" data-e-type=\"container\" data-settings=\"{&quot;background_background&quot;:&quot;classic&quot;,&quot;animation&quot;:&quot;fadeIn&quot;}\">\n\t\t\t\t\t<div class=\"e-con-inner\">\n\t\t<div class=\"elementor-element elementor-element-14ce4e7 e-con-full e-flex e-con e-child\" data-id=\"14ce4e7\" data-element_type=\"container\" data-e-type=\"container\">\n\t\t\t\t<div class=\"elementor-element elementor-element-6bfdd6c elementor-widget elementor-widget-text-editor\" data-id=\"6bfdd6c\" data-element_type=\"widget\" data-e-type=\"widget\" data-widget_type=\"text-editor.default\">\n\t\t\t\t\t\t\t\t\t<div class=\"elementor-element elementor-element-8783798 elementor-widget elementor-widget-text-editor\" data-id=\"8783798\" data-element_type=\"widget\" data-widget_type=\"text-editor.default\"><div class=\"elementor-widget-container\"><div class=\"flex max-w-full flex-col flex-grow\"><div class=\"min-h-8 text-message flex w-full flex-col items-end gap-2 whitespace-normal break-words text-start [.text-message+&amp;]:mt-5\" dir=\"auto\" data-message-author-role=\"assistant\" data-message-id=\"6d07c630-f1db-4eeb-b3aa-1832383bc091\" data-message-model-slug=\"gpt-4o-mini\"><div class=\"flex w-full flex-col gap-1 empty:hidden first:pt-[3px]\"><div class=\"markdown prose w-full break-words dark:prose-invert light\"><p data-start=\"120\" data-end=\"410\">Jsem senior web developerka a webdesign\u00e9rka s v\u00edce ne\u017e 6 lety praxe v oblasti v\u00fdvoje webov\u00fdch str\u00e1nek, e-shop\u016f a webov\u00fdch aplikac\u00ed. Specializuji se p\u0159edev\u0161\u00edm na WordPress \u0159e\u0161en\u00ed na m\u00edru, modern\u00ed webdesign a technicky propracovan\u00e9 projekty se zam\u011b\u0159en\u00edm na v\u00fdkon, bezpe\u010dnost a \u0161k\u00e1lovatelnost.<\/p><p data-start=\"412\" data-end=\"653\">Ke ka\u017ed\u00e9mu projektu p\u0159istupuji systematicky a strategicky \u2013 od anal\u00fdzy a n\u00e1vrhu struktury a\u017e po samotnou realizaci a dlouhodobou spr\u00e1vu. D\u016fraz kladu na \u010dist\u00fd k\u00f3d, p\u0159ehlednou architekturu, kvalitn\u00ed UI\/UX a re\u00e1ln\u00fd p\u0159\u00ednos pro podnik\u00e1n\u00ed klienta.<\/p><p data-start=\"655\" data-end=\"841\">Nab\u00edz\u00edm individu\u00e1ln\u00ed p\u0159\u00edstup, profesion\u00e1ln\u00ed komunikaci a spolehlivou spolupr\u00e1ci. M\u00fdm c\u00edlem je vytv\u00e1\u0159et stabiln\u00ed, funk\u010dn\u00ed a dlouhodob\u011b udr\u017eiteln\u00e1 digit\u00e1ln\u00ed \u0159e\u0161en\u00ed, kter\u00e1 obstoj\u00ed i v \u010dase.<\/p><\/div><\/div><\/div><\/div><\/div><\/div>\t\t\t\t\t\t\t\t<\/div>\n\t\t\t\t<\/div>\n\t\t\t\t\t<\/div>\n\t\t\t\t<\/div>\n\t\t<div class=\"elementor-element elementor-element-ee81afe e-grid e-con-full elementor-invisible e-con e-child\" data-id=\"ee81afe\" data-element_type=\"container\" data-e-type=\"container\" data-settings=\"{&quot;animation&quot;:&quot;fadeIn&quot;}\">\n\t\t\t\t<\/div>\n\t\t\t\t<\/div>\n\t\t\t\t<\/div>\n\t\t\t\t\t<\/div>\n\t\t\t\t<\/div>\n\t\t\t\t\t<\/div>\n\t\t\t\t<\/div>\n\t\t\t\t<\/div>\n\t\t","protected":false},"excerpt":{"rendered":"<p>\ud83e\ude75 O mn\u011b O mn\u011b S m\u00fdmi slu\u017ebami se va\u0161e n\u00e1pady m\u011bn\u00ed v \u00fasp\u011b\u0161n\u00e9 a funk\u010dn\u00ed webov\u00e9 projekty. CEO, founder\u200b Krist\u00fdna Kar\u00e1skov\u00e1 #wordpress #UI\/UX #shopify #woocommerce #frontend #backend Kdo jsem a jak pracuji Jsem senior web developerka a webdesign\u00e9rka s v\u00edce ne\u017e 6 lety praxe v oblasti v\u00fdvoje webov\u00fdch str\u00e1nek, e-shop\u016f a webov\u00fdch aplikac\u00ed. Specializuji [&hellip;]<\/p>\n","protected":false},"author":1,"featured_media":0,"parent":0,"menu_order":0,"comment_status":"closed","ping_status":"closed","template":"elementor_header_footer","meta":{"_acf_changed":false,"footnotes":""},"class_list":["post-1424","page","type-page","status-publish","hentry"],"acf":[],"_links":{"self":[{"href":"https:\/\/web.kkwebdesign.cz\/index.php?rest_route=\/wp\/v2\/pages\/1424","targetHints":{"allow":["GET"]}}],"collection":[{"href":"https:\/\/web.kkwebdesign.cz\/index.php?rest_route=\/wp\/v2\/pages"}],"about":[{"href":"https:\/\/web.kkwebdesign.cz\/index.php?rest_route=\/wp\/v2\/types\/page"}],"author":[{"embeddable":true,"href":"https:\/\/web.kkwebdesign.cz\/index.php?rest_route=\/wp\/v2\/users\/1"}],"replies":[{"embeddable":true,"href":"https:\/\/web.kkwebdesign.cz\/index.php?rest_route=%2Fwp%2Fv2%2Fcomments&post=1424"}],"version-history":[{"count":0,"href":"https:\/\/web.kkwebdesign.cz\/index.php?rest_route=\/wp\/v2\/pages\/1424\/revisions"}],"wp:attachment":[{"href":"https:\/\/web.kkwebdesign.cz\/index.php?rest_route=%2Fwp%2Fv2%2Fmedia&parent=1424"}],"curies":[{"name":"wp","href":"https:\/\/api.w.org\/{rel}","templated":true}]}}