{"id":1054,"date":"2025-01-05T21:34:48","date_gmt":"2025-01-05T21:34:48","guid":{"rendered":"https:\/\/www.kk-webdesign.eu\/?page_id=1054"},"modified":"2025-01-23T15:12:16","modified_gmt":"2025-01-23T15:12:16","slug":"ke-stazeni","status":"publish","type":"page","link":"https:\/\/web.kkwebdesign.cz\/?page_id=1054","title":{"rendered":"Ke sta\u017een\u00ed"},"content":{"rendered":"\t\t<div data-elementor-type=\"wp-page\" data-elementor-id=\"1054\" class=\"elementor elementor-1054\">\n\t\t\t\t<div class=\"elementor-element elementor-element-28dfa78 e-con-full e-flex e-con e-parent\" data-id=\"28dfa78\" data-element_type=\"container\" data-e-type=\"container\" data-settings=\"{&quot;background_background&quot;:&quot;gradient&quot;}\">\n\t\t<div class=\"elementor-element elementor-element-139f806 e-flex e-con-boxed elementor-invisible e-con e-child\" data-id=\"139f806\" data-element_type=\"container\" data-e-type=\"container\" data-settings=\"{&quot;animation&quot;:&quot;slideInUp&quot;,&quot;animation_delay&quot;:150}\">\n\t\t\t\t\t<div class=\"e-con-inner\">\n\t\t<div class=\"elementor-element elementor-element-cd01768 e-con-full e-flex e-con e-child\" data-id=\"cd01768\" data-element_type=\"container\" data-e-type=\"container\">\n\t\t\t\t<div class=\"elementor-element elementor-element-2025bff elementor-widget elementor-widget-heading\" data-id=\"2025bff\" data-element_type=\"widget\" data-e-type=\"widget\" data-widget_type=\"heading.default\">\n\t\t\t\t\t<div class=\"elementor-heading-title elementor-size-default\">\ud83d\udcc4<\/div>\t\t\t\t<\/div>\n\t\t\t\t<div class=\"elementor-element elementor-element-032057d elementor-widget elementor-widget-heading\" data-id=\"032057d\" data-element_type=\"widget\" data-e-type=\"widget\" data-widget_type=\"heading.default\">\n\t\t\t\t\t<h2 class=\"elementor-heading-title elementor-size-default\">DOKUMENTY<\/h2>\t\t\t\t<\/div>\n\t\t\t\t<\/div>\n\t\t\t\t\t<\/div>\n\t\t\t\t<\/div>\n\t\t\t\t<\/div>\n\t\t<div class=\"elementor-element elementor-element-8d1a912 e-flex e-con-boxed elementor-invisible e-con e-parent\" data-id=\"8d1a912\" data-element_type=\"container\" data-e-type=\"container\" data-settings=\"{&quot;animation&quot;:&quot;slideInUp&quot;}\">\n\t\t\t\t\t<div class=\"e-con-inner\">\n\t\t<div class=\"elementor-element elementor-element-b74f477 e-con-full e-flex e-con e-child\" data-id=\"b74f477\" data-element_type=\"container\" data-e-type=\"container\">\n\t\t\t\t<div class=\"elementor-element elementor-element-e507ded elementor-widget elementor-widget-heading\" data-id=\"e507ded\" data-element_type=\"widget\" data-e-type=\"widget\" data-widget_type=\"heading.default\">\n\t\t\t\t\t<h4 class=\"elementor-heading-title elementor-size-default\"><u>Spolupr\u00e1ce<\/u><\/h4>\t\t\t\t<\/div>\n\t\t<a class=\"elementor-element elementor-element-dd5c8fb e-con-full e-flex e-con e-child\" data-id=\"dd5c8fb\" data-element_type=\"container\" data-e-type=\"container\" data-settings=\"{&quot;background_background&quot;:&quot;classic&quot;}\" href=\"\/wp-content\/uploads\/2024\/12\/Detailni-postup-pri-vyvoji-webu.docx\" target=\"_blank\">\n\t\t<div class=\"elementor-element elementor-element-34cb4a1 e-con-full e-flex e-con e-child\" data-id=\"34cb4a1\" data-element_type=\"container\" data-e-type=\"container\">\n\t\t\t\t<div class=\"elementor-element elementor-element-e1ae241 elementor-view-default elementor-widget elementor-widget-icon\" data-id=\"e1ae241\" data-element_type=\"widget\" data-e-type=\"widget\" data-widget_type=\"icon.default\">\n\t\t\t\t\t\t\t<div class=\"elementor-icon-wrapper\">\n\t\t\t<div class=\"elementor-icon\">\n\t\t\t<i aria-hidden=\"true\" class=\"icon icon-file-2\"><\/i>\t\t\t<\/div>\n\t\t<\/div>\n\t\t\t\t\t\t<\/div>\n\t\t\t\t<div class=\"elementor-element elementor-element-3596bfc elementor-widget elementor-widget-heading\" data-id=\"3596bfc\" data-element_type=\"widget\" data-e-type=\"widget\" data-widget_type=\"heading.default\">\n\t\t\t\t\t<p class=\"elementor-heading-title elementor-size-default\">Detailn\u00ed postup p\u0159i v\u00fdvoji webu<\/p>\t\t\t\t<\/div>\n\t\t\t\t<\/div>\n\t\t\t\t<div class=\"elementor-element elementor-element-c156b82 elementor-view-default elementor-widget elementor-widget-icon\" data-id=\"c156b82\" data-element_type=\"widget\" data-e-type=\"widget\" data-widget_type=\"icon.default\">\n\t\t\t\t\t\t\t<div class=\"elementor-icon-wrapper\">\n\t\t\t<div class=\"elementor-icon\">\n\t\t\t<i aria-hidden=\"true\" class=\"icon icon-download\"><\/i>\t\t\t<\/div>\n\t\t<\/div>\n\t\t\t\t\t\t<\/div>\n\t\t\t\t<\/a>\n\t\t<a class=\"elementor-element elementor-element-4c2cdbe e-con-full e-flex e-con e-child\" data-id=\"4c2cdbe\" data-element_type=\"container\" data-e-type=\"container\" data-settings=\"{&quot;background_background&quot;:&quot;classic&quot;}\" href=\"\/wp-content\/uploads\/2024\/12\/Detailni-postup-pri-vyvoji-webu.docx\" target=\"_blank\">\n\t\t<div class=\"elementor-element elementor-element-2b8fe22 e-con-full e-flex e-con e-child\" data-id=\"2b8fe22\" data-element_type=\"container\" data-e-type=\"container\">\n\t\t\t\t<div class=\"elementor-element elementor-element-3c9820b elementor-view-default elementor-widget elementor-widget-icon\" data-id=\"3c9820b\" data-element_type=\"widget\" data-e-type=\"widget\" data-widget_type=\"icon.default\">\n\t\t\t\t\t\t\t<div class=\"elementor-icon-wrapper\">\n\t\t\t<div class=\"elementor-icon\">\n\t\t\t<i aria-hidden=\"true\" class=\"icon icon-file-2\"><\/i>\t\t\t<\/div>\n\t\t<\/div>\n\t\t\t\t\t\t<\/div>\n\t\t\t\t<div class=\"elementor-element elementor-element-3998225 elementor-widget elementor-widget-heading\" data-id=\"3998225\" data-element_type=\"widget\" data-e-type=\"widget\" data-widget_type=\"heading.default\">\n\t\t\t\t\t<p class=\"elementor-heading-title elementor-size-default\">Detailn\u00ed postup p\u0159i v\u00fdvoji e-shopu<\/p>\t\t\t\t<\/div>\n\t\t\t\t<\/div>\n\t\t\t\t<div class=\"elementor-element elementor-element-46c55c8 elementor-view-default elementor-widget elementor-widget-icon\" data-id=\"46c55c8\" data-element_type=\"widget\" data-e-type=\"widget\" data-widget_type=\"icon.default\">\n\t\t\t\t\t\t\t<div class=\"elementor-icon-wrapper\">\n\t\t\t<div class=\"elementor-icon\">\n\t\t\t<i aria-hidden=\"true\" class=\"icon icon-download\"><\/i>\t\t\t<\/div>\n\t\t<\/div>\n\t\t\t\t\t\t<\/div>\n\t\t\t\t<\/a>\n\t\t<a class=\"elementor-element elementor-element-8920fce e-con-full e-flex e-con e-child\" data-id=\"8920fce\" data-element_type=\"container\" data-e-type=\"container\" data-settings=\"{&quot;background_background&quot;:&quot;classic&quot;}\" href=\"\/wp-content\/uploads\/2024\/12\/Detailni-postup-pri-vyvoji-webu.docx\" target=\"_blank\">\n\t\t<div class=\"elementor-element elementor-element-e71cc58 e-con-full e-flex e-con e-child\" data-id=\"e71cc58\" data-element_type=\"container\" data-e-type=\"container\">\n\t\t\t\t<div class=\"elementor-element elementor-element-e121d71 elementor-view-default elementor-widget elementor-widget-icon\" data-id=\"e121d71\" data-element_type=\"widget\" data-e-type=\"widget\" data-widget_type=\"icon.default\">\n\t\t\t\t\t\t\t<div class=\"elementor-icon-wrapper\">\n\t\t\t<div class=\"elementor-icon\">\n\t\t\t<i aria-hidden=\"true\" class=\"icon icon-file-2\"><\/i>\t\t\t<\/div>\n\t\t<\/div>\n\t\t\t\t\t\t<\/div>\n\t\t\t\t<div class=\"elementor-element elementor-element-24aea24 elementor-widget elementor-widget-heading\" data-id=\"24aea24\" data-element_type=\"widget\" data-e-type=\"widget\" data-widget_type=\"heading.default\">\n\t\t\t\t\t<p class=\"elementor-heading-title elementor-size-default\">Detailn\u00ed postup p\u0159i v\u00fdvoji aplikace<\/p>\t\t\t\t<\/div>\n\t\t\t\t<\/div>\n\t\t\t\t<div class=\"elementor-element elementor-element-c86f4c1 elementor-view-default elementor-widget elementor-widget-icon\" data-id=\"c86f4c1\" data-element_type=\"widget\" data-e-type=\"widget\" data-widget_type=\"icon.default\">\n\t\t\t\t\t\t\t<div class=\"elementor-icon-wrapper\">\n\t\t\t<div class=\"elementor-icon\">\n\t\t\t<i aria-hidden=\"true\" class=\"icon icon-download\"><\/i>\t\t\t<\/div>\n\t\t<\/div>\n\t\t\t\t\t\t<\/div>\n\t\t\t\t<\/a>\n\t\t\t\t<\/div>\n\t\t<div class=\"elementor-element elementor-element-769df2b e-con-full e-flex e-con e-child\" data-id=\"769df2b\" data-element_type=\"container\" data-e-type=\"container\">\n\t\t\t\t<div class=\"elementor-element elementor-element-9074f86 elementor-widget elementor-widget-heading\" data-id=\"9074f86\" data-element_type=\"widget\" data-e-type=\"widget\" data-widget_type=\"heading.default\">\n\t\t\t\t\t<h4 class=\"elementor-heading-title elementor-size-default\"><u>Manu\u00e1ly<\/u><\/h4>\t\t\t\t<\/div>\n\t\t<a class=\"elementor-element elementor-element-48e189b e-con-full e-flex e-con e-child\" data-id=\"48e189b\" data-element_type=\"container\" data-e-type=\"container\" data-settings=\"{&quot;background_background&quot;:&quot;classic&quot;}\" href=\"\/wp-content\/uploads\/2024\/12\/Detailni-postup-pri-vyvoji-webu.docx\" target=\"_blank\">\n\t\t<div class=\"elementor-element elementor-element-7f4c09c e-con-full e-flex e-con e-child\" data-id=\"7f4c09c\" data-element_type=\"container\" data-e-type=\"container\">\n\t\t\t\t<div class=\"elementor-element elementor-element-4414108 elementor-view-default elementor-widget elementor-widget-icon\" data-id=\"4414108\" data-element_type=\"widget\" data-e-type=\"widget\" data-widget_type=\"icon.default\">\n\t\t\t\t\t\t\t<div class=\"elementor-icon-wrapper\">\n\t\t\t<div class=\"elementor-icon\">\n\t\t\t<i aria-hidden=\"true\" class=\"icon icon-file-2\"><\/i>\t\t\t<\/div>\n\t\t<\/div>\n\t\t\t\t\t\t<\/div>\n\t\t\t\t<div class=\"elementor-element elementor-element-c5e6082 elementor-widget elementor-widget-heading\" data-id=\"c5e6082\" data-element_type=\"widget\" data-e-type=\"widget\" data-widget_type=\"heading.default\">\n\t\t\t\t\t<p class=\"elementor-heading-title elementor-size-default\">Manu\u00e1l na pou\u017e\u00edv\u00e1n\u00ed webu <\/p>\t\t\t\t<\/div>\n\t\t\t\t<\/div>\n\t\t\t\t<div class=\"elementor-element elementor-element-4e91d66 elementor-view-default elementor-widget elementor-widget-icon\" data-id=\"4e91d66\" data-element_type=\"widget\" data-e-type=\"widget\" data-widget_type=\"icon.default\">\n\t\t\t\t\t\t\t<div class=\"elementor-icon-wrapper\">\n\t\t\t<div class=\"elementor-icon\">\n\t\t\t<i aria-hidden=\"true\" class=\"icon icon-download\"><\/i>\t\t\t<\/div>\n\t\t<\/div>\n\t\t\t\t\t\t<\/div>\n\t\t\t\t<\/a>\n\t\t<a class=\"elementor-element elementor-element-680dfb9 e-con-full e-flex e-con e-child\" data-id=\"680dfb9\" data-element_type=\"container\" data-e-type=\"container\" data-settings=\"{&quot;background_background&quot;:&quot;classic&quot;}\" href=\"\/wp-content\/uploads\/2024\/12\/Detailni-postup-pri-vyvoji-webu.docx\" target=\"_blank\">\n\t\t<div class=\"elementor-element elementor-element-f4d87f9 e-con-full e-flex e-con e-child\" data-id=\"f4d87f9\" data-element_type=\"container\" data-e-type=\"container\">\n\t\t\t\t<div class=\"elementor-element elementor-element-3242f95 elementor-view-default elementor-widget elementor-widget-icon\" data-id=\"3242f95\" data-element_type=\"widget\" data-e-type=\"widget\" data-widget_type=\"icon.default\">\n\t\t\t\t\t\t\t<div class=\"elementor-icon-wrapper\">\n\t\t\t<div class=\"elementor-icon\">\n\t\t\t<i aria-hidden=\"true\" class=\"icon icon-file-2\"><\/i>\t\t\t<\/div>\n\t\t<\/div>\n\t\t\t\t\t\t<\/div>\n\t\t\t\t<div class=\"elementor-element elementor-element-9f2f54b elementor-widget elementor-widget-heading\" data-id=\"9f2f54b\" data-element_type=\"widget\" data-e-type=\"widget\" data-widget_type=\"heading.default\">\n\t\t\t\t\t<p class=\"elementor-heading-title elementor-size-default\">Manu\u00e1l na pou\u017e\u00edv\u00e1n\u00ed e-shopu<\/p>\t\t\t\t<\/div>\n\t\t\t\t<\/div>\n\t\t\t\t<div class=\"elementor-element elementor-element-a9198c0 elementor-view-default elementor-widget elementor-widget-icon\" data-id=\"a9198c0\" data-element_type=\"widget\" data-e-type=\"widget\" data-widget_type=\"icon.default\">\n\t\t\t\t\t\t\t<div class=\"elementor-icon-wrapper\">\n\t\t\t<div class=\"elementor-icon\">\n\t\t\t<i aria-hidden=\"true\" class=\"icon icon-download\"><\/i>\t\t\t<\/div>\n\t\t<\/div>\n\t\t\t\t\t\t<\/div>\n\t\t\t\t<\/a>\n\t\t\t\t<\/div>\n\t\t\t\t\t<\/div>\n\t\t\t\t<\/div>\n\t\t<div class=\"elementor-element elementor-element-2253a21 e-flex e-con-boxed e-con e-parent\" data-id=\"2253a21\" data-element_type=\"container\" data-e-type=\"container\">\n\t\t\t\t\t<div class=\"e-con-inner\">\n\t\t<div class=\"elementor-element elementor-element-b6b51d7 e-con-full e-flex e-con e-child\" data-id=\"b6b51d7\" data-element_type=\"container\" data-e-type=\"container\">\n\t\t\t\t<div class=\"elementor-element elementor-element-fa7ca0d elementor-widget elementor-widget-heading\" data-id=\"fa7ca0d\" data-element_type=\"widget\" data-e-type=\"widget\" data-widget_type=\"heading.default\">\n\t\t\t\t\t<h4 class=\"elementor-heading-title elementor-size-default\"><u>Smlouvy<\/u><\/h4>\t\t\t\t<\/div>\n\t\t<a class=\"elementor-element elementor-element-7f0c2e6 e-con-full e-flex e-con e-child\" data-id=\"7f0c2e6\" data-element_type=\"container\" data-e-type=\"container\" data-settings=\"{&quot;background_background&quot;:&quot;classic&quot;}\" href=\"\/wp-content\/uploads\/2024\/12\/Detailni-postup-pri-vyvoji-webu.docx\" target=\"_blank\">\n\t\t<div class=\"elementor-element elementor-element-f0c7aee e-con-full e-flex e-con e-child\" data-id=\"f0c7aee\" data-element_type=\"container\" data-e-type=\"container\">\n\t\t\t\t<div class=\"elementor-element elementor-element-d979f0a elementor-view-default elementor-widget elementor-widget-icon\" data-id=\"d979f0a\" data-element_type=\"widget\" data-e-type=\"widget\" data-widget_type=\"icon.default\">\n\t\t\t\t\t\t\t<div class=\"elementor-icon-wrapper\">\n\t\t\t<div class=\"elementor-icon\">\n\t\t\t<i aria-hidden=\"true\" class=\"icon icon-file-2\"><\/i>\t\t\t<\/div>\n\t\t<\/div>\n\t\t\t\t\t\t<\/div>\n\t\t\t\t<div class=\"elementor-element elementor-element-1df30a6 elementor-widget elementor-widget-heading\" data-id=\"1df30a6\" data-element_type=\"widget\" data-e-type=\"widget\" data-widget_type=\"heading.default\">\n\t\t\t\t\t<p class=\"elementor-heading-title elementor-size-default\">Smlouva o spolupr\u00e1ci - VZOR<\/p>\t\t\t\t<\/div>\n\t\t\t\t<\/div>\n\t\t\t\t<div class=\"elementor-element elementor-element-47f5af0 elementor-view-default elementor-widget elementor-widget-icon\" data-id=\"47f5af0\" data-element_type=\"widget\" data-e-type=\"widget\" data-widget_type=\"icon.default\">\n\t\t\t\t\t\t\t<div class=\"elementor-icon-wrapper\">\n\t\t\t<div class=\"elementor-icon\">\n\t\t\t<i aria-hidden=\"true\" class=\"icon icon-download\"><\/i>\t\t\t<\/div>\n\t\t<\/div>\n\t\t\t\t\t\t<\/div>\n\t\t\t\t<\/a>\n\t\t<a class=\"elementor-element elementor-element-acdd55e e-con-full e-flex e-con e-child\" data-id=\"acdd55e\" data-element_type=\"container\" data-e-type=\"container\" data-settings=\"{&quot;background_background&quot;:&quot;classic&quot;}\" href=\"\/wp-content\/uploads\/2024\/12\/Detailni-postup-pri-vyvoji-webu.docx\" target=\"_blank\">\n\t\t<div class=\"elementor-element elementor-element-90e71af e-con-full e-flex e-con e-child\" data-id=\"90e71af\" data-element_type=\"container\" data-e-type=\"container\">\n\t\t\t\t<div class=\"elementor-element elementor-element-7c81b28 elementor-view-default elementor-widget elementor-widget-icon\" data-id=\"7c81b28\" data-element_type=\"widget\" data-e-type=\"widget\" data-widget_type=\"icon.default\">\n\t\t\t\t\t\t\t<div class=\"elementor-icon-wrapper\">\n\t\t\t<div class=\"elementor-icon\">\n\t\t\t<i aria-hidden=\"true\" class=\"icon icon-file-2\"><\/i>\t\t\t<\/div>\n\t\t<\/div>\n\t\t\t\t\t\t<\/div>\n\t\t\t\t<div class=\"elementor-element elementor-element-bd23c8a elementor-widget elementor-widget-heading\" data-id=\"bd23c8a\" data-element_type=\"widget\" data-e-type=\"widget\" data-widget_type=\"heading.default\">\n\t\t\t\t\t<p class=\"elementor-heading-title elementor-size-default\">Smlouva o d\u00edlo - VZOR<\/p>\t\t\t\t<\/div>\n\t\t\t\t<\/div>\n\t\t\t\t<div class=\"elementor-element elementor-element-3f69a1f elementor-view-default elementor-widget elementor-widget-icon\" data-id=\"3f69a1f\" data-element_type=\"widget\" data-e-type=\"widget\" data-widget_type=\"icon.default\">\n\t\t\t\t\t\t\t<div class=\"elementor-icon-wrapper\">\n\t\t\t<div class=\"elementor-icon\">\n\t\t\t<i aria-hidden=\"true\" class=\"icon icon-download\"><\/i>\t\t\t<\/div>\n\t\t<\/div>\n\t\t\t\t\t\t<\/div>\n\t\t\t\t<\/a>\n\t\t\t\t<\/div>\n\t\t<div class=\"elementor-element elementor-element-a80d2f6 e-con-full e-flex e-con e-child\" data-id=\"a80d2f6\" data-element_type=\"container\" data-e-type=\"container\">\n\t\t\t\t<div class=\"elementor-element elementor-element-2565c19 elementor-widget elementor-widget-heading\" data-id=\"2565c19\" data-element_type=\"widget\" data-e-type=\"widget\" data-widget_type=\"heading.default\">\n\t\t\t\t\t<h4 class=\"elementor-heading-title elementor-size-default\"><u>Dokumenty<\/u><\/h4>\t\t\t\t<\/div>\n\t\t<a class=\"elementor-element elementor-element-4b94538 e-con-full e-flex e-con e-child\" data-id=\"4b94538\" data-element_type=\"container\" data-e-type=\"container\" data-settings=\"{&quot;background_background&quot;:&quot;classic&quot;}\" href=\"\/wp-content\/uploads\/2024\/12\/Detailni-postup-pri-vyvoji-webu.docx\" target=\"_blank\">\n\t\t<div class=\"elementor-element elementor-element-5fdcf06 e-con-full e-flex e-con e-child\" data-id=\"5fdcf06\" data-element_type=\"container\" data-e-type=\"container\">\n\t\t\t\t<div class=\"elementor-element elementor-element-1558ee0 elementor-view-default elementor-widget elementor-widget-icon\" data-id=\"1558ee0\" data-element_type=\"widget\" data-e-type=\"widget\" data-widget_type=\"icon.default\">\n\t\t\t\t\t\t\t<div class=\"elementor-icon-wrapper\">\n\t\t\t<div class=\"elementor-icon\">\n\t\t\t<i aria-hidden=\"true\" class=\"icon icon-file-2\"><\/i>\t\t\t<\/div>\n\t\t<\/div>\n\t\t\t\t\t\t<\/div>\n\t\t\t\t<div class=\"elementor-element elementor-element-b9d83de elementor-widget elementor-widget-heading\" data-id=\"b9d83de\" data-element_type=\"widget\" data-e-type=\"widget\" data-widget_type=\"heading.default\">\n\t\t\t\t\t<p class=\"elementor-heading-title elementor-size-default\">Ochrana osobn\u00edch \u00fadaj\u016f<\/p>\t\t\t\t<\/div>\n\t\t\t\t<\/div>\n\t\t\t\t<div class=\"elementor-element elementor-element-6de0e18 elementor-view-default elementor-widget elementor-widget-icon\" data-id=\"6de0e18\" data-element_type=\"widget\" data-e-type=\"widget\" data-widget_type=\"icon.default\">\n\t\t\t\t\t\t\t<div class=\"elementor-icon-wrapper\">\n\t\t\t<div class=\"elementor-icon\">\n\t\t\t<i aria-hidden=\"true\" class=\"icon icon-download\"><\/i>\t\t\t<\/div>\n\t\t<\/div>\n\t\t\t\t\t\t<\/div>\n\t\t\t\t<\/a>\n\t\t<a class=\"elementor-element elementor-element-f232504 e-con-full e-flex e-con e-child\" data-id=\"f232504\" data-element_type=\"container\" data-e-type=\"container\" data-settings=\"{&quot;background_background&quot;:&quot;classic&quot;}\" href=\"\/wp-content\/uploads\/2024\/12\/Detailni-postup-pri-vyvoji-webu.docx\" target=\"_blank\">\n\t\t<div class=\"elementor-element elementor-element-e1c230f e-con-full e-flex e-con e-child\" data-id=\"e1c230f\" data-element_type=\"container\" data-e-type=\"container\">\n\t\t\t\t<div class=\"elementor-element elementor-element-ce225bb elementor-view-default elementor-widget elementor-widget-icon\" data-id=\"ce225bb\" data-element_type=\"widget\" data-e-type=\"widget\" data-widget_type=\"icon.default\">\n\t\t\t\t\t\t\t<div class=\"elementor-icon-wrapper\">\n\t\t\t<div class=\"elementor-icon\">\n\t\t\t<i aria-hidden=\"true\" class=\"icon icon-file-2\"><\/i>\t\t\t<\/div>\n\t\t<\/div>\n\t\t\t\t\t\t<\/div>\n\t\t\t\t<div class=\"elementor-element elementor-element-464faad elementor-widget elementor-widget-heading\" data-id=\"464faad\" data-element_type=\"widget\" data-e-type=\"widget\" data-widget_type=\"heading.default\">\n\t\t\t\t\t<p class=\"elementor-heading-title elementor-size-default\">Z\u00e1sady pou\u017e\u00edv\u00e1n\u00ed cookies<\/p>\t\t\t\t<\/div>\n\t\t\t\t<\/div>\n\t\t\t\t<div class=\"elementor-element elementor-element-3a8df76 elementor-view-default elementor-widget elementor-widget-icon\" data-id=\"3a8df76\" data-element_type=\"widget\" data-e-type=\"widget\" data-widget_type=\"icon.default\">\n\t\t\t\t\t\t\t<div class=\"elementor-icon-wrapper\">\n\t\t\t<div class=\"elementor-icon\">\n\t\t\t<i aria-hidden=\"true\" class=\"icon icon-download\"><\/i>\t\t\t<\/div>\n\t\t<\/div>\n\t\t\t\t\t\t<\/div>\n\t\t\t\t<\/a>\n\t\t\t\t<\/div>\n\t\t\t\t\t<\/div>\n\t\t\t\t<\/div>\n\t\t\t\t<\/div>\n\t\t","protected":false},"excerpt":{"rendered":"<p>? DOKUMENTY Ke sta\u017een\u00ed U\u017eite\u010dn\u00e9 dokumenty a podklady pro snadnou spolupr\u00e1ci a spr\u00e1vu va\u0161eho webu Spolupr\u00e1ce Detailn\u00ed postup p\u0159i v\u00fdvoji webu Detailn\u00ed postup p\u0159i v\u00fdvoji e-shopu Detailn\u00ed postup p\u0159i v\u00fdvoji aplikace Manu\u00e1ly Manu\u00e1l na pou\u017e\u00edv\u00e1n\u00ed webu Manu\u00e1l na pou\u017e\u00edv\u00e1n\u00ed e-shopu Smlouvy Smlouva o spolupr\u00e1ci &#8211; VZOR Smlouva o d\u00edlo &#8211; VZOR Dokumenty Ochrana osobn\u00edch \u00fadaj\u016f [&hellip;]<\/p>\n","protected":false},"author":1,"featured_media":0,"parent":0,"menu_order":0,"comment_status":"closed","ping_status":"closed","template":"","meta":{"_acf_changed":false,"footnotes":""},"class_list":["post-1054","page","type-page","status-publish","hentry"],"acf":[],"_links":{"self":[{"href":"https:\/\/web.kkwebdesign.cz\/index.php?rest_route=\/wp\/v2\/pages\/1054","targetHints":{"allow":["GET"]}}],"collection":[{"href":"https:\/\/web.kkwebdesign.cz\/index.php?rest_route=\/wp\/v2\/pages"}],"about":[{"href":"https:\/\/web.kkwebdesign.cz\/index.php?rest_route=\/wp\/v2\/types\/page"}],"author":[{"embeddable":true,"href":"https:\/\/web.kkwebdesign.cz\/index.php?rest_route=\/wp\/v2\/users\/1"}],"replies":[{"embeddable":true,"href":"https:\/\/web.kkwebdesign.cz\/index.php?rest_route=%2Fwp%2Fv2%2Fcomments&post=1054"}],"version-history":[{"count":0,"href":"https:\/\/web.kkwebdesign.cz\/index.php?rest_route=\/wp\/v2\/pages\/1054\/revisions"}],"wp:attachment":[{"href":"https:\/\/web.kkwebdesign.cz\/index.php?rest_route=%2Fwp%2Fv2%2Fmedia&parent=1054"}],"curies":[{"name":"wp","href":"https:\/\/api.w.org\/{rel}","templated":true}]}}